{"id":4534,"date":"2026-01-07T19:55:56","date_gmt":"2026-01-07T19:55:56","guid":{"rendered":"https:\/\/mercadohogar.ca\/producto\/estacion-de-energia-portatil-ecoflow-serie-delta-3\/"},"modified":"2026-01-17T22:30:31","modified_gmt":"2026-01-17T22:30:31","slug":"estacion-de-energia-portatil-ecoflow-serie-delta-3","status":"publish","type":"product","link":"https:\/\/mercadohogar.ca\/es\/product\/estacion-de-energia-portatil-ecoflow-serie-delta-3\/","title":{"rendered":"Estaci\u00f3n de energ\u00eda port\u00e1til EcoFlow Serie DELTA 3"},"content":{"rendered":"<p>5 opciones de carga r\u00e1pida. Con una entrada de CA de 1500 W, se carga al 80 % en 40 minutos. La carga solar alcanza el 80 % en 1 hora, el 100 % en 70 minutos. El alternador de 800 W se carga al 80 % en 1 hora, el 100 % en 1,3 horas. El generador inteligente EcoFlow se carga al 80 % en 40 minutos, el 100 % en 56 minutos. La carga h\u00edbrida (CA + solar) tambi\u00e9n alcanza el 80 % en 40 minutos, el 100 % en 56 minutos.     <\/p>\n<div>Duradero y fiable durante 10 a\u00f1os. Alimentado por celdas LiFePO4 (LFP), con 4000 ciclos hasta el 80 %, lo que ofrece un 25 % m\u00e1s de durabilidad que los est\u00e1ndares del sector. Disfrute de una vida \u00fatil de 10 a\u00f1os para el uso diario. La bater\u00eda IP65 proporciona una triple protecci\u00f3n: a prueba de salpicaduras, a prueba de polvo y a prueba de aceite.   <\/div>\n<div>Expansi\u00f3n flexible hasta 5 kWh. La serie DELTA 3 se integra a la perfecci\u00f3n con el ecosistema de EcoFlow, lo que permite a\u00f1adir bater\u00edas DELTA 3, DELTA Pro 3 o DELTA 2 Max. Ampl\u00ede su potencial energ\u00e9tico hasta unos robustos 5 kWh.  <\/div>\n<div>Sistema inteligente de gesti\u00f3n de la energ\u00eda. La aplicaci\u00f3n ofrece alertas de tormentas e interrupciones de 12 horas, recordatorios de bater\u00eda baja\/almacenamiento y un panel de control de uso. Personalice la velocidad de carga, los horarios de energ\u00eda y active el modo de ahorro de energ\u00eda. Con el modo de tiempo de uso (TOU) actualizado, calcule autom\u00e1ticamente los ahorros y optimice los tiempos de carga\/descarga.   <\/div>\n<div>Protecci\u00f3n SAI conmutaci\u00f3n de 10 ms. La DELTA 3 Plus funciona como un verdadero SAI con un tiempo de conmutaci\u00f3n de 10 ms, ideal para NAS, servidores, sistemas POS y copias de seguridad cr\u00edticas, lo que garantiza que no se pierdan datos por apagados inesperados. <\/div>\n<div>Alimente 13 aparatos simult\u00e1neamente. Con abundantes interfaces, alimenta 13 aparatos a la vez, perfecto para emergencias. X-Boost admite aparatos resistivos con demandas de energ\u00eda superiores a 2200 W de forma continua.  <\/div>\n","protected":false},"excerpt":{"rendered":"<p>5 opciones de carga r\u00e1pida. Con una entrada de CA de 1500 W, se carga al 80 % en 40 minutos. La carga solar alcanza el 80 % en 1&hellip;<\/p>\n","protected":false},"featured_media":2467,"template":"","meta":[],"product_brand":[],"product_cat":[997],"product_tag":[],"class_list":{"0":"post-4534","1":"product","2":"type-product","3":"status-publish","4":"has-post-thumbnail","6":"product_cat-generadores-y-soluciones-de-energia-alternativa","7":"product_shipping_class-aerovaradero-dg-grande","9":"first","10":"instock","11":"shipping-taxable","12":"purchasable","13":"product-type-simple"},"_links":{"self":[{"href":"https:\/\/mercadohogar.ca\/es\/wp-json\/wp\/v2\/product\/4534","targetHints":{"allow":["GET"]}}],"collection":[{"href":"https:\/\/mercadohogar.ca\/es\/wp-json\/wp\/v2\/product"}],"about":[{"href":"https:\/\/mercadohogar.ca\/es\/wp-json\/wp\/v2\/types\/product"}],"version-history":[{"count":1,"href":"https:\/\/mercadohogar.ca\/es\/wp-json\/wp\/v2\/product\/4534\/revisions"}],"predecessor-version":[{"id":5463,"href":"https:\/\/mercadohogar.ca\/es\/wp-json\/wp\/v2\/product\/4534\/revisions\/5463"}],"wp:featuredmedia":[{"embeddable":true,"href":"https:\/\/mercadohogar.ca\/es\/wp-json\/wp\/v2\/media\/2467"}],"wp:attachment":[{"href":"https:\/\/mercadohogar.ca\/es\/wp-json\/wp\/v2\/media?parent=4534"}],"wp:term":[{"taxonomy":"product_brand","embeddable":true,"href":"https:\/\/mercadohogar.ca\/es\/wp-json\/wp\/v2\/product_brand?post=4534"},{"taxonomy":"product_cat","embeddable":true,"href":"https:\/\/mercadohogar.ca\/es\/wp-json\/wp\/v2\/product_cat?post=4534"},{"taxonomy":"product_tag","embeddable":true,"href":"https:\/\/mercadohogar.ca\/es\/wp-json\/wp\/v2\/product_tag?post=4534"}],"curies":[{"name":"wp","href":"https:\/\/api.w.org\/{rel}","templated":true}]}}