{"id":4537,"date":"2026-01-07T19:56:10","date_gmt":"2026-01-07T19:56:10","guid":{"rendered":"https:\/\/mercadohogar.ca\/producto\/cargador-de-bateria-de-litio-lifepo4-eco-worthy-de-12-v-24-v-y-20-a\/"},"modified":"2026-01-17T22:22:58","modified_gmt":"2026-01-17T22:22:58","slug":"cargador-de-bateria-de-litio-lifepo4-eco-worthy-de-12-v-24-v-y-20-a","status":"publish","type":"product","link":"https:\/\/mercadohogar.ca\/es\/producto\/cargador-de-bateria-de-litio-lifepo4-eco-worthy-de-12-v-24-v-y-20-a\/","title":{"rendered":"Cargador de bater\u00eda de litio LifePO4 ECO-WORTHY de 12 V\/24 V y 20 A"},"content":{"rendered":"<ul>\n<li><span class=\"a-list-item\">Reconocimiento inteligente de voltaje: Puede reconocer autom\u00e1ticamente el voltaje de la bater\u00eda de 12 V\/24 V, al tiempo que permite la selecci\u00f3n manual de la corriente de carga. La corriente de carga se puede configurar seg\u00fan la capacidad de la bater\u00eda, lo que proporciona un buen soporte para bater\u00edas de diferente capacidad <\/span><\/li>\n<li><span class=\"a-list-item\">Compatible con la mayor\u00eda de los tipos de bater\u00eda: Los modos de carga incluyen LiFePO4, STD, AGM y carga a baja temperatura. Tambi\u00e9n se puede utilizar como un adaptador de CC, con funci\u00f3n de reparaci\u00f3n de bater\u00edas de plomo-\u00e1cido y carga a baja temperatura. <\/span><\/li>\n<li><span class=\"a-list-item\">Funci\u00f3n de activaci\u00f3n de bater\u00eda LiFePO4: El cargador de bater\u00eda inteligente autom\u00e1tico ECO-WORTHY de 12 V\/24 V y 20 A puede activar las bater\u00edas que activan la protecci\u00f3n BMS debido a una descarga excesiva o a la falta de uso a largo plazo. Puede prolongar la vida \u00fatil de la bater\u00eda LiFePO4 para mejorar el rendimiento de la bater\u00eda.  <\/span><\/li>\n<li><span class=\"a-list-item\">Funciones de protecci\u00f3n m\u00faltiple: Los cargadores inteligentes proporcionan m\u00faltiples medidas de protecci\u00f3n, como funciones de protecci\u00f3n contra polaridad inversa, cortocircuito y alta temperatura, material de grado ign\u00edfugo V0 para la carcasa y el cable, con el fin de proteger mejor la seguridad de la bater\u00eda. <\/span><\/li>\n<li><span class=\"a-list-item\">Pantalla LCD: Muestra la energ\u00eda de la bater\u00eda, el SOC, el voltaje, la corriente, las fallas y otra informaci\u00f3n en tiempo real.<\/span><\/li>\n<\/ul>\n","protected":false},"excerpt":{"rendered":"<p>Reconocimiento inteligente de voltaje: Puede reconocer autom\u00e1ticamente el voltaje de la bater\u00eda de 12 V\/24 V, al tiempo que permite la selecci\u00f3n manual de la corriente de carga. La corriente de carga se puede configurar seg\u00fan la capacidad de la bater\u00eda, lo que proporciona un buen soporte para bater\u00edas de diferente capacidad Compatible con la mayor\u00eda de los tipos de [&hellip;]<\/p>\n","protected":false},"featured_media":2419,"template":"","meta":{"_coblocks_attr":"","_coblocks_dimensions":"","_coblocks_responsive_height":"","_coblocks_accordion_ie_support":"","postBodyCss":"","postBodyMargin":[],"postBodyPadding":[],"postBodyBackground":{"backgroundType":"classic","gradient":""}},"product_brand":[],"product_cat":[997],"product_tag":[],"class_list":{"0":"post-4537","1":"product","2":"type-product","3":"status-publish","4":"has-post-thumbnail","6":"product_cat-generadores-y-soluciones-de-energia-alternativa","7":"product_shipping_class-aerovaradero-general","9":"first","10":"instock","11":"taxable","12":"shipping-taxable","13":"purchasable","14":"product-type-simple"},"yoast_head":"<!-- This site is optimized with the Yoast SEO plugin v27.4 - https:\/\/yoast.com\/product\/yoast-seo-wordpress\/ -->\n<title>Cargador de bater\u00eda de litio LifePO4 ECO-WORTHY de 12 V\/24 V y 20 A - Mercado Hogar<\/title>\n<meta name=\"robots\" content=\"index, follow, max-snippet:-1, max-image-preview:large, max-video-preview:-1\" \/>\n<link rel=\"canonical\" href=\"https:\/\/mercadohogar.ca\/es\/producto\/cargador-de-bateria-de-litio-lifepo4-eco-worthy-de-12-v-24-v-y-20-a\/\" \/>\n<meta property=\"og:locale\" content=\"es_ES\" \/>\n<meta property=\"og:type\" content=\"article\" \/>\n<meta property=\"og:title\" content=\"Cargador de bater\u00eda de litio LifePO4 ECO-WORTHY de 12 V\/24 V y 20 A - Mercado Hogar\" \/>\n<meta property=\"og:description\" content=\"Reconocimiento inteligente de voltaje: Puede reconocer autom\u00e1ticamente el voltaje de la bater\u00eda de 12 V\/24 V, al tiempo que permite la selecci\u00f3n manual de la corriente de carga. La corriente de carga se puede configurar seg\u00fan la capacidad de la bater\u00eda, lo que proporciona un buen soporte para bater\u00edas de diferente capacidad Compatible con la mayor\u00eda de los tipos de [&hellip;]\" \/>\n<meta property=\"og:url\" content=\"https:\/\/mercadohogar.ca\/es\/producto\/cargador-de-bateria-de-litio-lifepo4-eco-worthy-de-12-v-24-v-y-20-a\/\" \/>\n<meta property=\"og:site_name\" content=\"Mercado Hogar\" \/>\n<meta property=\"article:modified_time\" content=\"2026-01-17T22:22:58+00:00\" \/>\n<meta property=\"og:image\" content=\"https:\/\/mercadohogar.ca\/wp-content\/uploads\/2026\/01\/wp-image-7692071150.jpg\" \/>\n\t<meta property=\"og:image:width\" content=\"1500\" \/>\n\t<meta property=\"og:image:height\" content=\"1489\" \/>\n\t<meta property=\"og:image:type\" content=\"image\/jpeg\" \/>\n<meta name=\"twitter:card\" content=\"summary_large_image\" \/>\n<meta name=\"twitter:label1\" content=\"Tiempo de lectura\" \/>\n\t<meta name=\"twitter:data1\" content=\"1 minuto\" \/>\n<script type=\"application\/ld+json\" class=\"yoast-schema-graph\">{\"@context\":\"https:\\\/\\\/schema.org\",\"@graph\":[{\"@type\":\"WebPage\",\"@id\":\"https:\\\/\\\/mercadohogar.ca\\\/es\\\/producto\\\/cargador-de-bateria-de-litio-lifepo4-eco-worthy-de-12-v-24-v-y-20-a\\\/\",\"url\":\"https:\\\/\\\/mercadohogar.ca\\\/es\\\/producto\\\/cargador-de-bateria-de-litio-lifepo4-eco-worthy-de-12-v-24-v-y-20-a\\\/\",\"name\":\"Cargador de bater\u00eda de litio LifePO4 ECO-WORTHY de 12 V\\\/24 V y 20 A - Mercado Hogar\",\"isPartOf\":{\"@id\":\"https:\\\/\\\/mercadohogar.ca\\\/es\\\/#website\"},\"primaryImageOfPage\":{\"@id\":\"https:\\\/\\\/mercadohogar.ca\\\/es\\\/producto\\\/cargador-de-bateria-de-litio-lifepo4-eco-worthy-de-12-v-24-v-y-20-a\\\/#primaryimage\"},\"image\":{\"@id\":\"https:\\\/\\\/mercadohogar.ca\\\/es\\\/producto\\\/cargador-de-bateria-de-litio-lifepo4-eco-worthy-de-12-v-24-v-y-20-a\\\/#primaryimage\"},\"thumbnailUrl\":\"https:\\\/\\\/mercadohogar.ca\\\/wp-content\\\/uploads\\\/2026\\\/01\\\/wp-image-7692071150.jpg\",\"datePublished\":\"2026-01-07T19:56:10+00:00\",\"dateModified\":\"2026-01-17T22:22:58+00:00\",\"breadcrumb\":{\"@id\":\"https:\\\/\\\/mercadohogar.ca\\\/es\\\/producto\\\/cargador-de-bateria-de-litio-lifepo4-eco-worthy-de-12-v-24-v-y-20-a\\\/#breadcrumb\"},\"inLanguage\":\"es\",\"potentialAction\":[{\"@type\":\"ReadAction\",\"target\":[\"https:\\\/\\\/mercadohogar.ca\\\/es\\\/producto\\\/cargador-de-bateria-de-litio-lifepo4-eco-worthy-de-12-v-24-v-y-20-a\\\/\"]}]},{\"@type\":\"ImageObject\",\"inLanguage\":\"es\",\"@id\":\"https:\\\/\\\/mercadohogar.ca\\\/es\\\/producto\\\/cargador-de-bateria-de-litio-lifepo4-eco-worthy-de-12-v-24-v-y-20-a\\\/#primaryimage\",\"url\":\"https:\\\/\\\/mercadohogar.ca\\\/wp-content\\\/uploads\\\/2026\\\/01\\\/wp-image-7692071150.jpg\",\"contentUrl\":\"https:\\\/\\\/mercadohogar.ca\\\/wp-content\\\/uploads\\\/2026\\\/01\\\/wp-image-7692071150.jpg\",\"width\":1500,\"height\":1489},{\"@type\":\"BreadcrumbList\",\"@id\":\"https:\\\/\\\/mercadohogar.ca\\\/es\\\/producto\\\/cargador-de-bateria-de-litio-lifepo4-eco-worthy-de-12-v-24-v-y-20-a\\\/#breadcrumb\",\"itemListElement\":[{\"@type\":\"ListItem\",\"position\":1,\"name\":\"Home\",\"item\":\"https:\\\/\\\/mercadohogar.ca\\\/es\\\/\"},{\"@type\":\"ListItem\",\"position\":2,\"name\":\"Tienda\",\"item\":\"https:\\\/\\\/mercadohogar.ca\\\/es\\\/tienda-2\\\/\"},{\"@type\":\"ListItem\",\"position\":3,\"name\":\"Cargador de bater\u00eda de litio LifePO4 ECO-WORTHY de 12 V\\\/24 V y 20 A\"}]},{\"@type\":\"WebSite\",\"@id\":\"https:\\\/\\\/mercadohogar.ca\\\/es\\\/#website\",\"url\":\"https:\\\/\\\/mercadohogar.ca\\\/es\\\/\",\"name\":\"Mercado Hogar\",\"description\":\"Mercado Hogar\",\"publisher\":{\"@id\":\"https:\\\/\\\/mercadohogar.ca\\\/es\\\/#organization\"},\"potentialAction\":[{\"@type\":\"SearchAction\",\"target\":{\"@type\":\"EntryPoint\",\"urlTemplate\":\"https:\\\/\\\/mercadohogar.ca\\\/es\\\/?s={search_term_string}\"},\"query-input\":{\"@type\":\"PropertyValueSpecification\",\"valueRequired\":true,\"valueName\":\"search_term_string\"}}],\"inLanguage\":\"es\"},{\"@type\":\"Organization\",\"@id\":\"https:\\\/\\\/mercadohogar.ca\\\/es\\\/#organization\",\"name\":\"Mercado Hogar\",\"url\":\"https:\\\/\\\/mercadohogar.ca\\\/es\\\/\",\"logo\":{\"@type\":\"ImageObject\",\"inLanguage\":\"es\",\"@id\":\"https:\\\/\\\/mercadohogar.ca\\\/es\\\/#\\\/schema\\\/logo\\\/image\\\/\",\"url\":\"https:\\\/\\\/mercadohogar.ca\\\/wp-content\\\/uploads\\\/2025\\\/12\\\/MH-LOGO.png\",\"contentUrl\":\"https:\\\/\\\/mercadohogar.ca\\\/wp-content\\\/uploads\\\/2025\\\/12\\\/MH-LOGO.png\",\"width\":1200,\"height\":1200,\"caption\":\"Mercado Hogar\"},\"image\":{\"@id\":\"https:\\\/\\\/mercadohogar.ca\\\/es\\\/#\\\/schema\\\/logo\\\/image\\\/\"}}]}<\/script>\n<!-- \/ Yoast SEO plugin. -->","yoast_head_json":{"title":"Cargador de bater\u00eda de litio LifePO4 ECO-WORTHY de 12 V\/24 V y 20 A - Mercado Hogar","robots":{"index":"index","follow":"follow","max-snippet":"max-snippet:-1","max-image-preview":"max-image-preview:large","max-video-preview":"max-video-preview:-1"},"canonical":"https:\/\/mercadohogar.ca\/es\/producto\/cargador-de-bateria-de-litio-lifepo4-eco-worthy-de-12-v-24-v-y-20-a\/","og_locale":"es_ES","og_type":"article","og_title":"Cargador de bater\u00eda de litio LifePO4 ECO-WORTHY de 12 V\/24 V y 20 A - Mercado Hogar","og_description":"Reconocimiento inteligente de voltaje: Puede reconocer autom\u00e1ticamente el voltaje de la bater\u00eda de 12 V\/24 V, al tiempo que permite la selecci\u00f3n manual de la corriente de carga. La corriente de carga se puede configurar seg\u00fan la capacidad de la bater\u00eda, lo que proporciona un buen soporte para bater\u00edas de diferente capacidad Compatible con la mayor\u00eda de los tipos de [&hellip;]","og_url":"https:\/\/mercadohogar.ca\/es\/producto\/cargador-de-bateria-de-litio-lifepo4-eco-worthy-de-12-v-24-v-y-20-a\/","og_site_name":"Mercado Hogar","article_modified_time":"2026-01-17T22:22:58+00:00","og_image":[{"width":1500,"height":1489,"url":"https:\/\/mercadohogar.ca\/wp-content\/uploads\/2026\/01\/wp-image-7692071150.jpg","type":"image\/jpeg"}],"twitter_card":"summary_large_image","twitter_misc":{"Tiempo de lectura":"1 minuto"},"schema":{"@context":"https:\/\/schema.org","@graph":[{"@type":"WebPage","@id":"https:\/\/mercadohogar.ca\/es\/producto\/cargador-de-bateria-de-litio-lifepo4-eco-worthy-de-12-v-24-v-y-20-a\/","url":"https:\/\/mercadohogar.ca\/es\/producto\/cargador-de-bateria-de-litio-lifepo4-eco-worthy-de-12-v-24-v-y-20-a\/","name":"Cargador de bater\u00eda de litio LifePO4 ECO-WORTHY de 12 V\/24 V y 20 A - Mercado Hogar","isPartOf":{"@id":"https:\/\/mercadohogar.ca\/es\/#website"},"primaryImageOfPage":{"@id":"https:\/\/mercadohogar.ca\/es\/producto\/cargador-de-bateria-de-litio-lifepo4-eco-worthy-de-12-v-24-v-y-20-a\/#primaryimage"},"image":{"@id":"https:\/\/mercadohogar.ca\/es\/producto\/cargador-de-bateria-de-litio-lifepo4-eco-worthy-de-12-v-24-v-y-20-a\/#primaryimage"},"thumbnailUrl":"https:\/\/mercadohogar.ca\/wp-content\/uploads\/2026\/01\/wp-image-7692071150.jpg","datePublished":"2026-01-07T19:56:10+00:00","dateModified":"2026-01-17T22:22:58+00:00","breadcrumb":{"@id":"https:\/\/mercadohogar.ca\/es\/producto\/cargador-de-bateria-de-litio-lifepo4-eco-worthy-de-12-v-24-v-y-20-a\/#breadcrumb"},"inLanguage":"es","potentialAction":[{"@type":"ReadAction","target":["https:\/\/mercadohogar.ca\/es\/producto\/cargador-de-bateria-de-litio-lifepo4-eco-worthy-de-12-v-24-v-y-20-a\/"]}]},{"@type":"ImageObject","inLanguage":"es","@id":"https:\/\/mercadohogar.ca\/es\/producto\/cargador-de-bateria-de-litio-lifepo4-eco-worthy-de-12-v-24-v-y-20-a\/#primaryimage","url":"https:\/\/mercadohogar.ca\/wp-content\/uploads\/2026\/01\/wp-image-7692071150.jpg","contentUrl":"https:\/\/mercadohogar.ca\/wp-content\/uploads\/2026\/01\/wp-image-7692071150.jpg","width":1500,"height":1489},{"@type":"BreadcrumbList","@id":"https:\/\/mercadohogar.ca\/es\/producto\/cargador-de-bateria-de-litio-lifepo4-eco-worthy-de-12-v-24-v-y-20-a\/#breadcrumb","itemListElement":[{"@type":"ListItem","position":1,"name":"Home","item":"https:\/\/mercadohogar.ca\/es\/"},{"@type":"ListItem","position":2,"name":"Tienda","item":"https:\/\/mercadohogar.ca\/es\/tienda-2\/"},{"@type":"ListItem","position":3,"name":"Cargador de bater\u00eda de litio LifePO4 ECO-WORTHY de 12 V\/24 V y 20 A"}]},{"@type":"WebSite","@id":"https:\/\/mercadohogar.ca\/es\/#website","url":"https:\/\/mercadohogar.ca\/es\/","name":"Mercado Hogar","description":"Mercado Hogar","publisher":{"@id":"https:\/\/mercadohogar.ca\/es\/#organization"},"potentialAction":[{"@type":"SearchAction","target":{"@type":"EntryPoint","urlTemplate":"https:\/\/mercadohogar.ca\/es\/?s={search_term_string}"},"query-input":{"@type":"PropertyValueSpecification","valueRequired":true,"valueName":"search_term_string"}}],"inLanguage":"es"},{"@type":"Organization","@id":"https:\/\/mercadohogar.ca\/es\/#organization","name":"Mercado Hogar","url":"https:\/\/mercadohogar.ca\/es\/","logo":{"@type":"ImageObject","inLanguage":"es","@id":"https:\/\/mercadohogar.ca\/es\/#\/schema\/logo\/image\/","url":"https:\/\/mercadohogar.ca\/wp-content\/uploads\/2025\/12\/MH-LOGO.png","contentUrl":"https:\/\/mercadohogar.ca\/wp-content\/uploads\/2025\/12\/MH-LOGO.png","width":1200,"height":1200,"caption":"Mercado Hogar"},"image":{"@id":"https:\/\/mercadohogar.ca\/es\/#\/schema\/logo\/image\/"}}]}},"jetpack_sharing_enabled":true,"_links":{"self":[{"href":"https:\/\/mercadohogar.ca\/es\/wp-json\/wp\/v2\/product\/4537","targetHints":{"allow":["GET"]}}],"collection":[{"href":"https:\/\/mercadohogar.ca\/es\/wp-json\/wp\/v2\/product"}],"about":[{"href":"https:\/\/mercadohogar.ca\/es\/wp-json\/wp\/v2\/types\/product"}],"version-history":[{"count":1,"href":"https:\/\/mercadohogar.ca\/es\/wp-json\/wp\/v2\/product\/4537\/revisions"}],"predecessor-version":[{"id":5442,"href":"https:\/\/mercadohogar.ca\/es\/wp-json\/wp\/v2\/product\/4537\/revisions\/5442"}],"wp:featuredmedia":[{"embeddable":true,"href":"https:\/\/mercadohogar.ca\/es\/wp-json\/wp\/v2\/media\/2419"}],"wp:attachment":[{"href":"https:\/\/mercadohogar.ca\/es\/wp-json\/wp\/v2\/media?parent=4537"}],"wp:term":[{"taxonomy":"product_brand","embeddable":true,"href":"https:\/\/mercadohogar.ca\/es\/wp-json\/wp\/v2\/product_brand?post=4537"},{"taxonomy":"product_cat","embeddable":true,"href":"https:\/\/mercadohogar.ca\/es\/wp-json\/wp\/v2\/product_cat?post=4537"},{"taxonomy":"product_tag","embeddable":true,"href":"https:\/\/mercadohogar.ca\/es\/wp-json\/wp\/v2\/product_tag?post=4537"}],"curies":[{"name":"wp","href":"https:\/\/api.w.org\/{rel}","templated":true}]}}