{"id":4544,"date":"2026-01-07T19:56:15","date_gmt":"2026-01-07T19:56:15","guid":{"rendered":"https:\/\/mercadohogar.ca\/producto\/inversor-solar-hibrido-de-6200-w-8200-w-de-48-v-cc-a-240-v-ca-salida-de-fase-dividida\/"},"modified":"2026-01-17T22:08:23","modified_gmt":"2026-01-17T22:08:23","slug":"inversor-solar-hibrido-de-6200-w-8200-w-de-48-v-cc-a-240-v-ca-salida-de-fase-dividida","status":"publish","type":"product","link":"https:\/\/mercadohogar.ca\/es\/product\/inversor-solar-hibrido-de-6200-w-8200-w-de-48-v-cc-a-240-v-ca-salida-de-fase-dividida\/","title":{"rendered":"Inversor solar h\u00edbrido de 6200 W\/8200 W, de 48 V CC a 240 V CA, salida de fase dividida"},"content":{"rendered":"<div>Controlador solar MPPT integrado, inversor de onda sinusoidal pura de baja frecuencia fuera de la red, para plomo-\u00e1cido y litio, 220 V-6200 W<\/div>\n<div>INVERSOR H\u00cdBRIDO SOLAR DE 48 V: El inversor h\u00edbrido tiene un rango de voltaje de entrada del panel solar de 60\/90-450 V CC y una salida de 220-240 V, lo que protege la vida \u00fatil de los aparatos el\u00e9ctricos sin contaminaci\u00f3n electromagn\u00e9tica. Controlador de carga MPPT con una eficiencia de hasta el 99,9 %. <\/div>\n<div>FUNCI\u00d3N: Los inversores solares se utilizan principalmente en la generaci\u00f3n de energ\u00eda fotovoltaica (FV) para convertir la corriente continua (CC) generada por los paneles fotovoltaicos en corriente alterna (CA) para alimentar hogares y negocios. Tambi\u00e9n se puede utilizar en energ\u00eda aut\u00f3noma y almacenamiento de energ\u00eda para satisfacer la demanda de energ\u00eda en diferentes escenarios. <\/div>\n<div>M\u00daLTIPLES PROTECCIONES: 1. El inversor tiene alarma de apagado, protecci\u00f3n contra sobrecarga\/sobrecorriente\/rayos\/bajo voltaje\/cortocircuito; 2. Material de aleaci\u00f3n de aluminio de alta calidad, disipaci\u00f3n de calor eficiente y dise\u00f1o poroso que evitan que el inversor se sobrecaliente durante un funcionamiento prolongado, rendimiento confiable, larga vida \u00fatil; 3. Los puertos de conexi\u00f3n integrados protegen la unidad de los efectos de los factores ambientales.   <\/div>\n<div>CON PANTALLA LCD Y LED: El inversor solar est\u00e1 equipado con una pantalla LCD y tres indicadores LED para mostrar din\u00e1micamente los datos y el estado de funcionamiento. Supervisi\u00f3n del estado de carga a trav\u00e9s de la pantalla: voltaje de entrada\/salida, indicador de capacidad de la bater\u00eda, etc. La supervisi\u00f3n remota WIFI y GPRS para IOS y Android permite a los usuarios supervisar el estado de la energ\u00eda fotovoltaica en cualquier momento y en cualquier lugar a trav\u00e9s de sus tel\u00e9fonos m\u00f3viles o sitios web.  <\/div>\n<p>AMPLIO USO: potencia de salida para veh\u00edculos recreativos, barcos, emergencias dom\u00e9sticas, cobertizos fuera de la red, etc. Ejecute una variedad de cargas dom\u00e9sticas y de oficina, incluidos refrigeradores, televisores, ventiladores y otras cargas de CA. <\/p>\n","protected":false},"excerpt":{"rendered":"<p>Controlador solar MPPT integrado, inversor de onda sinusoidal pura de baja frecuencia fuera de la red, para plomo-\u00e1cido y litio, 220 V-6200 W INVERSOR H\u00cdBRIDO SOLAR DE 48 V: El&hellip;<\/p>\n","protected":false},"featured_media":2281,"template":"","meta":[],"product_brand":[],"product_cat":[997],"product_tag":[],"class_list":{"0":"post-4544","1":"product","2":"type-product","3":"status-publish","4":"has-post-thumbnail","6":"product_cat-generadores-y-soluciones-de-energia-alternativa","7":"product_shipping_class-aerovaradero-dg-pequeno","9":"first","10":"instock","11":"shipping-taxable","12":"purchasable","13":"product-type-simple"},"_links":{"self":[{"href":"https:\/\/mercadohogar.ca\/es\/wp-json\/wp\/v2\/product\/4544","targetHints":{"allow":["GET"]}}],"collection":[{"href":"https:\/\/mercadohogar.ca\/es\/wp-json\/wp\/v2\/product"}],"about":[{"href":"https:\/\/mercadohogar.ca\/es\/wp-json\/wp\/v2\/types\/product"}],"version-history":[{"count":1,"href":"https:\/\/mercadohogar.ca\/es\/wp-json\/wp\/v2\/product\/4544\/revisions"}],"predecessor-version":[{"id":5433,"href":"https:\/\/mercadohogar.ca\/es\/wp-json\/wp\/v2\/product\/4544\/revisions\/5433"}],"wp:featuredmedia":[{"embeddable":true,"href":"https:\/\/mercadohogar.ca\/es\/wp-json\/wp\/v2\/media\/2281"}],"wp:attachment":[{"href":"https:\/\/mercadohogar.ca\/es\/wp-json\/wp\/v2\/media?parent=4544"}],"wp:term":[{"taxonomy":"product_brand","embeddable":true,"href":"https:\/\/mercadohogar.ca\/es\/wp-json\/wp\/v2\/product_brand?post=4544"},{"taxonomy":"product_cat","embeddable":true,"href":"https:\/\/mercadohogar.ca\/es\/wp-json\/wp\/v2\/product_cat?post=4544"},{"taxonomy":"product_tag","embeddable":true,"href":"https:\/\/mercadohogar.ca\/es\/wp-json\/wp\/v2\/product_tag?post=4544"}],"curies":[{"name":"wp","href":"https:\/\/api.w.org\/{rel}","templated":true}]}}