{"id":4545,"date":"2026-01-07T19:56:12","date_gmt":"2026-01-07T19:56:12","guid":{"rendered":"https:\/\/mercadohogar.ca\/producto\/generador-portatil-de-gasolina-champion-de-9000-vatios-con-mando-a-distancia\/"},"modified":"2026-01-17T22:30:13","modified_gmt":"2026-01-17T22:30:13","slug":"generador-portatil-de-gasolina-champion-de-9000-vatios-con-mando-a-distancia","status":"publish","type":"product","link":"https:\/\/mercadohogar.ca\/es\/product\/generador-portatil-de-gasolina-champion-de-9000-vatios-con-mando-a-distancia\/","title":{"rendered":"Generador port\u00e1til de gasolina Champion de 9000 vatios con mando a distancia"},"content":{"rendered":"<ul>\n<li>Vatios de funcionamiento: 9000 \u2013 Vatios de arranque: 11 250<\/li>\n<li>Arranque el\u00e9ctrico con bot\u00f3n (incluye bater\u00eda de 12 V 14 Ah) y arranque con retroceso<\/li>\n<li>Protecci\u00f3n contra sobretensi\u00f3n y sensor de parada por nivel bajo<\/li>\n<li>Motor Champion OHV de 459 cc con camisa de hierro fundido<\/li>\n<li>CO Shield\u00ae incluido<\/li>\n<li>Funda para el generador incluida<\/li>\n<\/ul>\n","protected":false},"excerpt":{"rendered":"<p>Vatios de funcionamiento: 9000 \u2013 Vatios de arranque: 11 250 Arranque el\u00e9ctrico con bot\u00f3n (incluye bater\u00eda de 12 V 14 Ah) y arranque con retroceso Protecci\u00f3n contra sobretensi\u00f3n y sensor&hellip;<\/p>\n","protected":false},"featured_media":2363,"template":"","meta":[],"product_brand":[],"product_cat":[997],"product_tag":[],"class_list":{"0":"post-4545","1":"product","2":"type-product","3":"status-publish","4":"has-post-thumbnail","6":"product_cat-generadores-y-soluciones-de-energia-alternativa","7":"product_shipping_class-aerovaradero-dg-grande","9":"first","10":"instock","11":"shipping-taxable","12":"purchasable","13":"product-type-simple"},"_links":{"self":[{"href":"https:\/\/mercadohogar.ca\/es\/wp-json\/wp\/v2\/product\/4545","targetHints":{"allow":["GET"]}}],"collection":[{"href":"https:\/\/mercadohogar.ca\/es\/wp-json\/wp\/v2\/product"}],"about":[{"href":"https:\/\/mercadohogar.ca\/es\/wp-json\/wp\/v2\/types\/product"}],"version-history":[{"count":1,"href":"https:\/\/mercadohogar.ca\/es\/wp-json\/wp\/v2\/product\/4545\/revisions"}],"predecessor-version":[{"id":5439,"href":"https:\/\/mercadohogar.ca\/es\/wp-json\/wp\/v2\/product\/4545\/revisions\/5439"}],"wp:featuredmedia":[{"embeddable":true,"href":"https:\/\/mercadohogar.ca\/es\/wp-json\/wp\/v2\/media\/2363"}],"wp:attachment":[{"href":"https:\/\/mercadohogar.ca\/es\/wp-json\/wp\/v2\/media?parent=4545"}],"wp:term":[{"taxonomy":"product_brand","embeddable":true,"href":"https:\/\/mercadohogar.ca\/es\/wp-json\/wp\/v2\/product_brand?post=4545"},{"taxonomy":"product_cat","embeddable":true,"href":"https:\/\/mercadohogar.ca\/es\/wp-json\/wp\/v2\/product_cat?post=4545"},{"taxonomy":"product_tag","embeddable":true,"href":"https:\/\/mercadohogar.ca\/es\/wp-json\/wp\/v2\/product_tag?post=4545"}],"curies":[{"name":"wp","href":"https:\/\/api.w.org\/{rel}","templated":true}]}}