{"id":4546,"date":"2026-01-07T19:56:14","date_gmt":"2026-01-07T19:56:14","guid":{"rendered":"https:\/\/mercadohogar.ca\/producto\/anker-solix-f2000-estacion-de-energia-portatil-powerhouse-767-generador-solar-de-2400-w\/"},"modified":"2026-01-17T22:30:07","modified_gmt":"2026-01-17T22:30:07","slug":"anker-solix-f2000-estacion-de-energia-portatil-powerhouse-767-generador-solar-de-2400-w","status":"publish","type":"product","link":"https:\/\/mercadohogar.ca\/es\/product\/anker-solix-f2000-estacion-de-energia-portatil-powerhouse-767-generador-solar-de-2400-w\/","title":{"rendered":"Anker SOLIX F2000 Estaci\u00f3n de energ\u00eda port\u00e1til, PowerHouse 767, generador solar de 2400 W"},"content":{"rendered":"<p>\u2013 Vida \u00fatil m\u00e1s larga de 10 a\u00f1os: \u2013 Gracias a la tecnolog\u00eda de larga duraci\u00f3n InfiniPower, Anker PowerHouse 767 est\u00e1 dise\u00f1ado para durar m\u00e1s de una d\u00e9cada, incluso con el uso diario.<\/p>\n<div>\u2013 Recarga r\u00e1pida: \u2013 Gracias a la tecnolog\u00eda HyperFlash, Anker PowerHouse 767 se puede cargar del 0 al 80 % en tan solo 1,4 horas.<\/div>\n<p>\u2013 Alimenta hasta 12 dispositivos: \u2013 La salida de 2400 W y un puerto RV exclusivo, 4 puertos de CA, 3 puertos de carga USB-C, 2 puertos USB-A y 2 tomas de coche pueden alimentar casi todos tus dispositivos a la vez. Alimenta dispositivos de alto voltaje de hasta 3600 W sin sobrecargar la estaci\u00f3n de energ\u00eda port\u00e1til gracias a la tecnolog\u00eda SurgePad. <\/p>\n","protected":false},"excerpt":{"rendered":"<p>\u2013 Vida \u00fatil m\u00e1s larga de 10 a\u00f1os: \u2013 Gracias a la tecnolog\u00eda de larga duraci\u00f3n InfiniPower, Anker PowerHouse 767 est\u00e1 dise\u00f1ado para durar m\u00e1s de una d\u00e9cada, incluso con&hellip;<\/p>\n","protected":false},"featured_media":2310,"template":"","meta":[],"product_brand":[],"product_cat":[997],"product_tag":[],"class_list":{"0":"post-4546","1":"product","2":"type-product","3":"status-publish","4":"has-post-thumbnail","6":"product_cat-generadores-y-soluciones-de-energia-alternativa","7":"product_shipping_class-aerovaradero-dg-grande","9":"first","10":"instock","11":"shipping-taxable","12":"purchasable","13":"product-type-simple"},"_links":{"self":[{"href":"https:\/\/mercadohogar.ca\/es\/wp-json\/wp\/v2\/product\/4546","targetHints":{"allow":["GET"]}}],"collection":[{"href":"https:\/\/mercadohogar.ca\/es\/wp-json\/wp\/v2\/product"}],"about":[{"href":"https:\/\/mercadohogar.ca\/es\/wp-json\/wp\/v2\/types\/product"}],"version-history":[{"count":1,"href":"https:\/\/mercadohogar.ca\/es\/wp-json\/wp\/v2\/product\/4546\/revisions"}],"predecessor-version":[{"id":5435,"href":"https:\/\/mercadohogar.ca\/es\/wp-json\/wp\/v2\/product\/4546\/revisions\/5435"}],"wp:featuredmedia":[{"embeddable":true,"href":"https:\/\/mercadohogar.ca\/es\/wp-json\/wp\/v2\/media\/2310"}],"wp:attachment":[{"href":"https:\/\/mercadohogar.ca\/es\/wp-json\/wp\/v2\/media?parent=4546"}],"wp:term":[{"taxonomy":"product_brand","embeddable":true,"href":"https:\/\/mercadohogar.ca\/es\/wp-json\/wp\/v2\/product_brand?post=4546"},{"taxonomy":"product_cat","embeddable":true,"href":"https:\/\/mercadohogar.ca\/es\/wp-json\/wp\/v2\/product_cat?post=4546"},{"taxonomy":"product_tag","embeddable":true,"href":"https:\/\/mercadohogar.ca\/es\/wp-json\/wp\/v2\/product_tag?post=4546"}],"curies":[{"name":"wp","href":"https:\/\/api.w.org\/{rel}","templated":true}]}}