{"id":4547,"date":"2026-01-07T19:56:11","date_gmt":"2026-01-07T19:56:11","guid":{"rendered":"https:\/\/mercadohogar.ca\/producto\/kit-de-energia-solar-eco-worthy-de-1200-w-para-vida-fuera-de-la-red-potencia-de-48-kwh\/"},"modified":"2026-01-17T22:30:17","modified_gmt":"2026-01-17T22:30:17","slug":"kit-de-energia-solar-eco-worthy-de-1200-w-para-vida-fuera-de-la-red-potencia-de-48-kwh","status":"publish","type":"product","link":"https:\/\/mercadohogar.ca\/es\/product\/kit-de-energia-solar-eco-worthy-de-1200-w-para-vida-fuera-de-la-red-potencia-de-48-kwh\/","title":{"rendered":"Kit de energ\u00eda solar ECO-WORTHY de 1200 W para vida fuera de la red, potencia de 4,8 kWh"},"content":{"rendered":"<ul>\n<li>\u2013 Salida ideal: La salida de energ\u00eda diaria ideal es de 4,8 kWh (con 4 horas de luz solar), perfectamente adecuada para el hogar, cobertizo, casa, caba\u00f1a, furgoneta u otra fuente de energ\u00eda de respaldo. Tambi\u00e9n puede proporcionar suficiente energ\u00eda para hacer funcionar televisores, aires acondicionados, calentadores de agua, refrigeradores, cafeteras, microondas y otros dispositivos de CA de 110 V. <\/li>\n<\/ul>\n<div>\u2013 Duradero y con una alta eficiencia de conversi\u00f3n del 21 %: Marco de aluminio de 195 vatios y panel de vidrio templado para un uso prolongado en exteriores, lo que permite que los paneles duren d\u00e9cadas. Dise\u00f1o compacto del panel monocristalino con un tama\u00f1o de 52,6*26,4*1,3 pulgadas. El panel impermeable IP65 tambi\u00e9n puede soportar vientos fuertes (2400 Pa) y cargas de nieve (5400 Pa).<\/div>\n<div>\u2013 Alta capacidad: 2 bater\u00edas de litio de 12 V y 100 Ah, lo suficientemente grandes como para almacenar 2,4 kWh de energ\u00eda. Bater\u00eda de litio de nuevo tipo que tiene una mayor eficiencia de carga\/descarga y m\u00e1s de 3000 ciclos profundos. M\u00e1s de 10 a\u00f1os de vida \u00fatil, mucho m\u00e1s que las bater\u00edas de plomo-\u00e1cido. Con BMS (sistema de gesti\u00f3n de bater\u00eda) incorporado, que evita que la bater\u00eda de litio se sobrecargue, se descargue en exceso, se sobrecaliente y se cortocircuite.   <\/div>\n<div>\u2013 Adecuado para la mayor\u00eda de los electrodom\u00e9sticos: Inversor de carga solar MPPT mejorado, cuya avanzada tecnolog\u00eda de onda sinusoidal pura proporciona una CA estable equivalente a la energ\u00eda de la red, lo que proteger\u00e1 y prolongar\u00e1 la vida \u00fatil de sus aparatos electr\u00f3nicos y electrodom\u00e9sticos. Potencia nominal de 3000 W, pico de 6000 W para el aumento durante el arranque, convierte 24 V CC a 110 V CA. Con controlador solar MPPT de 60 A incorporado, tiene una alta eficiencia de seguimiento de hasta el 99,5 % y una eficiencia de conversi\u00f3n del 98,5 %.  <\/div>\n<h3>Sistema solar completo de 1200 W<\/h3>\n<p>1. 6 paneles solares bifaciales de 195 W pueden generar alrededor de 1200 Wh en una hora mediante 2 series y 3 paralelos. Con 4 horas de sol de media al d\u00eda, este KIT puede generar 4,8 kWh de electricidad al d\u00eda. Esto se denomina GENERACI\u00d3N DE ENERG\u00cdA diaria promedio.  <\/p>\n<p>2. 2 bater\u00edas de litio Bluetooth de 12,8 V y 100 AH, cada una con una capacidad de 100 AH*2*12,8 V=2560 WH, esto se denomina CAPACIDAD DE LA BATER\u00cdA. El c\u00e1lculo de la capacidad de la bater\u00eda no necesita considerar la conexi\u00f3n serie-paralelo. <\/p>\n<p>Este kit es una excelente opci\u00f3n para hogares, caba\u00f1as, talleres, oficinas remotas, cobertizos y otros usos fuera de la red.<\/p>\n<p>Adjuntamos el manual de usuario en nuestra p\u00e1gina, que le ayudar\u00e1 a instalar este sistema.<\/p>\n<p>Este es un sistema solar completo que incluye un inversor de cargador h\u00edbrido y bater\u00edas y todo lo que necesita para la configuraci\u00f3n. No es necesario comprar piezas o accesorios adicionales. <\/p>\n<p>Incluido:<\/p>\n<ul>\n<li>6 * Panel solar bifacial de 195 W<\/li>\n<li>Otros accesorios de cable <\/li>\n<li>2 * Bater\u00eda de litio Bluetooth de 100 AH<\/li>\n<li>1 * Inversor de cargador solar todo en uno de 3000 W 24 V<\/li>\n<li>Voltaje m\u00e1ximo 24 voltios<\/li>\n<li>Potencia m\u00e1xima 4,8 kilovatios<\/li>\n<\/ul>\n","protected":false},"excerpt":{"rendered":"<p>\u2013 Salida ideal: La salida de energ\u00eda diaria ideal es de 4,8 kWh (con 4 horas de luz solar), perfectamente adecuada para el hogar, cobertizo, casa, caba\u00f1a, furgoneta u otra&hellip;<\/p>\n","protected":false},"featured_media":2403,"template":"","meta":[],"product_brand":[],"product_cat":[997],"product_tag":[],"class_list":{"0":"post-4547","1":"product","2":"type-product","3":"status-publish","4":"has-post-thumbnail","6":"product_cat-generadores-y-soluciones-de-energia-alternativa","7":"product_shipping_class-aerovaradero-dg-grande","9":"first","10":"instock","11":"shipping-taxable","12":"purchasable","13":"product-type-simple"},"_links":{"self":[{"href":"https:\/\/mercadohogar.ca\/es\/wp-json\/wp\/v2\/product\/4547","targetHints":{"allow":["GET"]}}],"collection":[{"href":"https:\/\/mercadohogar.ca\/es\/wp-json\/wp\/v2\/product"}],"about":[{"href":"https:\/\/mercadohogar.ca\/es\/wp-json\/wp\/v2\/types\/product"}],"version-history":[{"count":1,"href":"https:\/\/mercadohogar.ca\/es\/wp-json\/wp\/v2\/product\/4547\/revisions"}],"predecessor-version":[{"id":5440,"href":"https:\/\/mercadohogar.ca\/es\/wp-json\/wp\/v2\/product\/4547\/revisions\/5440"}],"wp:featuredmedia":[{"embeddable":true,"href":"https:\/\/mercadohogar.ca\/es\/wp-json\/wp\/v2\/media\/2403"}],"wp:attachment":[{"href":"https:\/\/mercadohogar.ca\/es\/wp-json\/wp\/v2\/media?parent=4547"}],"wp:term":[{"taxonomy":"product_brand","embeddable":true,"href":"https:\/\/mercadohogar.ca\/es\/wp-json\/wp\/v2\/product_brand?post=4547"},{"taxonomy":"product_cat","embeddable":true,"href":"https:\/\/mercadohogar.ca\/es\/wp-json\/wp\/v2\/product_cat?post=4547"},{"taxonomy":"product_tag","embeddable":true,"href":"https:\/\/mercadohogar.ca\/es\/wp-json\/wp\/v2\/product_tag?post=4547"}],"curies":[{"name":"wp","href":"https:\/\/api.w.org\/{rel}","templated":true}]}}