{"id":4548,"date":"2026-01-07T19:56:14","date_gmt":"2026-01-07T19:56:14","guid":{"rendered":"https:\/\/mercadohogar.ca\/producto\/ventilador-a-bateria-ventilador-inalambrico-recargable-con-panel-solar-de-20-w\/"},"modified":"2026-01-17T22:08:28","modified_gmt":"2026-01-17T22:08:28","slug":"ventilador-a-bateria-ventilador-inalambrico-recargable-con-panel-solar-de-20-w","status":"publish","type":"product","link":"https:\/\/mercadohogar.ca\/es\/product\/ventilador-a-bateria-ventilador-inalambrico-recargable-con-panel-solar-de-20-w\/","title":{"rendered":"Ventilador a bater\u00eda, ventilador inal\u00e1mbrico recargable con panel solar de 20 W"},"content":{"rendered":"<p>Dos opciones de carga: puede elegir un panel solar de 20 W o una bater\u00eda de iones de litio de 12000 mAh para cargar el ventilador. Adem\u00e1s, el ventilador est\u00e1 equipado con un puerto de carga USB de 5 V\/1 A para cargar su tel\u00e9fono m\u00f3vil en cualquier momento, lo cual es perfecto para barbacoas, camping, pesca, deportes al aire libre, viajes y otras ocasiones.<\/p>\n<div>Ventilador con velocidades continuas: motor de CC 100 % de cobre incorporado con velocidades continuas para elegir el flujo de aire que desee. La luz indicadora muestra la capacidad de la bater\u00eda en cinco niveles: 20 %, 40 %, 60 %, 80 % y 100 %. Cada luz se apagar\u00e1 a medida que se use la bater\u00eda. La luz del 20 % parpadear\u00e1 cuando est\u00e9 casi sin energ\u00eda.<\/div>\n<div>Adecuado para exteriores: este ventilador para exteriores es recargable e inal\u00e1mbrico, dise\u00f1ado espec\u00edficamente para personas que aman el aire libre. El panel solar resuelve el problema de la carga en exteriores y tambi\u00e9n se puede utilizar como una fuente de alimentaci\u00f3n m\u00f3vil de emergencia para tel\u00e9fonos m\u00f3viles. Perfecto para usar en garajes y exteriores.<\/div>\n<div>Tiempo de espera ultralargo: el ventilador tiene una bater\u00eda de iones de litio de 15000 mAh. El tiempo de funcionamiento a alta velocidad es de aproximadamente 4 horas y el tiempo de funcionamiento a baja velocidad es de 12 horas. El adaptador de 14 W se puede cargar r\u00e1pidamente y se puede cargar por completo en 3-5 horas.<\/div>\n","protected":false},"excerpt":{"rendered":"<p>Dos opciones de carga: puede elegir un panel solar de 20 W o una bater\u00eda de iones de litio de 12000 mAh para cargar el ventilador. Adem\u00e1s, el ventilador est\u00e1&hellip;<\/p>\n","protected":false},"featured_media":2321,"template":"","meta":[],"product_brand":[],"product_cat":[988,997],"product_tag":[],"class_list":{"0":"post-4548","1":"product","2":"type-product","3":"status-publish","4":"has-post-thumbnail","6":"product_cat-electrodomesticos","7":"product_cat-generadores-y-soluciones-de-energia-alternativa","8":"product_shipping_class-aerovaradero-general","10":"first","11":"instock","12":"shipping-taxable","13":"purchasable","14":"product-type-simple"},"_links":{"self":[{"href":"https:\/\/mercadohogar.ca\/es\/wp-json\/wp\/v2\/product\/4548","targetHints":{"allow":["GET"]}}],"collection":[{"href":"https:\/\/mercadohogar.ca\/es\/wp-json\/wp\/v2\/product"}],"about":[{"href":"https:\/\/mercadohogar.ca\/es\/wp-json\/wp\/v2\/types\/product"}],"version-history":[{"count":1,"href":"https:\/\/mercadohogar.ca\/es\/wp-json\/wp\/v2\/product\/4548\/revisions"}],"predecessor-version":[{"id":5436,"href":"https:\/\/mercadohogar.ca\/es\/wp-json\/wp\/v2\/product\/4548\/revisions\/5436"}],"wp:featuredmedia":[{"embeddable":true,"href":"https:\/\/mercadohogar.ca\/es\/wp-json\/wp\/v2\/media\/2321"}],"wp:attachment":[{"href":"https:\/\/mercadohogar.ca\/es\/wp-json\/wp\/v2\/media?parent=4548"}],"wp:term":[{"taxonomy":"product_brand","embeddable":true,"href":"https:\/\/mercadohogar.ca\/es\/wp-json\/wp\/v2\/product_brand?post=4548"},{"taxonomy":"product_cat","embeddable":true,"href":"https:\/\/mercadohogar.ca\/es\/wp-json\/wp\/v2\/product_cat?post=4548"},{"taxonomy":"product_tag","embeddable":true,"href":"https:\/\/mercadohogar.ca\/es\/wp-json\/wp\/v2\/product_tag?post=4548"}],"curies":[{"name":"wp","href":"https:\/\/api.w.org\/{rel}","templated":true}]}}