{"id":4549,"date":"2026-01-07T19:56:11","date_gmt":"2026-01-07T19:56:11","guid":{"rendered":"https:\/\/mercadohogar.ca\/producto\/eco-worthy-12v-100ah-lifepo4\/"},"modified":"2026-01-17T22:30:15","modified_gmt":"2026-01-17T22:30:15","slug":"eco-worthy-12v-100ah-lifepo4","status":"publish","type":"product","link":"https:\/\/mercadohogar.ca\/es\/product\/eco-worthy-12v-100ah-lifepo4\/","title":{"rendered":"ECO-WORTHY 12V 100AH LiFePO4"},"content":{"rendered":"<div>Bluetooth 5.0 inteligente: la bater\u00eda de litio LiFePO4 inteligente ECO-WORTHY 12V 100Ah Grupo 24 incorpora un BMS inteligente actualizado, con acceso al m\u00f3dulo Bluetooth 5.0. La funci\u00f3n Bluetooth le permite supervisar la informaci\u00f3n de la bater\u00eda en tiempo real a trav\u00e9s de la aplicaci\u00f3n ECO-WORTHY y hacer frente f\u00e1cilmente a todo tipo de entornos y situaciones en cualquier momento <\/div>\n<div>Protecci\u00f3n contra baja temperatura: esta bater\u00eda de litio LiFePO4 de 12 V 100 Ah est\u00e1 equipada con protecci\u00f3n de corte por baja temperatura que desconecta autom\u00e1ticamente la bater\u00eda de la carga cuando la temperatura de la celda es inferior a -7 \u2103 (19,4 \u2109) para evitar que las celdas de la bater\u00eda se da\u00f1en. Especialmente dise\u00f1ada para garantizar un uso seguro en el entorno de carga a baja temperatura en invierno. Ampliamente utilizada para veh\u00edculos recreativos, caba\u00f1as, sistemas aislados o embarcaciones en inviernos fr\u00edos  <\/div>\n<div>Tama\u00f1o universal BCI Grupo 24: la nueva bater\u00eda Bluetooth LiFePO4 ECO-WORTHY 12V 100Ah Grupo 24 actualizada se construy\u00f3 bas\u00e1ndose en el tama\u00f1o m\u00e1s com\u00fan del est\u00e1ndar de tama\u00f1o de bater\u00eda BCI \u00abGrupo 24\u00bb. El tama\u00f1o es de 26,04*16,79*21,41 cm. Con un peso de solo 10,5 kg, solo 1\/3 del peso de las bater\u00edas de plomo-\u00e1cido, es un reemplazo perfecto para las bater\u00edas de plomo-\u00e1cido  <\/div>\n<div>BMS de 100 A y celda de grado A: la bater\u00eda ECO-WORTHY de 100 Ah se fabrica con celdas de fosfato de hierro y litio de grado automotriz, que ofrecen una mayor densidad de energ\u00eda, un rendimiento m\u00e1s estable y una mayor potencia. Las celdas dentro de la bater\u00eda est\u00e1n probadas por UL, IEC y certificadas por CE, RoHS, lo que brinda el m\u00e1s alto nivel de seguridad para usted. Tambi\u00e9n tiene un BMS de 100 A incorporado para proteger la bater\u00eda contra sobrecarga, sobre temperatura, sobredescarga, sobrecorriente, baja temperatura y cortocircuito  <\/div>\n<div>M\u00e1x. 20,48 kWh de energ\u00eda: la bater\u00eda de litio ECO-WORTHY de 100 AH admite 4S4P con 1,28 kWh hasta m\u00e1x. 20,48 kWh para que pueda crear f\u00e1cilmente su sistema de bater\u00eda seg\u00fan sus necesidades. Si una de las bater\u00edas del banco funciona mal, puede identificar r\u00e1pidamente el problema a trav\u00e9s de la aplicaci\u00f3n m\u00f3vil. Desp\u00eddase de las conjeturas y la compleja resoluci\u00f3n de problemas. Perfecto para veh\u00edculos recreativos, camping, energ\u00eda solar, almacenamiento de energ\u00eda dom\u00e9stica, etc.     <\/div>\n<p>Sugerencias: Recomendado con el cargador de bater\u00eda inteligente autom\u00e1tico ECO-WORTHY de 12 V 10 A. Cuando el BMS protege completamente la bater\u00eda LiFePO4, el cargador de bater\u00eda ECO-WORTHY puede activar la bater\u00eda, cargarla normalmente y restaurarla al estado de voltaje normal <\/p>\n","protected":false},"excerpt":{"rendered":"<p>Bluetooth 5.0 inteligente: la bater\u00eda de litio LiFePO4 inteligente ECO-WORTHY 12V 100Ah Grupo 24 incorpora un BMS inteligente actualizado, con acceso al m\u00f3dulo Bluetooth 5.0. La funci\u00f3n Bluetooth le permite&hellip;<\/p>\n","protected":false},"featured_media":2414,"template":"","meta":[],"product_brand":[],"product_cat":[997],"product_tag":[],"class_list":{"0":"post-4549","1":"product","2":"type-product","3":"status-publish","4":"has-post-thumbnail","6":"product_cat-generadores-y-soluciones-de-energia-alternativa","7":"product_shipping_class-aerovaradero-dg-grande","9":"first","10":"instock","11":"shipping-taxable","12":"purchasable","13":"product-type-simple"},"_links":{"self":[{"href":"https:\/\/mercadohogar.ca\/es\/wp-json\/wp\/v2\/product\/4549","targetHints":{"allow":["GET"]}}],"collection":[{"href":"https:\/\/mercadohogar.ca\/es\/wp-json\/wp\/v2\/product"}],"about":[{"href":"https:\/\/mercadohogar.ca\/es\/wp-json\/wp\/v2\/types\/product"}],"version-history":[{"count":1,"href":"https:\/\/mercadohogar.ca\/es\/wp-json\/wp\/v2\/product\/4549\/revisions"}],"predecessor-version":[{"id":5441,"href":"https:\/\/mercadohogar.ca\/es\/wp-json\/wp\/v2\/product\/4549\/revisions\/5441"}],"wp:featuredmedia":[{"embeddable":true,"href":"https:\/\/mercadohogar.ca\/es\/wp-json\/wp\/v2\/media\/2414"}],"wp:attachment":[{"href":"https:\/\/mercadohogar.ca\/es\/wp-json\/wp\/v2\/media?parent=4549"}],"wp:term":[{"taxonomy":"product_brand","embeddable":true,"href":"https:\/\/mercadohogar.ca\/es\/wp-json\/wp\/v2\/product_brand?post=4549"},{"taxonomy":"product_cat","embeddable":true,"href":"https:\/\/mercadohogar.ca\/es\/wp-json\/wp\/v2\/product_cat?post=4549"},{"taxonomy":"product_tag","embeddable":true,"href":"https:\/\/mercadohogar.ca\/es\/wp-json\/wp\/v2\/product_tag?post=4549"}],"curies":[{"name":"wp","href":"https:\/\/api.w.org\/{rel}","templated":true}]}}