{"id":4550,"date":"2026-01-07T19:56:13","date_gmt":"2026-01-07T19:56:13","guid":{"rendered":"https:\/\/mercadohogar.ca\/producto\/generador-solar-ac2a-de-bluetti-con-panel-solar-de-100-w-incluido\/"},"modified":"2026-01-17T22:30:11","modified_gmt":"2026-01-17T22:30:11","slug":"generador-solar-ac2a-de-bluetti-con-panel-solar-de-100-w-incluido","status":"publish","type":"product","link":"https:\/\/mercadohogar.ca\/es\/product\/generador-solar-ac2a-de-bluetti-con-panel-solar-de-100-w-incluido\/","title":{"rendered":"Generador solar AC2A de BLUETTI con panel solar de 100 W incluido"},"content":{"rendered":"<p>Aprovecha la energ\u00eda del sol: este kit de generador solar incluye 1 AC2A y 1 panel solar de 100 W. Puedes recargar esta estaci\u00f3n de energ\u00eda de 204 Wh en 2,5-3 horas con energ\u00eda solar gratuita y limpia. <\/p>\n<div>Carga r\u00e1pida: con la carga Turbo de 270 W, la carga del AC2A del 0 % al 80 % tarda solo 40 minutos y el 100 % en 70 minutos. Tambi\u00e9n puedes cargarlo a trav\u00e9s de un panel solar, un coche o una bater\u00eda de plomo-\u00e1cido. <\/div>\n<div>Seguro y duradero: construido con bater\u00edas LiFePO\u2084 y BMS para mayor seguridad y longevidad. El AC2A se puede activar incluso cuando la bater\u00eda se agota, lo que lo convierte en una fuente de energ\u00eda perfecta para situaciones de emergencia. <\/div>\n<div>Control remoto mediante la aplicaci\u00f3n: con la aplicaci\u00f3n BLUETTI, puedes supervisar su estado, configurar el modo de carga\/descarga y realizar una actualizaci\u00f3n OTA en tu tel\u00e9fono. Gesti\u00f3n inteligente de la energ\u00eda simplificada. <\/div>\n","protected":false},"excerpt":{"rendered":"<p>Aprovecha la energ\u00eda del sol: este kit de generador solar incluye 1 AC2A y 1 panel solar de 100 W. Puedes recargar esta estaci\u00f3n de energ\u00eda de 204 Wh en&hellip;<\/p>\n","protected":false},"featured_media":2332,"template":"","meta":[],"product_brand":[],"product_cat":[997],"product_tag":[],"class_list":{"0":"post-4550","1":"product","2":"type-product","3":"status-publish","4":"has-post-thumbnail","6":"product_cat-generadores-y-soluciones-de-energia-alternativa","7":"product_shipping_class-aerovaradero-dg-grande","9":"first","10":"instock","11":"shipping-taxable","12":"purchasable","13":"product-type-simple"},"_links":{"self":[{"href":"https:\/\/mercadohogar.ca\/es\/wp-json\/wp\/v2\/product\/4550","targetHints":{"allow":["GET"]}}],"collection":[{"href":"https:\/\/mercadohogar.ca\/es\/wp-json\/wp\/v2\/product"}],"about":[{"href":"https:\/\/mercadohogar.ca\/es\/wp-json\/wp\/v2\/types\/product"}],"version-history":[{"count":1,"href":"https:\/\/mercadohogar.ca\/es\/wp-json\/wp\/v2\/product\/4550\/revisions"}],"predecessor-version":[{"id":5437,"href":"https:\/\/mercadohogar.ca\/es\/wp-json\/wp\/v2\/product\/4550\/revisions\/5437"}],"wp:featuredmedia":[{"embeddable":true,"href":"https:\/\/mercadohogar.ca\/es\/wp-json\/wp\/v2\/media\/2332"}],"wp:attachment":[{"href":"https:\/\/mercadohogar.ca\/es\/wp-json\/wp\/v2\/media?parent=4550"}],"wp:term":[{"taxonomy":"product_brand","embeddable":true,"href":"https:\/\/mercadohogar.ca\/es\/wp-json\/wp\/v2\/product_brand?post=4550"},{"taxonomy":"product_cat","embeddable":true,"href":"https:\/\/mercadohogar.ca\/es\/wp-json\/wp\/v2\/product_cat?post=4550"},{"taxonomy":"product_tag","embeddable":true,"href":"https:\/\/mercadohogar.ca\/es\/wp-json\/wp\/v2\/product_tag?post=4550"}],"curies":[{"name":"wp","href":"https:\/\/api.w.org\/{rel}","templated":true}]}}