{"id":4552,"date":"2026-01-07T19:56:20","date_gmt":"2026-01-07T19:56:20","guid":{"rendered":"https:\/\/mercadohogar.ca\/producto\/bateria-de-litio-lifepo4-de-12-v-y-300-ah\/"},"modified":"2026-01-17T22:29:59","modified_gmt":"2026-01-17T22:29:59","slug":"bateria-de-litio-lifepo4-de-12-v-y-300-ah","status":"publish","type":"product","link":"https:\/\/mercadohogar.ca\/es\/product\/bateria-de-litio-lifepo4-de-12-v-y-300-ah\/","title":{"rendered":"Bater\u00eda de litio LiFePO4 de 12 V y 300 Ah"},"content":{"rendered":"<ul>\n<li><span class=\"a-list-item\">Bater\u00eda de ciclo profundo de 12 V: La bater\u00eda LiFePO4 de 300 Ah tiene una vida \u00fatil prolongada. La bater\u00eda de 12 V y 300 Ah puede soportar una gran cantidad de ciclos de carga y descarga, a menudo superando los 6000 ciclos hasta el 80 % de profundidad de descarga, lo que supera significativamente a las bater\u00edas de plomo-\u00e1cido tradicionales.  <\/span><\/li>\n<li><span class=\"a-list-item\">Se utiliza para reemplazar la bater\u00eda de plomo-\u00e1cido: La bater\u00eda de litio de 300 amperios hora y 12 V ofrece una mayor densidad de energ\u00eda en comparaci\u00f3n con las bater\u00edas de plomo-\u00e1cido, pero solo tiene 1\/3 del peso de la bater\u00eda de plomo-\u00e1cido con la misma capacidad. Esto significa que la bater\u00eda de litio LiFePO4 de 12 V y 300 Ah puede almacenar m\u00e1s energ\u00eda por unidad de peso y volumen, lo que las hace m\u00e1s eficientes y ahorra espacio para aplicaciones de almacenamiento de energ\u00eda.  <\/span><\/li>\n<li><span class=\"a-list-item\">BMS de protecci\u00f3n m\u00faltiple: La bater\u00eda de 12 voltios y 300 Ah est\u00e1 integrada en un BMS mejorado que proporciona protecci\u00f3n contra la sobrecarga y la sobredescarga, la carga a baja temperatura, la sobrecorriente y el cortocircuito. Adem\u00e1s, cuando el voltaje de la bater\u00eda LiFePO4 de 12 V supera los 14,1 V, el BMS activar\u00e1 el equilibrio autom\u00e1tico para garantizar que todas las bater\u00edas de 12 V est\u00e9n en el mismo estado de carga, lo que ayuda a mejorar el rendimiento de la bater\u00eda. Con caracter\u00edsticas de seguridad s\u00f3lidas, puede usar la bater\u00eda LiFePO4 de 12 V de manera confiable.   <\/span><\/li>\n<li><span class=\"a-list-item\">Ideal para aplicaciones en exteriores: La bater\u00eda de litio de 12 voltios y 300 Ah cuenta con impermeabilidad IP67, lo que permite su uso en condiciones clim\u00e1ticas extremas. Es la elecci\u00f3n perfecta para veh\u00edculos recreativos, almacenamiento de energ\u00eda solar, bater\u00edas industriales, almacenamiento de energ\u00eda residencial y paredes el\u00e9ctricas, aplicaciones marinas, pesca, electr\u00f3nica n\u00e1utica, pesca en hielo, veh\u00edculos recreativos y vida fuera de la red. <\/span><\/li>\n<\/ul>\n","protected":false},"excerpt":{"rendered":"<p>Bater\u00eda de ciclo profundo de 12 V: La bater\u00eda LiFePO4 de 300 Ah tiene una vida \u00fatil prolongada. La bater\u00eda de 12 V y 300 Ah puede soportar una gran&hellip;<\/p>\n","protected":false},"featured_media":2166,"template":"","meta":[],"product_brand":[],"product_cat":[997],"product_tag":[],"class_list":{"0":"post-4552","1":"product","2":"type-product","3":"status-publish","4":"has-post-thumbnail","6":"product_cat-generadores-y-soluciones-de-energia-alternativa","7":"product_shipping_class-aerovaradero-dg-grande","9":"first","10":"instock","11":"shipping-taxable","12":"purchasable","13":"product-type-simple"},"_links":{"self":[{"href":"https:\/\/mercadohogar.ca\/es\/wp-json\/wp\/v2\/product\/4552","targetHints":{"allow":["GET"]}}],"collection":[{"href":"https:\/\/mercadohogar.ca\/es\/wp-json\/wp\/v2\/product"}],"about":[{"href":"https:\/\/mercadohogar.ca\/es\/wp-json\/wp\/v2\/types\/product"}],"version-history":[{"count":1,"href":"https:\/\/mercadohogar.ca\/es\/wp-json\/wp\/v2\/product\/4552\/revisions"}],"predecessor-version":[{"id":5424,"href":"https:\/\/mercadohogar.ca\/es\/wp-json\/wp\/v2\/product\/4552\/revisions\/5424"}],"wp:featuredmedia":[{"embeddable":true,"href":"https:\/\/mercadohogar.ca\/es\/wp-json\/wp\/v2\/media\/2166"}],"wp:attachment":[{"href":"https:\/\/mercadohogar.ca\/es\/wp-json\/wp\/v2\/media?parent=4552"}],"wp:term":[{"taxonomy":"product_brand","embeddable":true,"href":"https:\/\/mercadohogar.ca\/es\/wp-json\/wp\/v2\/product_brand?post=4552"},{"taxonomy":"product_cat","embeddable":true,"href":"https:\/\/mercadohogar.ca\/es\/wp-json\/wp\/v2\/product_cat?post=4552"},{"taxonomy":"product_tag","embeddable":true,"href":"https:\/\/mercadohogar.ca\/es\/wp-json\/wp\/v2\/product_tag?post=4552"}],"curies":[{"name":"wp","href":"https:\/\/api.w.org\/{rel}","templated":true}]}}