{"id":4553,"date":"2026-01-07T19:56:17","date_gmt":"2026-01-07T19:56:17","guid":{"rendered":"https:\/\/mercadohogar.ca\/producto\/panel-solar-portatil-de-400-w-para-estacion-de-energia-cargador-de-paneles-solares-plegables-etfe-de-alta-eficiencia-al-235\/"},"modified":"2026-01-17T22:30:03","modified_gmt":"2026-01-17T22:30:03","slug":"panel-solar-portatil-de-400-w-para-estacion-de-energia-cargador-de-paneles-solares-plegables-etfe-de-alta-eficiencia-al-235","status":"publish","type":"product","link":"https:\/\/mercadohogar.ca\/es\/product\/panel-solar-portatil-de-400-w-para-estacion-de-energia-cargador-de-paneles-solares-plegables-etfe-de-alta-eficiencia-al-235\/","title":{"rendered":"Panel Solar Port\u00e1til de 400 W para Estaci\u00f3n de Energ\u00eda, Cargador de Paneles Solares Plegables ETFE de Alta Eficiencia al 23,5 %"},"content":{"rendered":"<ul>\n<li>Port\u00e1til, Plegable y F\u00e1cil de Instalar: El panel solar plegable E-POWO de 400 W pesa 10,5 kg y se pliega hasta 37,76 x 24,96 x 1,3 pulgadas. Cuando est\u00e1 desplegado, sus dos soportes integrados permiten una colocaci\u00f3n estable en cualquier superficie plana, maximizando la exposici\u00f3n a la luz solar. Perfecto para aventuras al aire libre, camping, senderismo y cortes de energ\u00eda de emergencia.  <\/li>\n<li>Carga Multi-Puerto para Cualquier Necesidad: El panel solar E-POWO de 400 W cuenta con 3 puertos de carga (Tipo-C, USB-C [rojo], USB-A [negro]) e incluye un adaptador solar 7 en 1 (DC5521\/35135\/5525\/7909\/8028, Anderson, XT60) para compatibilidad con la mayor\u00eda de los generadores solares\/estaciones de energ\u00eda port\u00e1tiles. Carga m\u00faltiples dispositivos simult\u00e1neamente. <\/li>\n<li>Alta Eficiencia de Conversi\u00f3n: El panel solar plegable de 400 W combina un recubrimiento ETFE de \u00faltima generaci\u00f3n con c\u00e9lulas solares monocristalinas de alta eficiencia para ofrecer una tasa de conversi\u00f3n de energ\u00eda excepcional de hasta el 23,5 %. Garantizando una energ\u00eda fiable en terrenos accidentados y climas severos, la superficie recubierta de ETFE mejora la resistencia a los rayos UV y la impermeabilizaci\u00f3n, prolongando su vida \u00fatil. <\/li>\n<li>Impermeable y Duradero: El panel solar port\u00e1til de 400 W utiliza tecnolog\u00eda avanzada de laminaci\u00f3n ETFE, proporcionando al m\u00f3dulo solar una protecci\u00f3n impermeable con clasificaci\u00f3n IP67. Adem\u00e1s, su carcasa est\u00e1 hecha de tela Oxford impermeable. La estructura de fibra de vidrio ofrece una durabilidad, resistencia a la corrosi\u00f3n y estabilidad t\u00e9rmica excepcionales, lo que garantiza un rendimiento duradero en actividades al aire libre. <\/li>\n<li>Paquete y Soporte: Su compra incluye: 1*panel solar port\u00e1til E-POWO de 400 W, 1*cable 7 en 1 y 1*manual de usuario. <\/li>\n<\/ul>\n","protected":false},"excerpt":{"rendered":"<p>Port\u00e1til, Plegable y F\u00e1cil de Instalar: El panel solar plegable E-POWO de 400 W pesa 10,5 kg y se pliega hasta 37,76 x 24,96 x 1,3 pulgadas. Cuando est\u00e1 desplegado,&hellip;<\/p>\n","protected":false},"featured_media":2249,"template":"","meta":[],"product_brand":[],"product_cat":[997],"product_tag":[],"class_list":{"0":"post-4553","1":"product","2":"type-product","3":"status-publish","4":"has-post-thumbnail","6":"product_cat-generadores-y-soluciones-de-energia-alternativa","7":"product_shipping_class-aerovaradero-dg-pequeno","9":"first","10":"instock","11":"shipping-taxable","12":"purchasable","13":"product-type-simple"},"_links":{"self":[{"href":"https:\/\/mercadohogar.ca\/es\/wp-json\/wp\/v2\/product\/4553","targetHints":{"allow":["GET"]}}],"collection":[{"href":"https:\/\/mercadohogar.ca\/es\/wp-json\/wp\/v2\/product"}],"about":[{"href":"https:\/\/mercadohogar.ca\/es\/wp-json\/wp\/v2\/types\/product"}],"version-history":[{"count":1,"href":"https:\/\/mercadohogar.ca\/es\/wp-json\/wp\/v2\/product\/4553\/revisions"}],"predecessor-version":[{"id":5430,"href":"https:\/\/mercadohogar.ca\/es\/wp-json\/wp\/v2\/product\/4553\/revisions\/5430"}],"wp:featuredmedia":[{"embeddable":true,"href":"https:\/\/mercadohogar.ca\/es\/wp-json\/wp\/v2\/media\/2249"}],"wp:attachment":[{"href":"https:\/\/mercadohogar.ca\/es\/wp-json\/wp\/v2\/media?parent=4553"}],"wp:term":[{"taxonomy":"product_brand","embeddable":true,"href":"https:\/\/mercadohogar.ca\/es\/wp-json\/wp\/v2\/product_brand?post=4553"},{"taxonomy":"product_cat","embeddable":true,"href":"https:\/\/mercadohogar.ca\/es\/wp-json\/wp\/v2\/product_cat?post=4553"},{"taxonomy":"product_tag","embeddable":true,"href":"https:\/\/mercadohogar.ca\/es\/wp-json\/wp\/v2\/product_tag?post=4553"}],"curies":[{"name":"wp","href":"https:\/\/api.w.org\/{rel}","templated":true}]}}