{"id":4554,"date":"2026-01-07T19:56:19","date_gmt":"2026-01-07T19:56:19","guid":{"rendered":"https:\/\/mercadohogar.ca\/producto\/equalizador-de-baterias-inteligente-de-24-v-con-pantalla-digital\/"},"modified":"2026-01-17T22:22:53","modified_gmt":"2026-01-17T22:22:53","slug":"equalizador-de-baterias-inteligente-de-24-v-con-pantalla-digital","status":"publish","type":"product","link":"https:\/\/mercadohogar.ca\/es\/product\/equalizador-de-baterias-inteligente-de-24-v-con-pantalla-digital\/","title":{"rendered":"Equalizador de bater\u00edas inteligente de 24 V con pantalla digital"},"content":{"rendered":"<p>Optimizador de bater\u00eda eficiente: El sistema de compensaci\u00f3n de voltaje inteligente de este optimizador de bater\u00eda garantiza que la bater\u00eda permanezca en modo inactivo y se apague autom\u00e1ticamente cuando el voltaje es insuficiente, lo que prolonga la vida \u00fatil de la bater\u00eda de manera efectiva.<\/p>\n<div>Equilibrio de carga y descarga: Conecte este compensador de bater\u00eda de 24 V en serie con sus bater\u00edas para lograr un equilibrio \u00f3ptimo de carga y descarga entre las bater\u00edas conectadas, lo que garantiza su longevidad.<\/div>\n<div>Visualizaci\u00f3n de voltaje en tiempo real: Supervise el voltaje de sus bater\u00edas en tiempo real a trav\u00e9s de la pantalla LED de este ecualizador de bater\u00eda. El indicador de control de voz reduce el consumo de energ\u00eda. <\/div>\n<div>Compatibilidad: Compatible con una amplia gama de tipos de bater\u00edas, incluidas las de plomo-\u00e1cido, litio, n\u00edquel metal hidruro y fosfato de hierro y litio, lo que lo hace adecuado para diversas aplicaciones.<\/div>\n<div>Amplia gama de aplicaciones: Con su versatilidad, este equilibrador de bater\u00eda se puede aplicar a diferentes configuraciones, como autom\u00f3viles, barcos, motocicletas, paneles solares y m\u00e1s.<\/div>\n","protected":false},"excerpt":{"rendered":"<p>Optimizador de bater\u00eda eficiente: El sistema de compensaci\u00f3n de voltaje inteligente de este optimizador de bater\u00eda garantiza que la bater\u00eda permanezca en modo inactivo y se apague autom\u00e1ticamente cuando el&hellip;<\/p>\n","protected":false},"featured_media":2216,"template":"","meta":[],"product_brand":[],"product_cat":[997],"product_tag":[],"class_list":{"0":"post-4554","1":"product","2":"type-product","3":"status-publish","4":"has-post-thumbnail","6":"product_cat-generadores-y-soluciones-de-energia-alternativa","7":"product_shipping_class-aerovaradero-general","9":"first","10":"instock","11":"shipping-taxable","12":"purchasable","13":"product-type-simple"},"_links":{"self":[{"href":"https:\/\/mercadohogar.ca\/es\/wp-json\/wp\/v2\/product\/4554","targetHints":{"allow":["GET"]}}],"collection":[{"href":"https:\/\/mercadohogar.ca\/es\/wp-json\/wp\/v2\/product"}],"about":[{"href":"https:\/\/mercadohogar.ca\/es\/wp-json\/wp\/v2\/types\/product"}],"version-history":[{"count":1,"href":"https:\/\/mercadohogar.ca\/es\/wp-json\/wp\/v2\/product\/4554\/revisions"}],"predecessor-version":[{"id":5426,"href":"https:\/\/mercadohogar.ca\/es\/wp-json\/wp\/v2\/product\/4554\/revisions\/5426"}],"wp:featuredmedia":[{"embeddable":true,"href":"https:\/\/mercadohogar.ca\/es\/wp-json\/wp\/v2\/media\/2216"}],"wp:attachment":[{"href":"https:\/\/mercadohogar.ca\/es\/wp-json\/wp\/v2\/media?parent=4554"}],"wp:term":[{"taxonomy":"product_brand","embeddable":true,"href":"https:\/\/mercadohogar.ca\/es\/wp-json\/wp\/v2\/product_brand?post=4554"},{"taxonomy":"product_cat","embeddable":true,"href":"https:\/\/mercadohogar.ca\/es\/wp-json\/wp\/v2\/product_cat?post=4554"},{"taxonomy":"product_tag","embeddable":true,"href":"https:\/\/mercadohogar.ca\/es\/wp-json\/wp\/v2\/product_tag?post=4554"}],"curies":[{"name":"wp","href":"https:\/\/api.w.org\/{rel}","templated":true}]}}