{"id":4555,"date":"2026-01-07T19:56:19","date_gmt":"2026-01-07T19:56:19","guid":{"rendered":"https:\/\/mercadohogar.ca\/producto\/interruptor-de-conmutacion-automatica-de-doble-potencia-2p-interruptor-de-transferencia-de-generador-ac110v-63a\/"},"modified":"2026-01-17T22:22:53","modified_gmt":"2026-01-17T22:22:53","slug":"interruptor-de-conmutacion-automatica-de-doble-potencia-2p-interruptor-de-transferencia-de-generador-ac110v-63a","status":"publish","type":"product","link":"https:\/\/mercadohogar.ca\/es\/product\/interruptor-de-conmutacion-automatica-de-doble-potencia-2p-interruptor-de-transferencia-de-generador-ac110v-63a\/","title":{"rendered":"Interruptor de conmutaci\u00f3n autom\u00e1tica de doble potencia 2P, interruptor de transferencia de generador AC110V 63A"},"content":{"rendered":"<ul>\n<li>2 m\u00e9todos de operaci\u00f3n: el interruptor de transferencia autom\u00e1tica se puede operar de forma autom\u00e1tica o manual para garantizar la continuidad del suministro de energ\u00eda, estructura compacta y transmisi\u00f3n confiable.<\/li>\n<li><span class=\"a-list-item\">Ampliamente utilizado: el interruptor de transferencia autom\u00e1tica es anti interferencias, de tipo auto lanzamiento y auto repetici\u00f3n, utilizado en varios escenarios donde no se permite la falla continua de energ\u00eda, familias, centros comerciales, f\u00e1bricas, laboratorios, granjas, etc.<\/span><\/li>\n<li><span class=\"a-list-item\">Suministro de energ\u00eda continuo: el interruptor de transferencia autom\u00e1tica funciona de modo que cuando el suministro de energ\u00eda normal es anormal, el suministro de energ\u00eda en espera funciona de inmediato para garantizar la continuidad del suministro de energ\u00eda. Cuando el suministro de energ\u00eda normal est\u00e1 encendido, volver\u00e1 autom\u00e1ticamente al suministro de energ\u00eda normal desde el suministro de energ\u00eda de respaldo. <\/span><\/li>\n<li><span class=\"a-list-item\">Montaje en riel est\u00e1ndar de 35 mm: este interruptor de transferencia autom\u00e1tica es adecuado para un sistema de suministro de energ\u00eda de emergencia de 50 o 60 Hz CA nominal de 110 V 63 A, dise\u00f1ado para montaje en riel dom\u00e9stico y dedicado para caja de distribuci\u00f3n PZ30.<\/span><\/li>\n<li><span class=\"a-list-item\">Material de PC ign\u00edfugo y contactos de plata: el interruptor de transferencia autom\u00e1tica de doble potencia est\u00e1 hecho de material de PC ign\u00edfugo, que est\u00e1 bien aislado y es resistente a altas temperaturas, y contactos de plata, que son antienvejecimiento y f\u00e1ciles de instalar y mantener.<\/span><\/li>\n<\/ul>\n","protected":false},"excerpt":{"rendered":"<p>2 m\u00e9todos de operaci\u00f3n: el interruptor de transferencia autom\u00e1tica se puede operar de forma autom\u00e1tica o manual para garantizar la continuidad del suministro de energ\u00eda, estructura compacta y transmisi\u00f3n confiable.&hellip;<\/p>\n","protected":false},"featured_media":2219,"template":"","meta":[],"product_brand":[],"product_cat":[997],"product_tag":[],"class_list":{"0":"post-4555","1":"product","2":"type-product","3":"status-publish","4":"has-post-thumbnail","6":"product_cat-generadores-y-soluciones-de-energia-alternativa","7":"product_shipping_class-aerovaradero-general","9":"first","10":"instock","11":"shipping-taxable","12":"purchasable","13":"product-type-simple"},"_links":{"self":[{"href":"https:\/\/mercadohogar.ca\/es\/wp-json\/wp\/v2\/product\/4555","targetHints":{"allow":["GET"]}}],"collection":[{"href":"https:\/\/mercadohogar.ca\/es\/wp-json\/wp\/v2\/product"}],"about":[{"href":"https:\/\/mercadohogar.ca\/es\/wp-json\/wp\/v2\/types\/product"}],"version-history":[{"count":1,"href":"https:\/\/mercadohogar.ca\/es\/wp-json\/wp\/v2\/product\/4555\/revisions"}],"predecessor-version":[{"id":5427,"href":"https:\/\/mercadohogar.ca\/es\/wp-json\/wp\/v2\/product\/4555\/revisions\/5427"}],"wp:featuredmedia":[{"embeddable":true,"href":"https:\/\/mercadohogar.ca\/es\/wp-json\/wp\/v2\/media\/2219"}],"wp:attachment":[{"href":"https:\/\/mercadohogar.ca\/es\/wp-json\/wp\/v2\/media?parent=4555"}],"wp:term":[{"taxonomy":"product_brand","embeddable":true,"href":"https:\/\/mercadohogar.ca\/es\/wp-json\/wp\/v2\/product_brand?post=4555"},{"taxonomy":"product_cat","embeddable":true,"href":"https:\/\/mercadohogar.ca\/es\/wp-json\/wp\/v2\/product_cat?post=4555"},{"taxonomy":"product_tag","embeddable":true,"href":"https:\/\/mercadohogar.ca\/es\/wp-json\/wp\/v2\/product_tag?post=4555"}],"curies":[{"name":"wp","href":"https:\/\/api.w.org\/{rel}","templated":true}]}}