{"id":4556,"date":"2026-01-07T19:56:16","date_gmt":"2026-01-07T19:56:16","guid":{"rendered":"https:\/\/mercadohogar.ca\/producto\/inversor-de-corriente-de-500-w\/"},"modified":"2026-01-17T22:22:57","modified_gmt":"2026-01-17T22:22:57","slug":"inversor-de-corriente-de-500-w","status":"publish","type":"product","link":"https:\/\/mercadohogar.ca\/es\/product\/inversor-de-corriente-de-500-w\/","title":{"rendered":"Inversor de corriente de 500 W"},"content":{"rendered":"<p>Funci\u00f3n: El inversor de corriente ofrece 500 W de potencia continua de CC a CA y 1000 vatios de potencia m\u00e1xima, con 2 enchufes de CA y 2 puertos USB de carga r\u00e1pida de 2,1 A, lo que lo convierte en la mejor opci\u00f3n para acampar y viajar<\/p>\n<p>Aplicaci\u00f3n de energ\u00eda: Los inversores de corriente brindan una gran comodidad para viajar en autom\u00f3viles, camiones, veh\u00edculos recreativos y lanchas a motor que se pueden recargar con inversores de corriente, adecuados para tel\u00e9fonos m\u00f3viles, c\u00e1maras, iPads, c\u00e1maras digitales, mini refrigeradores de autom\u00f3viles, peque\u00f1os infladores y otros equipos<\/p>\n<p>Multiprotecci\u00f3n: Transformador de seguridad aislado entre el circuito primario y el circuito secundario para proteger su dispositivo, los circuitos secundarios protegen su dispositivo contra sobrecalentamiento, sobrepresi\u00f3n, cortocircuito, sobrecarga y sobrecarga<\/p>\n<p>Ventilador de refrigeraci\u00f3n: Ventilador de refrigeraci\u00f3n de control autom\u00e1tico silencioso incorporado, el dise\u00f1o inteligente del ventilador facilita la disipaci\u00f3n de calor del inversor de corriente de 500 W, el dise\u00f1o puede ayudar a reducir el ruido del ventilador, el ventilador de refrigeraci\u00f3n de alta velocidad protege el inversor de corriente contra el sobrecalentamiento<\/p>\n","protected":false},"excerpt":{"rendered":"<p>Funci\u00f3n: El inversor de corriente ofrece 500 W de potencia continua de CC a CA y 1000 vatios de potencia m\u00e1xima, con 2 enchufes de CA y 2 puertos USB&hellip;<\/p>\n","protected":false},"featured_media":2264,"template":"","meta":[],"product_brand":[],"product_cat":[997],"product_tag":[],"class_list":{"0":"post-4556","1":"product","2":"type-product","3":"status-publish","4":"has-post-thumbnail","6":"product_cat-generadores-y-soluciones-de-energia-alternativa","7":"product_shipping_class-aerovaradero-general","9":"first","10":"instock","11":"shipping-taxable","12":"purchasable","13":"product-type-simple"},"_links":{"self":[{"href":"https:\/\/mercadohogar.ca\/es\/wp-json\/wp\/v2\/product\/4556","targetHints":{"allow":["GET"]}}],"collection":[{"href":"https:\/\/mercadohogar.ca\/es\/wp-json\/wp\/v2\/product"}],"about":[{"href":"https:\/\/mercadohogar.ca\/es\/wp-json\/wp\/v2\/types\/product"}],"version-history":[{"count":1,"href":"https:\/\/mercadohogar.ca\/es\/wp-json\/wp\/v2\/product\/4556\/revisions"}],"predecessor-version":[{"id":5431,"href":"https:\/\/mercadohogar.ca\/es\/wp-json\/wp\/v2\/product\/4556\/revisions\/5431"}],"wp:featuredmedia":[{"embeddable":true,"href":"https:\/\/mercadohogar.ca\/es\/wp-json\/wp\/v2\/media\/2264"}],"wp:attachment":[{"href":"https:\/\/mercadohogar.ca\/es\/wp-json\/wp\/v2\/media?parent=4556"}],"wp:term":[{"taxonomy":"product_brand","embeddable":true,"href":"https:\/\/mercadohogar.ca\/es\/wp-json\/wp\/v2\/product_brand?post=4556"},{"taxonomy":"product_cat","embeddable":true,"href":"https:\/\/mercadohogar.ca\/es\/wp-json\/wp\/v2\/product_cat?post=4556"},{"taxonomy":"product_tag","embeddable":true,"href":"https:\/\/mercadohogar.ca\/es\/wp-json\/wp\/v2\/product_tag?post=4556"}],"curies":[{"name":"wp","href":"https:\/\/api.w.org\/{rel}","templated":true}]}}