{"id":4557,"date":"2026-01-07T19:56:18","date_gmt":"2026-01-07T19:56:18","guid":{"rendered":"https:\/\/mercadohogar.ca\/producto\/inversor-de-corriente-de-3000-w-de-12-v-cc-a-110-v-120-v-ca\/"},"modified":"2026-01-17T22:30:00","modified_gmt":"2026-01-17T22:30:00","slug":"inversor-de-corriente-de-3000-w-de-12-v-cc-a-110-v-120-v-ca","status":"publish","type":"product","link":"https:\/\/mercadohogar.ca\/es\/producto\/inversor-de-corriente-de-3000-w-de-12-v-cc-a-110-v-120-v-ca\/","title":{"rendered":"Inversor de corriente de 3000 W, de 12 V CC a 110 V\/120 V CA"},"content":{"rendered":"<ul>\n<li>Versi\u00f3n mejorada con bajo consumo sin carga: Potencia continua real nominal de 3000 W y potencia m\u00e1xima de 6000 W. Convierte CC de 12 V a CA de 110\/120 V, tecnolog\u00eda que ahorra m\u00e1s energ\u00eda gracias a la alta eficiencia de conversi\u00f3n (&gt;90 %) y a la baja p\u00e9rdida sin carga. Con 2 tomas de CA, pantalla LCD y puerto USB de 2,4 A. El consumo de corriente sin carga es de 1 \u58eb 0,2 A. <\/li>\n<li>Pantalla LCD clara: Viene con una pantalla LCD que le permite conocer el voltaje de entrada y salida, y la indicaci\u00f3n de protecci\u00f3n que se muestra en la pantalla LCD, para que pueda conocer el estado de uso de su inversor.<\/li>\n<li>Las funciones de protecci\u00f3n avanzadas prolongan la vida \u00fatil del inversor: sobretensi\u00f3n\/baja tensi\u00f3n\/sobrecarga\/cortocircuito\/sobrecalentamiento. Con tecnolog\u00eda de accionamiento de aislamiento avanzada. La carcasa de aluminio duradera puede proteger el inversor de ca\u00eddas y golpes. El ventilador de refrigeraci\u00f3n incorporado le garantiza una experiencia de uso ultrasilenciosa, y tambi\u00e9n mantiene el inversor funcionando de forma segura y eficaz a baja temperatura para evitar el sobrecalentamiento.<\/li>\n<li>Uso m\u00e1s amplio: 1*puertos USB de 5 V 2,4 A CC y 2* tomas de CA de 110 V-120 V adecuados para la mayor\u00eda de los electrodom\u00e9sticos. El inversor de 3000 W se utiliza en un evento natural como una inundaci\u00f3n, un terremoto, un hurac\u00e1n o tormentas. Tambi\u00e9n es adecuado para veh\u00edculos recreativos, barcos, generaci\u00f3n de energ\u00eda solar y emergencias por cortes de energ\u00eda. <\/li>\n<\/ul>\n","protected":false},"excerpt":{"rendered":"<p>Versi\u00f3n mejorada con bajo consumo sin carga: Potencia continua real nominal de 3000 W y potencia m\u00e1xima de 6000 W. Convierte CC de 12 V a CA de 110\/120 V, tecnolog\u00eda que ahorra m\u00e1s energ\u00eda gracias a la alta eficiencia de conversi\u00f3n (&gt;90 %) y a la baja p\u00e9rdida sin carga. Con 2 tomas de CA, pantalla LCD y puerto [&hellip;]<\/p>\n","protected":false},"featured_media":2232,"template":"","meta":{"_coblocks_attr":"","_coblocks_dimensions":"","_coblocks_responsive_height":"","_coblocks_accordion_ie_support":"","postBodyCss":"","postBodyMargin":[],"postBodyPadding":[],"postBodyBackground":{"backgroundType":"classic","gradient":""}},"product_brand":[],"product_cat":[899],"product_tag":[],"class_list":{"0":"post-4557","1":"product","2":"type-product","3":"status-publish","4":"has-post-thumbnail","6":"product_cat-generators-alternative-power-solutions","7":"product_shipping_class-aerovaradero-general","9":"first","10":"instock","11":"taxable","12":"shipping-taxable","13":"purchasable","14":"product-type-simple"},"yoast_head":"<!-- This site is optimized with the Yoast SEO plugin v27.4 - https:\/\/yoast.com\/product\/yoast-seo-wordpress\/ -->\n<title>Inversor de corriente de 3000 W, de 12 V CC a 110 V\/120 V CA - Mercado Hogar<\/title>\n<meta name=\"robots\" content=\"index, follow, max-snippet:-1, max-image-preview:large, max-video-preview:-1\" \/>\n<link rel=\"canonical\" href=\"https:\/\/mercadohogar.ca\/es\/producto\/inversor-de-corriente-de-3000-w-de-12-v-cc-a-110-v-120-v-ca\/\" \/>\n<meta property=\"og:locale\" content=\"es_ES\" \/>\n<meta property=\"og:type\" content=\"article\" \/>\n<meta property=\"og:title\" content=\"Inversor de corriente de 3000 W, de 12 V CC a 110 V\/120 V CA - Mercado Hogar\" \/>\n<meta property=\"og:description\" content=\"Versi\u00f3n mejorada con bajo consumo sin carga: Potencia continua real nominal de 3000 W y potencia m\u00e1xima de 6000 W. Convierte CC de 12 V a CA de 110\/120 V, tecnolog\u00eda que ahorra m\u00e1s energ\u00eda gracias a la alta eficiencia de conversi\u00f3n (&gt;90 %) y a la baja p\u00e9rdida sin carga. Con 2 tomas de CA, pantalla LCD y puerto [&hellip;]\" \/>\n<meta property=\"og:url\" content=\"https:\/\/mercadohogar.ca\/es\/producto\/inversor-de-corriente-de-3000-w-de-12-v-cc-a-110-v-120-v-ca\/\" \/>\n<meta property=\"og:site_name\" content=\"Mercado Hogar\" \/>\n<meta property=\"article:modified_time\" content=\"2026-01-17T22:30:00+00:00\" \/>\n<meta property=\"og:image\" content=\"https:\/\/mercadohogar.ca\/wp-content\/uploads\/2026\/01\/wp-image-7710386930.jpg\" \/>\n\t<meta property=\"og:image:width\" content=\"1500\" \/>\n\t<meta property=\"og:image:height\" content=\"1500\" \/>\n\t<meta property=\"og:image:type\" content=\"image\/jpeg\" \/>\n<meta name=\"twitter:card\" content=\"summary_large_image\" \/>\n<meta name=\"twitter:label1\" content=\"Tiempo de lectura\" \/>\n\t<meta name=\"twitter:data1\" content=\"1 minuto\" \/>\n<script type=\"application\/ld+json\" class=\"yoast-schema-graph\">{\"@context\":\"https:\\\/\\\/schema.org\",\"@graph\":[{\"@type\":\"WebPage\",\"@id\":\"https:\\\/\\\/mercadohogar.ca\\\/es\\\/producto\\\/inversor-de-corriente-de-3000-w-de-12-v-cc-a-110-v-120-v-ca\\\/\",\"url\":\"https:\\\/\\\/mercadohogar.ca\\\/es\\\/producto\\\/inversor-de-corriente-de-3000-w-de-12-v-cc-a-110-v-120-v-ca\\\/\",\"name\":\"Inversor de corriente de 3000 W, de 12 V CC a 110 V\\\/120 V CA - Mercado Hogar\",\"isPartOf\":{\"@id\":\"https:\\\/\\\/mercadohogar.ca\\\/es\\\/#website\"},\"primaryImageOfPage\":{\"@id\":\"https:\\\/\\\/mercadohogar.ca\\\/es\\\/producto\\\/inversor-de-corriente-de-3000-w-de-12-v-cc-a-110-v-120-v-ca\\\/#primaryimage\"},\"image\":{\"@id\":\"https:\\\/\\\/mercadohogar.ca\\\/es\\\/producto\\\/inversor-de-corriente-de-3000-w-de-12-v-cc-a-110-v-120-v-ca\\\/#primaryimage\"},\"thumbnailUrl\":\"https:\\\/\\\/mercadohogar.ca\\\/wp-content\\\/uploads\\\/2026\\\/01\\\/wp-image-7710386930.jpg\",\"datePublished\":\"2026-01-07T19:56:18+00:00\",\"dateModified\":\"2026-01-17T22:30:00+00:00\",\"breadcrumb\":{\"@id\":\"https:\\\/\\\/mercadohogar.ca\\\/es\\\/producto\\\/inversor-de-corriente-de-3000-w-de-12-v-cc-a-110-v-120-v-ca\\\/#breadcrumb\"},\"inLanguage\":\"es\",\"potentialAction\":[{\"@type\":\"ReadAction\",\"target\":[\"https:\\\/\\\/mercadohogar.ca\\\/es\\\/producto\\\/inversor-de-corriente-de-3000-w-de-12-v-cc-a-110-v-120-v-ca\\\/\"]}]},{\"@type\":\"ImageObject\",\"inLanguage\":\"es\",\"@id\":\"https:\\\/\\\/mercadohogar.ca\\\/es\\\/producto\\\/inversor-de-corriente-de-3000-w-de-12-v-cc-a-110-v-120-v-ca\\\/#primaryimage\",\"url\":\"https:\\\/\\\/mercadohogar.ca\\\/wp-content\\\/uploads\\\/2026\\\/01\\\/wp-image-7710386930.jpg\",\"contentUrl\":\"https:\\\/\\\/mercadohogar.ca\\\/wp-content\\\/uploads\\\/2026\\\/01\\\/wp-image-7710386930.jpg\",\"width\":1500,\"height\":1500},{\"@type\":\"BreadcrumbList\",\"@id\":\"https:\\\/\\\/mercadohogar.ca\\\/es\\\/producto\\\/inversor-de-corriente-de-3000-w-de-12-v-cc-a-110-v-120-v-ca\\\/#breadcrumb\",\"itemListElement\":[{\"@type\":\"ListItem\",\"position\":1,\"name\":\"Home\",\"item\":\"https:\\\/\\\/mercadohogar.ca\\\/es\\\/\"},{\"@type\":\"ListItem\",\"position\":2,\"name\":\"Tienda\",\"item\":\"https:\\\/\\\/mercadohogar.ca\\\/es\\\/tienda-2\\\/\"},{\"@type\":\"ListItem\",\"position\":3,\"name\":\"Inversor de corriente de 3000 W, de 12 V CC a 110 V\\\/120 V CA\"}]},{\"@type\":\"WebSite\",\"@id\":\"https:\\\/\\\/mercadohogar.ca\\\/es\\\/#website\",\"url\":\"https:\\\/\\\/mercadohogar.ca\\\/es\\\/\",\"name\":\"Mercado Hogar\",\"description\":\"Mercado Hogar\",\"publisher\":{\"@id\":\"https:\\\/\\\/mercadohogar.ca\\\/es\\\/#organization\"},\"potentialAction\":[{\"@type\":\"SearchAction\",\"target\":{\"@type\":\"EntryPoint\",\"urlTemplate\":\"https:\\\/\\\/mercadohogar.ca\\\/es\\\/?s={search_term_string}\"},\"query-input\":{\"@type\":\"PropertyValueSpecification\",\"valueRequired\":true,\"valueName\":\"search_term_string\"}}],\"inLanguage\":\"es\"},{\"@type\":\"Organization\",\"@id\":\"https:\\\/\\\/mercadohogar.ca\\\/es\\\/#organization\",\"name\":\"Mercado Hogar\",\"url\":\"https:\\\/\\\/mercadohogar.ca\\\/es\\\/\",\"logo\":{\"@type\":\"ImageObject\",\"inLanguage\":\"es\",\"@id\":\"https:\\\/\\\/mercadohogar.ca\\\/es\\\/#\\\/schema\\\/logo\\\/image\\\/\",\"url\":\"https:\\\/\\\/mercadohogar.ca\\\/wp-content\\\/uploads\\\/2025\\\/12\\\/MH-LOGO.png\",\"contentUrl\":\"https:\\\/\\\/mercadohogar.ca\\\/wp-content\\\/uploads\\\/2025\\\/12\\\/MH-LOGO.png\",\"width\":1200,\"height\":1200,\"caption\":\"Mercado Hogar\"},\"image\":{\"@id\":\"https:\\\/\\\/mercadohogar.ca\\\/es\\\/#\\\/schema\\\/logo\\\/image\\\/\"}}]}<\/script>\n<!-- \/ Yoast SEO plugin. -->","yoast_head_json":{"title":"Inversor de corriente de 3000 W, de 12 V CC a 110 V\/120 V CA - Mercado Hogar","robots":{"index":"index","follow":"follow","max-snippet":"max-snippet:-1","max-image-preview":"max-image-preview:large","max-video-preview":"max-video-preview:-1"},"canonical":"https:\/\/mercadohogar.ca\/es\/producto\/inversor-de-corriente-de-3000-w-de-12-v-cc-a-110-v-120-v-ca\/","og_locale":"es_ES","og_type":"article","og_title":"Inversor de corriente de 3000 W, de 12 V CC a 110 V\/120 V CA - Mercado Hogar","og_description":"Versi\u00f3n mejorada con bajo consumo sin carga: Potencia continua real nominal de 3000 W y potencia m\u00e1xima de 6000 W. Convierte CC de 12 V a CA de 110\/120 V, tecnolog\u00eda que ahorra m\u00e1s energ\u00eda gracias a la alta eficiencia de conversi\u00f3n (&gt;90 %) y a la baja p\u00e9rdida sin carga. Con 2 tomas de CA, pantalla LCD y puerto [&hellip;]","og_url":"https:\/\/mercadohogar.ca\/es\/producto\/inversor-de-corriente-de-3000-w-de-12-v-cc-a-110-v-120-v-ca\/","og_site_name":"Mercado Hogar","article_modified_time":"2026-01-17T22:30:00+00:00","og_image":[{"width":1500,"height":1500,"url":"https:\/\/mercadohogar.ca\/wp-content\/uploads\/2026\/01\/wp-image-7710386930.jpg","type":"image\/jpeg"}],"twitter_card":"summary_large_image","twitter_misc":{"Tiempo de lectura":"1 minuto"},"schema":{"@context":"https:\/\/schema.org","@graph":[{"@type":"WebPage","@id":"https:\/\/mercadohogar.ca\/es\/producto\/inversor-de-corriente-de-3000-w-de-12-v-cc-a-110-v-120-v-ca\/","url":"https:\/\/mercadohogar.ca\/es\/producto\/inversor-de-corriente-de-3000-w-de-12-v-cc-a-110-v-120-v-ca\/","name":"Inversor de corriente de 3000 W, de 12 V CC a 110 V\/120 V CA - Mercado Hogar","isPartOf":{"@id":"https:\/\/mercadohogar.ca\/es\/#website"},"primaryImageOfPage":{"@id":"https:\/\/mercadohogar.ca\/es\/producto\/inversor-de-corriente-de-3000-w-de-12-v-cc-a-110-v-120-v-ca\/#primaryimage"},"image":{"@id":"https:\/\/mercadohogar.ca\/es\/producto\/inversor-de-corriente-de-3000-w-de-12-v-cc-a-110-v-120-v-ca\/#primaryimage"},"thumbnailUrl":"https:\/\/mercadohogar.ca\/wp-content\/uploads\/2026\/01\/wp-image-7710386930.jpg","datePublished":"2026-01-07T19:56:18+00:00","dateModified":"2026-01-17T22:30:00+00:00","breadcrumb":{"@id":"https:\/\/mercadohogar.ca\/es\/producto\/inversor-de-corriente-de-3000-w-de-12-v-cc-a-110-v-120-v-ca\/#breadcrumb"},"inLanguage":"es","potentialAction":[{"@type":"ReadAction","target":["https:\/\/mercadohogar.ca\/es\/producto\/inversor-de-corriente-de-3000-w-de-12-v-cc-a-110-v-120-v-ca\/"]}]},{"@type":"ImageObject","inLanguage":"es","@id":"https:\/\/mercadohogar.ca\/es\/producto\/inversor-de-corriente-de-3000-w-de-12-v-cc-a-110-v-120-v-ca\/#primaryimage","url":"https:\/\/mercadohogar.ca\/wp-content\/uploads\/2026\/01\/wp-image-7710386930.jpg","contentUrl":"https:\/\/mercadohogar.ca\/wp-content\/uploads\/2026\/01\/wp-image-7710386930.jpg","width":1500,"height":1500},{"@type":"BreadcrumbList","@id":"https:\/\/mercadohogar.ca\/es\/producto\/inversor-de-corriente-de-3000-w-de-12-v-cc-a-110-v-120-v-ca\/#breadcrumb","itemListElement":[{"@type":"ListItem","position":1,"name":"Home","item":"https:\/\/mercadohogar.ca\/es\/"},{"@type":"ListItem","position":2,"name":"Tienda","item":"https:\/\/mercadohogar.ca\/es\/tienda-2\/"},{"@type":"ListItem","position":3,"name":"Inversor de corriente de 3000 W, de 12 V CC a 110 V\/120 V CA"}]},{"@type":"WebSite","@id":"https:\/\/mercadohogar.ca\/es\/#website","url":"https:\/\/mercadohogar.ca\/es\/","name":"Mercado Hogar","description":"Mercado Hogar","publisher":{"@id":"https:\/\/mercadohogar.ca\/es\/#organization"},"potentialAction":[{"@type":"SearchAction","target":{"@type":"EntryPoint","urlTemplate":"https:\/\/mercadohogar.ca\/es\/?s={search_term_string}"},"query-input":{"@type":"PropertyValueSpecification","valueRequired":true,"valueName":"search_term_string"}}],"inLanguage":"es"},{"@type":"Organization","@id":"https:\/\/mercadohogar.ca\/es\/#organization","name":"Mercado Hogar","url":"https:\/\/mercadohogar.ca\/es\/","logo":{"@type":"ImageObject","inLanguage":"es","@id":"https:\/\/mercadohogar.ca\/es\/#\/schema\/logo\/image\/","url":"https:\/\/mercadohogar.ca\/wp-content\/uploads\/2025\/12\/MH-LOGO.png","contentUrl":"https:\/\/mercadohogar.ca\/wp-content\/uploads\/2025\/12\/MH-LOGO.png","width":1200,"height":1200,"caption":"Mercado Hogar"},"image":{"@id":"https:\/\/mercadohogar.ca\/es\/#\/schema\/logo\/image\/"}}]}},"jetpack_sharing_enabled":true,"_links":{"self":[{"href":"https:\/\/mercadohogar.ca\/es\/wp-json\/wp\/v2\/product\/4557","targetHints":{"allow":["GET"]}}],"collection":[{"href":"https:\/\/mercadohogar.ca\/es\/wp-json\/wp\/v2\/product"}],"about":[{"href":"https:\/\/mercadohogar.ca\/es\/wp-json\/wp\/v2\/types\/product"}],"version-history":[{"count":1,"href":"https:\/\/mercadohogar.ca\/es\/wp-json\/wp\/v2\/product\/4557\/revisions"}],"predecessor-version":[{"id":5428,"href":"https:\/\/mercadohogar.ca\/es\/wp-json\/wp\/v2\/product\/4557\/revisions\/5428"}],"wp:featuredmedia":[{"embeddable":true,"href":"https:\/\/mercadohogar.ca\/es\/wp-json\/wp\/v2\/media\/2232"}],"wp:attachment":[{"href":"https:\/\/mercadohogar.ca\/es\/wp-json\/wp\/v2\/media?parent=4557"}],"wp:term":[{"taxonomy":"product_brand","embeddable":true,"href":"https:\/\/mercadohogar.ca\/es\/wp-json\/wp\/v2\/product_brand?post=4557"},{"taxonomy":"product_cat","embeddable":true,"href":"https:\/\/mercadohogar.ca\/es\/wp-json\/wp\/v2\/product_cat?post=4557"},{"taxonomy":"product_tag","embeddable":true,"href":"https:\/\/mercadohogar.ca\/es\/wp-json\/wp\/v2\/product_tag?post=4557"}],"curies":[{"name":"wp","href":"https:\/\/api.w.org\/{rel}","templated":true}]}}