{"id":4558,"date":"2026-01-07T19:56:16","date_gmt":"2026-01-07T19:56:16","guid":{"rendered":"https:\/\/mercadohogar.ca\/producto\/inversor-solar-de-6200-w-de-48-v-cc-a-220-230-v-ca\/"},"modified":"2026-01-17T22:22:56","modified_gmt":"2026-01-17T22:22:56","slug":"inversor-solar-de-6200-w-de-48-v-cc-a-220-230-v-ca","status":"publish","type":"product","link":"https:\/\/mercadohogar.ca\/es\/product\/inversor-solar-de-6200-w-de-48-v-cc-a-220-230-v-ca\/","title":{"rendered":"Inversor solar de 6200 W, de 48 V CC a 220-230 V CA"},"content":{"rendered":"<ul>\n<li>Inversor de onda sinusoidal pura de 220 V\/230 V CA: Inversor de onda sinusoidal pura. Salida monof\u00e1sica de 230 V CA, 6200 W. Este nuevo inversor integra las funciones de inversor, cargador solar y cargador de bater\u00eda para proporcionar soporte de alimentaci\u00f3n ininterrumpida en una unidad compacta. (Nota: Este es un inversor de salida monof\u00e1sica de 220-240 V. Verifique siempre los requisitos de voltaje locales antes de la compra). (Se puede agregar un transformador para ajustar el voltaje de salida a 110 V).<\/li>\n<li>Especificaciones clave y detalles t\u00e9cnicos: Inversor solar de 6200 W, de 48 V CC a 220-230 V CA, controlador de carga MPPT de 120 A, potencia m\u00e1xima del panel fotovoltaico: 6500 W, voltaje m\u00e1ximo de circuito abierto del panel fotovoltaico: 500 V CC; voltaje de arranque &gt;150 V, corriente de carga m\u00e1xima: 120 A, rango de voltaje MPPT del panel fotovoltaico: 90~450 V CC; funci\u00f3n de arranque en fr\u00edo (46 V)  <\/li>\n<li>Restablecer la configuraci\u00f3n predeterminada con un clic: El inversor h\u00edbrido todo en uno de 6200 W puede restaurar la configuraci\u00f3n del sistema con una sola tecla en caso de error de configuraci\u00f3n, evitando el da\u00f1o a la m\u00e1quina causado por el error de configuraci\u00f3n. Con funci\u00f3n de arranque en fr\u00edo de la bater\u00eda (46 V) y reinicio autom\u00e1tico mientras la CA se recupera para proteger bien su sistema <\/li>\n<li>LUZ RBG PARA DIFERENTES MODOS DE TRABAJO: El logotipo del inversor h\u00edbrido PowMr puede mostrar cuatro colores diferentes de luz RBG, modo estacionario: luz blanca, modo fotovoltaico: luz p\u00farpura, modo bater\u00eda: luz roja, modo utilidad: luz azul. Puede conocer el modo de trabajo del inversor por los colores de la luz del logotipo <\/li>\n<li>Usos diversificados con potencia escalable y protecci\u00f3n total: El inversor de 48 V cuenta con un dise\u00f1o de cargador de bater\u00eda inteligente para un rendimiento optimizado, que admite voltaje de red o energ\u00eda del generador. Alimenta diversas cargas como refrigeradores, televisores, aires acondicionados y m\u00e1s, con 4 modos de carga (prioridad de red\/solar, h\u00edbrido y bater\u00eda+solar). La protecci\u00f3n de seguridad de 360\u00b0 incluye protecci\u00f3n contra cortocircuitos, sobre\/subvoltaje, sobrecarga y retroalimentaci\u00f3n para un funcionamiento confiable. Ideal para hogares, caba\u00f1as, veh\u00edculos recreativos, barcos y respaldo fuera de la red   <\/li>\n<\/ul>\n","protected":false},"excerpt":{"rendered":"<p>Inversor de onda sinusoidal pura de 220 V\/230 V CA: Inversor de onda sinusoidal pura. Salida monof\u00e1sica de 230 V CA, 6200 W. Este nuevo inversor integra las funciones de&hellip;<\/p>\n","protected":false},"featured_media":2273,"template":"","meta":[],"product_brand":[],"product_cat":[997],"product_tag":[],"class_list":{"0":"post-4558","1":"product","2":"type-product","3":"status-publish","4":"has-post-thumbnail","6":"product_cat-generadores-y-soluciones-de-energia-alternativa","7":"product_shipping_class-aerovaradero-dg-pequeno","9":"first","10":"instock","11":"shipping-taxable","12":"purchasable","13":"product-type-simple"},"_links":{"self":[{"href":"https:\/\/mercadohogar.ca\/es\/wp-json\/wp\/v2\/product\/4558","targetHints":{"allow":["GET"]}}],"collection":[{"href":"https:\/\/mercadohogar.ca\/es\/wp-json\/wp\/v2\/product"}],"about":[{"href":"https:\/\/mercadohogar.ca\/es\/wp-json\/wp\/v2\/types\/product"}],"version-history":[{"count":1,"href":"https:\/\/mercadohogar.ca\/es\/wp-json\/wp\/v2\/product\/4558\/revisions"}],"predecessor-version":[{"id":5432,"href":"https:\/\/mercadohogar.ca\/es\/wp-json\/wp\/v2\/product\/4558\/revisions\/5432"}],"wp:featuredmedia":[{"embeddable":true,"href":"https:\/\/mercadohogar.ca\/es\/wp-json\/wp\/v2\/media\/2273"}],"wp:attachment":[{"href":"https:\/\/mercadohogar.ca\/es\/wp-json\/wp\/v2\/media?parent=4558"}],"wp:term":[{"taxonomy":"product_brand","embeddable":true,"href":"https:\/\/mercadohogar.ca\/es\/wp-json\/wp\/v2\/product_brand?post=4558"},{"taxonomy":"product_cat","embeddable":true,"href":"https:\/\/mercadohogar.ca\/es\/wp-json\/wp\/v2\/product_cat?post=4558"},{"taxonomy":"product_tag","embeddable":true,"href":"https:\/\/mercadohogar.ca\/es\/wp-json\/wp\/v2\/product_tag?post=4558"}],"curies":[{"name":"wp","href":"https:\/\/api.w.org\/{rel}","templated":true}]}}