{"id":4559,"date":"2026-01-07T19:56:18","date_gmt":"2026-01-07T19:56:18","guid":{"rendered":"https:\/\/mercadohogar.ca\/producto\/inversor-de-corriente-de-300-w\/"},"modified":"2026-01-17T22:22:54","modified_gmt":"2026-01-17T22:22:54","slug":"inversor-de-corriente-de-300-w","status":"publish","type":"product","link":"https:\/\/mercadohogar.ca\/es\/product\/inversor-de-corriente-de-300-w\/","title":{"rendered":"Inversor de corriente de 300 W"},"content":{"rendered":"<p>Ventajas de BESTEK: proporciona 300 vatios de potencia continua de CC a CA y 700 vatios de potencia instant\u00e1nea, con 2 enchufes de CA y 2 puertos USB. Nota: Solo funciona con bater\u00edas de 12 V, no funciona con el Tesla Model Y <\/p>\n<p>Carga r\u00e1pida: dos enchufes de CA de 110 V para cargar dispositivos m\u00e1s grandes como ordenadores port\u00e1tiles y tabletas, 2 puertos de carga USB (0-2,4 A) para alimentar dispositivos compatibles con USB<\/p>\n<p>Ultracompacto y ligero: dise\u00f1o compacto ideal para usar en vacaciones, viajes de trabajo y camping. El enchufe para encendedor de cigarrillos de 61 cm (24 pulgadas) permite conectar el inversor de corriente a casi cualquier veh\u00edculo <\/p>\n<p>Multiprotecci\u00f3n: fusible incorporado de 40 amperios para proteger su dispositivo. El dise\u00f1o de carga segura proporciona protecci\u00f3n contra sobrecalentamiento, carga por tensi\u00f3n inferior y superior, cortocircuitos <\/p>\n<p>La carcasa met\u00e1lica duradera proporciona una protecci\u00f3n avanzada contra ca\u00eddas y golpes. El sistema de ventilador de refrigeraci\u00f3n inteligente hace que el inversor de corriente para coche sea muy silencioso cuando est\u00e1 en funcionamiento, y el ventilador funciona m\u00e1s r\u00e1pido cuando el dispositivo se calienta o la potencia de salida supera los 70 W.<\/p>\n","protected":false},"excerpt":{"rendered":"<p>Ventajas de BESTEK: proporciona 300 vatios de potencia continua de CC a CA y 700 vatios de potencia instant\u00e1nea, con 2 enchufes de CA y 2 puertos USB. Nota: Solo&hellip;<\/p>\n","protected":false},"featured_media":2239,"template":"","meta":[],"product_brand":[],"product_cat":[997],"product_tag":[],"class_list":{"0":"post-4559","1":"product","2":"type-product","3":"status-publish","4":"has-post-thumbnail","6":"product_cat-generadores-y-soluciones-de-energia-alternativa","7":"product_shipping_class-aerovaradero-general","9":"first","10":"instock","11":"shipping-taxable","12":"purchasable","13":"product-type-simple"},"_links":{"self":[{"href":"https:\/\/mercadohogar.ca\/es\/wp-json\/wp\/v2\/product\/4559","targetHints":{"allow":["GET"]}}],"collection":[{"href":"https:\/\/mercadohogar.ca\/es\/wp-json\/wp\/v2\/product"}],"about":[{"href":"https:\/\/mercadohogar.ca\/es\/wp-json\/wp\/v2\/types\/product"}],"version-history":[{"count":1,"href":"https:\/\/mercadohogar.ca\/es\/wp-json\/wp\/v2\/product\/4559\/revisions"}],"predecessor-version":[{"id":5429,"href":"https:\/\/mercadohogar.ca\/es\/wp-json\/wp\/v2\/product\/4559\/revisions\/5429"}],"wp:featuredmedia":[{"embeddable":true,"href":"https:\/\/mercadohogar.ca\/es\/wp-json\/wp\/v2\/media\/2239"}],"wp:attachment":[{"href":"https:\/\/mercadohogar.ca\/es\/wp-json\/wp\/v2\/media?parent=4559"}],"wp:term":[{"taxonomy":"product_brand","embeddable":true,"href":"https:\/\/mercadohogar.ca\/es\/wp-json\/wp\/v2\/product_brand?post=4559"},{"taxonomy":"product_cat","embeddable":true,"href":"https:\/\/mercadohogar.ca\/es\/wp-json\/wp\/v2\/product_cat?post=4559"},{"taxonomy":"product_tag","embeddable":true,"href":"https:\/\/mercadohogar.ca\/es\/wp-json\/wp\/v2\/product_tag?post=4559"}],"curies":[{"name":"wp","href":"https:\/\/api.w.org\/{rel}","templated":true}]}}