{"id":4561,"date":"2026-01-07T19:56:22","date_gmt":"2026-01-07T19:56:22","guid":{"rendered":"https:\/\/mercadohogar.ca\/producto\/kit-solar-premium-flexible-etfe-de-100-vatios-y-12-voltios\/"},"modified":"2026-01-17T22:22:51","modified_gmt":"2026-01-17T22:22:51","slug":"kit-solar-premium-flexible-etfe-de-100-vatios-y-12-voltios","status":"publish","type":"product","link":"https:\/\/mercadohogar.ca\/es\/product\/kit-solar-premium-flexible-etfe-de-100-vatios-y-12-voltios\/","title":{"rendered":"Kit solar premium flexible ETFE de 100 vatios y 12 voltios"},"content":{"rendered":"<h2>Libera la energ\u00eda solar en cualquier lugar con una flexibilidad y eficiencia incomparables<\/h2>\n<p>El <strong>kit solar premium flexible ETFE de 100 vatios y 12 voltios<\/strong> es la soluci\u00f3n definitiva para las necesidades de energ\u00eda fuera de la red, dise\u00f1ado para aventureros, entusiastas de las autocaravanas, navegantes y cualquier persona que busque energ\u00eda solar port\u00e1til y fiable.<\/p>\n<p>Este kit premium combina <strong>tecnolog\u00eda<\/strong> de vanguardia con un dise\u00f1o <strong>ligero<\/strong> y <strong>flexible<\/strong> para ofrecer energ\u00eda de alta eficiencia incluso en los entornos m\u00e1s desafiantes.<\/p>\n<h2>Caracter\u00edsticas principales<\/h2>\n<h3>Dise\u00f1o ultra flexible<\/h3>\n<p>Con una capacidad de flexi\u00f3n de hasta <strong>248 grados<\/strong>, este panel solar monocristalino se adapta f\u00e1cilmente a <strong>superficies curvas<\/strong> como techos de RV, cubiertas de barcos o tiendas de campa\u00f1a, lo que lo hace ideal para instalaciones no convencionales donde los paneles r\u00edgidos se quedan cortos.<\/p>\n<h3>Ligero y port\u00e1til<\/h3>\n<p>Con un peso de solo <strong>1,9 kg<\/strong> y un grosor de apenas <strong>0,2 cm<\/strong>, este panel es un 75 % m\u00e1s ligero y un 95 % m\u00e1s delgado que los paneles solares tradicionales de 100 W, lo que garantiza un f\u00e1cil transporte e instalaci\u00f3n para aplicaciones m\u00f3viles.<\/p>\n<h3>Celdas monocristalinas de alta eficiencia<\/h3>\n<p>Con <strong>celdas solares monocristalinas premium<\/strong> con una eficiencia de hasta el 23 %, este panel genera aproximadamente <strong>500 vatios-hora<\/strong> de electricidad por d\u00eda bajo 5-6 horas de luz solar directa, maximizando la producci\u00f3n de energ\u00eda.<\/p>\n<h3>Laminaci\u00f3n ETFE duradera<\/h3>\n<p>Recubierto con material <strong>ETFE<\/strong> avanzado, el panel ofrece una transmitancia de luz, resistencia a los ara\u00f1azos y durabilidad superiores. Su <strong>caja de conexiones con clasificaci\u00f3n IP68<\/strong> y sus <strong>conectores MC4 con clasificaci\u00f3n IP67<\/strong> garantizan un excelente rendimiento a prueba de la intemperie, perfecto para uso marino y en exteriores. <\/p>\n<h3>Kit premium completo<\/h3>\n<p>Incluye un <strong>panel solar flexible de 100 W<\/strong>, un controlador de carga MPPT impermeable de 10 A para una carga eficiente de la bater\u00eda (compatible con bater\u00edas AGM, de gel, inundadas y de litio), cables de bandeja de 8 pies y 10 AWG, <strong>cables adaptadores de 20 pies y 10 AWG<\/strong> y un manual de usuario para una configuraci\u00f3n perfecta.<\/p>\n<h3>Resistente a la intemperie y a los impactos<\/h3>\n<p>Probado rigurosamente para soportar vientos de hasta <strong>2400 Pa<\/strong> y cargas de nieve de hasta <strong>5400 Pa<\/strong>, este panel est\u00e1 construido para soportar condiciones adversas, lo que garantiza un rendimiento fiable en <strong>climas extremos<\/strong>.<\/p>\n<h3>F\u00e1cil instalaci\u00f3n<\/h3>\n<p>Equipado con seis orificios de montaje pretaladrados y reforzados con metal y conectores MC4, el <strong>panel admite una configuraci\u00f3n r\u00e1pida<\/strong> utilizando adhesivo estructural de silicona o sujetadores mec\u00e1nicos (ojales para aplicaciones no m\u00f3viles). Consulta a un contratista local para obtener una gu\u00eda de instalaci\u00f3n detallada. <\/p>\n<h2>Especificaciones t\u00e9cnicas<\/h2>\n<ul type=\"disc\">\n<li>\n<strong>Potencia m\u00e1xima (Pmax):<\/strong> 100 W\n<\/li>\n<li>\n<strong>Tensi\u00f3n de funcionamiento \u00f3ptima (Vmp):<\/strong> 20,3 V\n<\/li>\n<li>\n<strong>Corriente de funcionamiento \u00f3ptima (Imp):<\/strong> 4,93 A\n<\/li>\n<li>\n<strong>Tensi\u00f3n de circuito abierto (Voc):<\/strong> 24,3 V\n<\/li>\n<li>\n<strong>Corriente de cortocircuito (Isc):<\/strong> 5,19 A\n<\/li>\n<li>\n<strong>Eficiencia de la celda:<\/strong> Hasta el 23 %\n<\/li>\n<li>\n<strong>Temperatura de funcionamiento:<\/strong> -40 \u00b0F a 185 \u00b0F (-40 \u00b0C a 85 \u00b0C)\n<\/li>\n<li>\n<strong>Dimensiones:<\/strong> 1219 x 550 x 2 mm (48,0 x 21,6 x 0,08 in)\n<\/li>\n<li>\n<strong>Peso:<\/strong> 1,9 kg (4,2 lbs)\n<\/li>\n<li>\n<strong>Certificaciones:<\/strong> CE, FCC, RoHS<\/li>\n<\/ul>\n<h2>Aplicaciones ideales<\/h2>\n<p>Perfecto para <strong>aventuras fuera de la red<\/strong>, el kit solar premium flexible ETFE de 100 vatios y 12 voltios alimenta tu camping en RV, viajes mar\u00edtimos, viajes por tierra o caba\u00f1as remotas.<\/p>\n<p>Su dise\u00f1o ligero y <strong>duradero<\/strong> y su <strong>alta eficiencia<\/strong> lo convierten en una opci\u00f3n ideal para cargar <strong>bater\u00edas de 12 V<\/strong> y hacer funcionar aparatos electr\u00f3nicos como luces, ventiladores, frigor\u00edficos o peque\u00f1os inversores en cualquier entorno al aire libre.<\/p>\n<h2>\u00bfPor qu\u00e9 elegir este kit?<\/h2>\n<p>Este kit solar premium combina <strong>portabilidad<\/strong>, <strong>durabilidad<\/strong> y <strong>alto rendimiento<\/strong>, ofreciendo una alternativa <strong>silenciosa<\/strong> y <strong>ecol\u00f3gica<\/strong> a los generadores de gasolina. Con su avanzada laminaci\u00f3n ETFE y su controlador de carga MPPT, obtienes energ\u00eda fiable y eficiente dondequiera que te lleve tu viaje. <\/p>\n<p>Respaldado por <strong>garant\u00edas<\/strong> y <strong>certificaciones<\/strong> l\u00edderes en la industria, este kit garantiza una independencia energ\u00e9tica duradera para tu estilo de vida fuera de la red.<\/p>\n<p style=\"line-height: normal\" class=\"MsoNormal\"><strong>\u00a1Abraza la libertad de la energ\u00eda solar hoy mismo con el kit solar premium flexible ETFE de 100 vatios y 12 voltios!<\/strong><span style=\"font-size: 12.0pt;font-family: 'Times New Roman',serif\"><\/span><\/p>\n","protected":false},"excerpt":{"rendered":"<p>Libera la energ\u00eda solar en cualquier lugar con una flexibilidad y eficiencia incomparables El kit solar premium flexible ETFE de 100 vatios y 12 voltios es la soluci\u00f3n definitiva para&hellip;<\/p>\n","protected":false},"featured_media":2148,"template":"","meta":[],"product_brand":[],"product_cat":[997],"product_tag":[],"class_list":{"0":"post-4561","1":"product","2":"type-product","3":"status-publish","4":"has-post-thumbnail","6":"product_cat-generadores-y-soluciones-de-energia-alternativa","7":"product_shipping_class-aerovaradero-dg-pequeno","9":"first","10":"instock","11":"shipping-taxable","12":"purchasable","13":"product-type-simple"},"_links":{"self":[{"href":"https:\/\/mercadohogar.ca\/es\/wp-json\/wp\/v2\/product\/4561","targetHints":{"allow":["GET"]}}],"collection":[{"href":"https:\/\/mercadohogar.ca\/es\/wp-json\/wp\/v2\/product"}],"about":[{"href":"https:\/\/mercadohogar.ca\/es\/wp-json\/wp\/v2\/types\/product"}],"version-history":[{"count":2,"href":"https:\/\/mercadohogar.ca\/es\/wp-json\/wp\/v2\/product\/4561\/revisions"}],"predecessor-version":[{"id":5421,"href":"https:\/\/mercadohogar.ca\/es\/wp-json\/wp\/v2\/product\/4561\/revisions\/5421"}],"wp:featuredmedia":[{"embeddable":true,"href":"https:\/\/mercadohogar.ca\/es\/wp-json\/wp\/v2\/media\/2148"}],"wp:attachment":[{"href":"https:\/\/mercadohogar.ca\/es\/wp-json\/wp\/v2\/media?parent=4561"}],"wp:term":[{"taxonomy":"product_brand","embeddable":true,"href":"https:\/\/mercadohogar.ca\/es\/wp-json\/wp\/v2\/product_brand?post=4561"},{"taxonomy":"product_cat","embeddable":true,"href":"https:\/\/mercadohogar.ca\/es\/wp-json\/wp\/v2\/product_cat?post=4561"},{"taxonomy":"product_tag","embeddable":true,"href":"https:\/\/mercadohogar.ca\/es\/wp-json\/wp\/v2\/product_tag?post=4561"}],"curies":[{"name":"wp","href":"https:\/\/api.w.org\/{rel}","templated":true}]}}