{"id":4562,"date":"2026-01-07T19:56:21","date_gmt":"2026-01-07T19:56:21","guid":{"rendered":"https:\/\/mercadohogar.ca\/producto\/controlador-de-carga-solar-mppt-de-100-a-12-v-24-v-36-v-48-v-automatico\/"},"modified":"2026-01-17T22:22:52","modified_gmt":"2026-01-17T22:22:52","slug":"controlador-de-carga-solar-mppt-de-100-a-12-v-24-v-36-v-48-v-automatico","status":"publish","type":"product","link":"https:\/\/mercadohogar.ca\/es\/producto\/controlador-de-carga-solar-mppt-de-100-a-12-v-24-v-36-v-48-v-automatico\/","title":{"rendered":"Controlador de carga solar MPPT de 100 A, 12 V, 24 V, 36 V, 48 V autom\u00e1tico"},"content":{"rendered":"<p>Actualizaci\u00f3n 1: admite hasta 12 unidades en paralelo: este controlador solar admite el uso aut\u00f3nomo de una sola unidad, as\u00ed como el uso en paralelo de varias unidades. La funci\u00f3n paralela facilita la expansi\u00f3n del n\u00famero de configuraciones de paneles solares y el l\u00edmite superior de la capacidad de la bater\u00eda de almacenamiento de un sistema solar, lo que aumenta la escala del almacenamiento de energ\u00eda. <\/p>\n<div>Actualizaci\u00f3n 2: algoritmo de carga multietapa: existen 3 modos de carga integrados (carga masiva, carga de refuerzo, carga flotante). Con el modo de carga de bater\u00eda de tres etapas, el sistema puede optimizar eficazmente el ciclo de carga y, al mismo tiempo, tambi\u00e9n tiene una funci\u00f3n de carga de refuerzo adaptativa para evitar la sobrecarga y prolongar eficazmente la vida \u00fatil de la bater\u00eda. <\/div>\n<div>Controlador de carga solar MPPT eficiente de 100 A: el controlador de carga solar MPPT de 100 A es compatible con voltajes de sistema de 12 V\/24 V\/36 V\/48 V y cuenta con la innovadora tecnolog\u00eda MPPT (Maximum Power Point Tracking) con eficiencias de seguimiento de hasta el 99 % y eficiencias de conversi\u00f3n m\u00e1ximas de hasta el 97 %.<\/div>\n<div>Amplio rango de soporte de voltaje\/potencia; El controlador solar de 100 A admite alta potencia\/voltaje de entrada fotovoltaica. El controlador del cargador puede aceptar voltaje solar de hasta 160 V. Cuando la bater\u00eda es un sistema de 12 V, la potencia m\u00e1xima de entrada fotovoltaica recomendada es de 1200 W; Para el sistema de 24 V, el m\u00e1ximo es de 2400 W; Para el sistema de 36 V, el m\u00e1ximo es de 3600 W; Para el sistema de 48 V, el m\u00e1ximo es de 4800 W.     <\/div>\n<div>Admite varios tipos de bater\u00edas: compatible con muchos tipos de bater\u00edas de 12\/24\/36\/48 V, como bater\u00edas de plomo-\u00e1cido, bater\u00edas selladas, bater\u00edas de gel, bater\u00edas AGM, bater\u00edas inundadas, bater\u00edas de litio y definidas por el usuario, f\u00e1cil de cambiar mediante el sistema de control. Cuando el par\u00e1metro Tipo de bater\u00eda est\u00e1 configurado en Bater\u00eda de litio, tambi\u00e9n hay una funci\u00f3n de activaci\u00f3n de litio. <\/div>\n<div>Protecci\u00f3n completa de carga de la bater\u00eda: la protecci\u00f3n integrada contra cortocircuitos de la matriz fotovoltaica, la protecci\u00f3n contra sobrecorriente de entrada fotovoltaica, la protecci\u00f3n contra cortocircuitos de carga, la protecci\u00f3n contra inversi\u00f3n de polaridad fotovoltaica, la protecci\u00f3n contra inversi\u00f3n de polaridad de la bater\u00eda, la protecci\u00f3n contra sobretemperatura y muchas otras funciones de protecci\u00f3n de la bater\u00eda hacen que sea m\u00e1s seguro de usar.<\/div>\n","protected":false},"excerpt":{"rendered":"<p>Actualizaci\u00f3n 1: admite hasta 12 unidades en paralelo: este controlador solar admite el uso aut\u00f3nomo de una sola unidad, as\u00ed como el uso en paralelo de varias unidades. La funci\u00f3n paralela facilita la expansi\u00f3n del n\u00famero de configuraciones de paneles solares y el l\u00edmite superior de la capacidad de la bater\u00eda de almacenamiento de un sistema solar, lo que aumenta [&hellip;]<\/p>\n","protected":false},"featured_media":2153,"template":"","meta":{"_coblocks_attr":"","_coblocks_dimensions":"","_coblocks_responsive_height":"","_coblocks_accordion_ie_support":"","postBodyCss":"","postBodyMargin":[],"postBodyPadding":[],"postBodyBackground":{"backgroundType":"classic","gradient":""}},"product_brand":[],"product_cat":[899],"product_tag":[],"class_list":{"0":"post-4562","1":"product","2":"type-product","3":"status-publish","4":"has-post-thumbnail","6":"product_cat-generators-alternative-power-solutions","7":"product_shipping_class-aerovaradero-dg-pequeno","9":"first","10":"instock","11":"taxable","12":"shipping-taxable","13":"purchasable","14":"product-type-simple"},"yoast_head":"<!-- This site is optimized with the Yoast SEO plugin v27.4 - https:\/\/yoast.com\/product\/yoast-seo-wordpress\/ -->\n<title>Controlador de carga solar MPPT de 100 A, 12 V, 24 V, 36 V, 48 V autom\u00e1tico - Mercado Hogar<\/title>\n<meta name=\"robots\" content=\"index, follow, max-snippet:-1, max-image-preview:large, max-video-preview:-1\" \/>\n<link rel=\"canonical\" href=\"https:\/\/mercadohogar.ca\/es\/producto\/controlador-de-carga-solar-mppt-de-100-a-12-v-24-v-36-v-48-v-automatico\/\" \/>\n<meta property=\"og:locale\" content=\"es_ES\" \/>\n<meta property=\"og:type\" content=\"article\" \/>\n<meta property=\"og:title\" content=\"Controlador de carga solar MPPT de 100 A, 12 V, 24 V, 36 V, 48 V autom\u00e1tico - Mercado Hogar\" \/>\n<meta property=\"og:description\" content=\"Actualizaci\u00f3n 1: admite hasta 12 unidades en paralelo: este controlador solar admite el uso aut\u00f3nomo de una sola unidad, as\u00ed como el uso en paralelo de varias unidades. La funci\u00f3n paralela facilita la expansi\u00f3n del n\u00famero de configuraciones de paneles solares y el l\u00edmite superior de la capacidad de la bater\u00eda de almacenamiento de un sistema solar, lo que aumenta [&hellip;]\" \/>\n<meta property=\"og:url\" content=\"https:\/\/mercadohogar.ca\/es\/producto\/controlador-de-carga-solar-mppt-de-100-a-12-v-24-v-36-v-48-v-automatico\/\" \/>\n<meta property=\"og:site_name\" content=\"Mercado Hogar\" \/>\n<meta property=\"article:modified_time\" content=\"2026-01-17T22:22:52+00:00\" \/>\n<meta property=\"og:image\" content=\"https:\/\/mercadohogar.ca\/wp-content\/uploads\/2026\/01\/wp-image-7358152300.jpg\" \/>\n\t<meta property=\"og:image:width\" content=\"904\" \/>\n\t<meta property=\"og:image:height\" content=\"1305\" \/>\n\t<meta property=\"og:image:type\" content=\"image\/jpeg\" \/>\n<meta name=\"twitter:card\" content=\"summary_large_image\" \/>\n<meta name=\"twitter:label1\" content=\"Tiempo de lectura\" \/>\n\t<meta name=\"twitter:data1\" content=\"2 minutos\" \/>\n<script type=\"application\/ld+json\" class=\"yoast-schema-graph\">{\"@context\":\"https:\\\/\\\/schema.org\",\"@graph\":[{\"@type\":\"WebPage\",\"@id\":\"https:\\\/\\\/mercadohogar.ca\\\/es\\\/producto\\\/controlador-de-carga-solar-mppt-de-100-a-12-v-24-v-36-v-48-v-automatico\\\/\",\"url\":\"https:\\\/\\\/mercadohogar.ca\\\/es\\\/producto\\\/controlador-de-carga-solar-mppt-de-100-a-12-v-24-v-36-v-48-v-automatico\\\/\",\"name\":\"Controlador de carga solar MPPT de 100 A, 12 V, 24 V, 36 V, 48 V autom\u00e1tico - Mercado Hogar\",\"isPartOf\":{\"@id\":\"https:\\\/\\\/mercadohogar.ca\\\/es\\\/#website\"},\"primaryImageOfPage\":{\"@id\":\"https:\\\/\\\/mercadohogar.ca\\\/es\\\/producto\\\/controlador-de-carga-solar-mppt-de-100-a-12-v-24-v-36-v-48-v-automatico\\\/#primaryimage\"},\"image\":{\"@id\":\"https:\\\/\\\/mercadohogar.ca\\\/es\\\/producto\\\/controlador-de-carga-solar-mppt-de-100-a-12-v-24-v-36-v-48-v-automatico\\\/#primaryimage\"},\"thumbnailUrl\":\"https:\\\/\\\/mercadohogar.ca\\\/wp-content\\\/uploads\\\/2026\\\/01\\\/wp-image-7358152300.jpg\",\"datePublished\":\"2026-01-07T19:56:21+00:00\",\"dateModified\":\"2026-01-17T22:22:52+00:00\",\"breadcrumb\":{\"@id\":\"https:\\\/\\\/mercadohogar.ca\\\/es\\\/producto\\\/controlador-de-carga-solar-mppt-de-100-a-12-v-24-v-36-v-48-v-automatico\\\/#breadcrumb\"},\"inLanguage\":\"es\",\"potentialAction\":[{\"@type\":\"ReadAction\",\"target\":[\"https:\\\/\\\/mercadohogar.ca\\\/es\\\/producto\\\/controlador-de-carga-solar-mppt-de-100-a-12-v-24-v-36-v-48-v-automatico\\\/\"]}]},{\"@type\":\"ImageObject\",\"inLanguage\":\"es\",\"@id\":\"https:\\\/\\\/mercadohogar.ca\\\/es\\\/producto\\\/controlador-de-carga-solar-mppt-de-100-a-12-v-24-v-36-v-48-v-automatico\\\/#primaryimage\",\"url\":\"https:\\\/\\\/mercadohogar.ca\\\/wp-content\\\/uploads\\\/2026\\\/01\\\/wp-image-7358152300.jpg\",\"contentUrl\":\"https:\\\/\\\/mercadohogar.ca\\\/wp-content\\\/uploads\\\/2026\\\/01\\\/wp-image-7358152300.jpg\",\"width\":904,\"height\":1305},{\"@type\":\"BreadcrumbList\",\"@id\":\"https:\\\/\\\/mercadohogar.ca\\\/es\\\/producto\\\/controlador-de-carga-solar-mppt-de-100-a-12-v-24-v-36-v-48-v-automatico\\\/#breadcrumb\",\"itemListElement\":[{\"@type\":\"ListItem\",\"position\":1,\"name\":\"Home\",\"item\":\"https:\\\/\\\/mercadohogar.ca\\\/es\\\/\"},{\"@type\":\"ListItem\",\"position\":2,\"name\":\"Tienda\",\"item\":\"https:\\\/\\\/mercadohogar.ca\\\/es\\\/tienda-2\\\/\"},{\"@type\":\"ListItem\",\"position\":3,\"name\":\"Controlador de carga solar MPPT de 100 A, 12 V, 24 V, 36 V, 48 V autom\u00e1tico\"}]},{\"@type\":\"WebSite\",\"@id\":\"https:\\\/\\\/mercadohogar.ca\\\/es\\\/#website\",\"url\":\"https:\\\/\\\/mercadohogar.ca\\\/es\\\/\",\"name\":\"Mercado Hogar\",\"description\":\"Mercado Hogar\",\"publisher\":{\"@id\":\"https:\\\/\\\/mercadohogar.ca\\\/es\\\/#organization\"},\"potentialAction\":[{\"@type\":\"SearchAction\",\"target\":{\"@type\":\"EntryPoint\",\"urlTemplate\":\"https:\\\/\\\/mercadohogar.ca\\\/es\\\/?s={search_term_string}\"},\"query-input\":{\"@type\":\"PropertyValueSpecification\",\"valueRequired\":true,\"valueName\":\"search_term_string\"}}],\"inLanguage\":\"es\"},{\"@type\":\"Organization\",\"@id\":\"https:\\\/\\\/mercadohogar.ca\\\/es\\\/#organization\",\"name\":\"Mercado Hogar\",\"url\":\"https:\\\/\\\/mercadohogar.ca\\\/es\\\/\",\"logo\":{\"@type\":\"ImageObject\",\"inLanguage\":\"es\",\"@id\":\"https:\\\/\\\/mercadohogar.ca\\\/es\\\/#\\\/schema\\\/logo\\\/image\\\/\",\"url\":\"https:\\\/\\\/mercadohogar.ca\\\/wp-content\\\/uploads\\\/2025\\\/12\\\/MH-LOGO.png\",\"contentUrl\":\"https:\\\/\\\/mercadohogar.ca\\\/wp-content\\\/uploads\\\/2025\\\/12\\\/MH-LOGO.png\",\"width\":1200,\"height\":1200,\"caption\":\"Mercado Hogar\"},\"image\":{\"@id\":\"https:\\\/\\\/mercadohogar.ca\\\/es\\\/#\\\/schema\\\/logo\\\/image\\\/\"}}]}<\/script>\n<!-- \/ Yoast SEO plugin. -->","yoast_head_json":{"title":"Controlador de carga solar MPPT de 100 A, 12 V, 24 V, 36 V, 48 V autom\u00e1tico - Mercado Hogar","robots":{"index":"index","follow":"follow","max-snippet":"max-snippet:-1","max-image-preview":"max-image-preview:large","max-video-preview":"max-video-preview:-1"},"canonical":"https:\/\/mercadohogar.ca\/es\/producto\/controlador-de-carga-solar-mppt-de-100-a-12-v-24-v-36-v-48-v-automatico\/","og_locale":"es_ES","og_type":"article","og_title":"Controlador de carga solar MPPT de 100 A, 12 V, 24 V, 36 V, 48 V autom\u00e1tico - Mercado Hogar","og_description":"Actualizaci\u00f3n 1: admite hasta 12 unidades en paralelo: este controlador solar admite el uso aut\u00f3nomo de una sola unidad, as\u00ed como el uso en paralelo de varias unidades. La funci\u00f3n paralela facilita la expansi\u00f3n del n\u00famero de configuraciones de paneles solares y el l\u00edmite superior de la capacidad de la bater\u00eda de almacenamiento de un sistema solar, lo que aumenta [&hellip;]","og_url":"https:\/\/mercadohogar.ca\/es\/producto\/controlador-de-carga-solar-mppt-de-100-a-12-v-24-v-36-v-48-v-automatico\/","og_site_name":"Mercado Hogar","article_modified_time":"2026-01-17T22:22:52+00:00","og_image":[{"width":904,"height":1305,"url":"https:\/\/mercadohogar.ca\/wp-content\/uploads\/2026\/01\/wp-image-7358152300.jpg","type":"image\/jpeg"}],"twitter_card":"summary_large_image","twitter_misc":{"Tiempo de lectura":"2 minutos"},"schema":{"@context":"https:\/\/schema.org","@graph":[{"@type":"WebPage","@id":"https:\/\/mercadohogar.ca\/es\/producto\/controlador-de-carga-solar-mppt-de-100-a-12-v-24-v-36-v-48-v-automatico\/","url":"https:\/\/mercadohogar.ca\/es\/producto\/controlador-de-carga-solar-mppt-de-100-a-12-v-24-v-36-v-48-v-automatico\/","name":"Controlador de carga solar MPPT de 100 A, 12 V, 24 V, 36 V, 48 V autom\u00e1tico - Mercado Hogar","isPartOf":{"@id":"https:\/\/mercadohogar.ca\/es\/#website"},"primaryImageOfPage":{"@id":"https:\/\/mercadohogar.ca\/es\/producto\/controlador-de-carga-solar-mppt-de-100-a-12-v-24-v-36-v-48-v-automatico\/#primaryimage"},"image":{"@id":"https:\/\/mercadohogar.ca\/es\/producto\/controlador-de-carga-solar-mppt-de-100-a-12-v-24-v-36-v-48-v-automatico\/#primaryimage"},"thumbnailUrl":"https:\/\/mercadohogar.ca\/wp-content\/uploads\/2026\/01\/wp-image-7358152300.jpg","datePublished":"2026-01-07T19:56:21+00:00","dateModified":"2026-01-17T22:22:52+00:00","breadcrumb":{"@id":"https:\/\/mercadohogar.ca\/es\/producto\/controlador-de-carga-solar-mppt-de-100-a-12-v-24-v-36-v-48-v-automatico\/#breadcrumb"},"inLanguage":"es","potentialAction":[{"@type":"ReadAction","target":["https:\/\/mercadohogar.ca\/es\/producto\/controlador-de-carga-solar-mppt-de-100-a-12-v-24-v-36-v-48-v-automatico\/"]}]},{"@type":"ImageObject","inLanguage":"es","@id":"https:\/\/mercadohogar.ca\/es\/producto\/controlador-de-carga-solar-mppt-de-100-a-12-v-24-v-36-v-48-v-automatico\/#primaryimage","url":"https:\/\/mercadohogar.ca\/wp-content\/uploads\/2026\/01\/wp-image-7358152300.jpg","contentUrl":"https:\/\/mercadohogar.ca\/wp-content\/uploads\/2026\/01\/wp-image-7358152300.jpg","width":904,"height":1305},{"@type":"BreadcrumbList","@id":"https:\/\/mercadohogar.ca\/es\/producto\/controlador-de-carga-solar-mppt-de-100-a-12-v-24-v-36-v-48-v-automatico\/#breadcrumb","itemListElement":[{"@type":"ListItem","position":1,"name":"Home","item":"https:\/\/mercadohogar.ca\/es\/"},{"@type":"ListItem","position":2,"name":"Tienda","item":"https:\/\/mercadohogar.ca\/es\/tienda-2\/"},{"@type":"ListItem","position":3,"name":"Controlador de carga solar MPPT de 100 A, 12 V, 24 V, 36 V, 48 V autom\u00e1tico"}]},{"@type":"WebSite","@id":"https:\/\/mercadohogar.ca\/es\/#website","url":"https:\/\/mercadohogar.ca\/es\/","name":"Mercado Hogar","description":"Mercado Hogar","publisher":{"@id":"https:\/\/mercadohogar.ca\/es\/#organization"},"potentialAction":[{"@type":"SearchAction","target":{"@type":"EntryPoint","urlTemplate":"https:\/\/mercadohogar.ca\/es\/?s={search_term_string}"},"query-input":{"@type":"PropertyValueSpecification","valueRequired":true,"valueName":"search_term_string"}}],"inLanguage":"es"},{"@type":"Organization","@id":"https:\/\/mercadohogar.ca\/es\/#organization","name":"Mercado Hogar","url":"https:\/\/mercadohogar.ca\/es\/","logo":{"@type":"ImageObject","inLanguage":"es","@id":"https:\/\/mercadohogar.ca\/es\/#\/schema\/logo\/image\/","url":"https:\/\/mercadohogar.ca\/wp-content\/uploads\/2025\/12\/MH-LOGO.png","contentUrl":"https:\/\/mercadohogar.ca\/wp-content\/uploads\/2025\/12\/MH-LOGO.png","width":1200,"height":1200,"caption":"Mercado Hogar"},"image":{"@id":"https:\/\/mercadohogar.ca\/es\/#\/schema\/logo\/image\/"}}]}},"jetpack_sharing_enabled":true,"_links":{"self":[{"href":"https:\/\/mercadohogar.ca\/es\/wp-json\/wp\/v2\/product\/4562","targetHints":{"allow":["GET"]}}],"collection":[{"href":"https:\/\/mercadohogar.ca\/es\/wp-json\/wp\/v2\/product"}],"about":[{"href":"https:\/\/mercadohogar.ca\/es\/wp-json\/wp\/v2\/types\/product"}],"version-history":[{"count":1,"href":"https:\/\/mercadohogar.ca\/es\/wp-json\/wp\/v2\/product\/4562\/revisions"}],"predecessor-version":[{"id":5422,"href":"https:\/\/mercadohogar.ca\/es\/wp-json\/wp\/v2\/product\/4562\/revisions\/5422"}],"wp:featuredmedia":[{"embeddable":true,"href":"https:\/\/mercadohogar.ca\/es\/wp-json\/wp\/v2\/media\/2153"}],"wp:attachment":[{"href":"https:\/\/mercadohogar.ca\/es\/wp-json\/wp\/v2\/media?parent=4562"}],"wp:term":[{"taxonomy":"product_brand","embeddable":true,"href":"https:\/\/mercadohogar.ca\/es\/wp-json\/wp\/v2\/product_brand?post=4562"},{"taxonomy":"product_cat","embeddable":true,"href":"https:\/\/mercadohogar.ca\/es\/wp-json\/wp\/v2\/product_cat?post=4562"},{"taxonomy":"product_tag","embeddable":true,"href":"https:\/\/mercadohogar.ca\/es\/wp-json\/wp\/v2\/product_tag?post=4562"}],"curies":[{"name":"wp","href":"https:\/\/api.w.org\/{rel}","templated":true}]}}