{"id":4563,"date":"2026-01-07T19:56:21","date_gmt":"2026-01-07T19:56:21","guid":{"rendered":"https:\/\/mercadohogar.ca\/producto\/bateria-lifepo4-de-12-v-y-300-ah-con-bms-integrado\/"},"modified":"2026-01-17T22:29:57","modified_gmt":"2026-01-17T22:29:57","slug":"bateria-lifepo4-de-12-v-y-300-ah-con-bms-integrado","status":"publish","type":"product","link":"https:\/\/mercadohogar.ca\/es\/product\/bateria-lifepo4-de-12-v-y-300-ah-con-bms-integrado\/","title":{"rendered":"Bater\u00eda LiFePO4 de 12 V y 300 Ah con BMS integrado"},"content":{"rendered":"<p>Reutilizaci\u00f3n: Recargable<\/p>\n<div>Propiedades de la bater\u00eda: Bater\u00eda recargable<\/div>\n<div>Bater\u00eda recargable: Bater\u00eda de litio \u2013 Otras series<\/div>\n<div>Capacidad de la bater\u00eda (mAh): 300 Ah<\/div>\n<div>NOTA: 1. Las bater\u00edas de fosfato de hierro y litio DUMFUME de 12 V y 300 Ah est\u00e1n dise\u00f1adas para el almacenamiento de energ\u00eda, no las utilice como bater\u00eda de arranque, bater\u00eda de carrito de golf o gato. \u00a1No recomendamos su uso para arrancar ning\u00fan equipo! 2. La temperatura de la bater\u00eda cambiar\u00e1 al cargarla o usarla. Tenga en cuenta que no se recomienda seguir utilizando la bater\u00eda a temperaturas m\u00e1s altas para evitar quemaduras.  <\/div>\n","protected":false},"excerpt":{"rendered":"<p>Reutilizaci\u00f3n: Recargable Propiedades de la bater\u00eda: Bater\u00eda recargable Bater\u00eda recargable: Bater\u00eda de litio \u2013 Otras series Capacidad de la bater\u00eda (mAh): 300 Ah NOTA: 1. Las bater\u00edas de fosfato de&hellip;<\/p>\n","protected":false},"featured_media":2164,"template":"","meta":[],"product_brand":[],"product_cat":[997],"product_tag":[],"class_list":{"0":"post-4563","1":"product","2":"type-product","3":"status-publish","4":"has-post-thumbnail","6":"product_cat-generadores-y-soluciones-de-energia-alternativa","7":"product_shipping_class-aerovaradero-dg-grande","9":"first","10":"instock","11":"shipping-taxable","12":"purchasable","13":"product-type-simple"},"_links":{"self":[{"href":"https:\/\/mercadohogar.ca\/es\/wp-json\/wp\/v2\/product\/4563","targetHints":{"allow":["GET"]}}],"collection":[{"href":"https:\/\/mercadohogar.ca\/es\/wp-json\/wp\/v2\/product"}],"about":[{"href":"https:\/\/mercadohogar.ca\/es\/wp-json\/wp\/v2\/types\/product"}],"version-history":[{"count":1,"href":"https:\/\/mercadohogar.ca\/es\/wp-json\/wp\/v2\/product\/4563\/revisions"}],"predecessor-version":[{"id":5423,"href":"https:\/\/mercadohogar.ca\/es\/wp-json\/wp\/v2\/product\/4563\/revisions\/5423"}],"wp:featuredmedia":[{"embeddable":true,"href":"https:\/\/mercadohogar.ca\/es\/wp-json\/wp\/v2\/media\/2164"}],"wp:attachment":[{"href":"https:\/\/mercadohogar.ca\/es\/wp-json\/wp\/v2\/media?parent=4563"}],"wp:term":[{"taxonomy":"product_brand","embeddable":true,"href":"https:\/\/mercadohogar.ca\/es\/wp-json\/wp\/v2\/product_brand?post=4563"},{"taxonomy":"product_cat","embeddable":true,"href":"https:\/\/mercadohogar.ca\/es\/wp-json\/wp\/v2\/product_cat?post=4563"},{"taxonomy":"product_tag","embeddable":true,"href":"https:\/\/mercadohogar.ca\/es\/wp-json\/wp\/v2\/product_tag?post=4563"}],"curies":[{"name":"wp","href":"https:\/\/api.w.org\/{rel}","templated":true}]}}