{"id":4564,"date":"2026-01-07T19:56:20","date_gmt":"2026-01-07T19:56:20","guid":{"rendered":"https:\/\/mercadohogar.ca\/producto\/bateria-de-litio-lifepo4-de-24-v-y-100-ah-con-bms-de-100-a-integrado\/"},"modified":"2026-01-17T22:29:59","modified_gmt":"2026-01-17T22:29:59","slug":"bateria-de-litio-lifepo4-de-24-v-y-100-ah-con-bms-de-100-a-integrado","status":"publish","type":"product","link":"https:\/\/mercadohogar.ca\/es\/product\/bateria-de-litio-lifepo4-de-24-v-y-100-ah-con-bms-de-100-a-integrado\/","title":{"rendered":"Bater\u00eda de litio LiFePO4 de 24 V y 100 Ah con BMS de 100 A integrado"},"content":{"rendered":"<p>Funcionamiento sin riesgos: La bater\u00eda LiFePO4 de 24 V y 100 Ah utiliza celdas de fosfato de hierro y litio (LiFePO4) de \u00faltima generaci\u00f3n, que son t\u00e9rmicamente estables y minimizan el riesgo de explosi\u00f3n o combusti\u00f3n incluso en condiciones extremas, lo que hace que la bater\u00eda LiFePO4 de 24 V sea especialmente adecuada para entornos de alta vibraci\u00f3n, como veh\u00edculos recreativos y embarcaciones.<\/p>\n<div>Mecanismos de protecci\u00f3n m\u00faltiple integrados: La bater\u00eda de litio de 24 V y 100 Ah tiene un BMS (sistema de gesti\u00f3n de bater\u00eda) de 100 A integrado que protege contra la sobrecarga, la sobredescarga, la sobrecorriente, la alta temperatura y los cortocircuitos, lo que garantiza un funcionamiento seguro y fiable durante largos per\u00edodos de tiempo. Esto le da confianza en el rendimiento y la durabilidad de su bater\u00eda de 24 voltios. El rango de temperatura de funcionamiento: -20 \u00b0C ~ 60 \u00b0C \/ -4 \u00b0F a 140 \u00b0F  <\/div>\n<div>Sistema ampliable: Una bater\u00eda de litio de 25,6 V y 100 Ah equivale en capacidad a dos bater\u00edas de litio de 12 V y 100 Ah. Con un voltaje m\u00e1s alto de 25,6 V y un almacenamiento de energ\u00eda de 2,56 kWh, admite una conexi\u00f3n de hasta 4P2S (cuatro en paralelo, dos en serie), lo que le permite ampliar su sistema a 48 V\/400 Ah. Esta flexibilidad le permite adaptar su sistema de alimentaci\u00f3n para satisfacer una variedad de necesidades energ\u00e9ticas  <\/div>\n<div>Instrucciones de uso de la bater\u00eda LiFePO4 de 24 V: Bajo diversos m\u00e9todos e instrumentos de medici\u00f3n de temperatura\/humedad, el voltaje y la corriente pueden desviarse entre un 1 % y un 5 %. Cargue\/descargue la bater\u00eda una vez cada 6 meses para evitar da\u00f1os por desuso. Adem\u00e1s, la bater\u00eda de litio LiFePO4 de 24 V no es adecuada para hacer funcionar un carrito de golf, un motor o cualquier dispositivo similar que genere una alta corriente en el momento en que se pone en marcha.  <\/div>\n","protected":false},"excerpt":{"rendered":"<p>Funcionamiento sin riesgos: La bater\u00eda LiFePO4 de 24 V y 100 Ah utiliza celdas de fosfato de hierro y litio (LiFePO4) de \u00faltima generaci\u00f3n, que son t\u00e9rmicamente estables y minimizan&hellip;<\/p>\n","protected":false},"featured_media":2198,"template":"","meta":[],"product_brand":[],"product_cat":[997],"product_tag":[],"class_list":{"0":"post-4564","1":"product","2":"type-product","3":"status-publish","4":"has-post-thumbnail","6":"product_cat-generadores-y-soluciones-de-energia-alternativa","7":"product_shipping_class-aerovaradero-dg-grande","9":"first","10":"instock","11":"shipping-taxable","12":"purchasable","13":"product-type-simple"},"_links":{"self":[{"href":"https:\/\/mercadohogar.ca\/es\/wp-json\/wp\/v2\/product\/4564","targetHints":{"allow":["GET"]}}],"collection":[{"href":"https:\/\/mercadohogar.ca\/es\/wp-json\/wp\/v2\/product"}],"about":[{"href":"https:\/\/mercadohogar.ca\/es\/wp-json\/wp\/v2\/types\/product"}],"version-history":[{"count":1,"href":"https:\/\/mercadohogar.ca\/es\/wp-json\/wp\/v2\/product\/4564\/revisions"}],"predecessor-version":[{"id":5425,"href":"https:\/\/mercadohogar.ca\/es\/wp-json\/wp\/v2\/product\/4564\/revisions\/5425"}],"wp:featuredmedia":[{"embeddable":true,"href":"https:\/\/mercadohogar.ca\/es\/wp-json\/wp\/v2\/media\/2198"}],"wp:attachment":[{"href":"https:\/\/mercadohogar.ca\/es\/wp-json\/wp\/v2\/media?parent=4564"}],"wp:term":[{"taxonomy":"product_brand","embeddable":true,"href":"https:\/\/mercadohogar.ca\/es\/wp-json\/wp\/v2\/product_brand?post=4564"},{"taxonomy":"product_cat","embeddable":true,"href":"https:\/\/mercadohogar.ca\/es\/wp-json\/wp\/v2\/product_cat?post=4564"},{"taxonomy":"product_tag","embeddable":true,"href":"https:\/\/mercadohogar.ca\/es\/wp-json\/wp\/v2\/product_tag?post=4564"}],"curies":[{"name":"wp","href":"https:\/\/api.w.org\/{rel}","templated":true}]}}