{"id":4565,"date":"2026-01-07T19:56:15","date_gmt":"2026-01-07T19:56:15","guid":{"rendered":"https:\/\/mercadohogar.ca\/producto\/estacion-de-energia-portatil-anker-solix-c1000-gen-2\/"},"modified":"2026-01-17T22:30:05","modified_gmt":"2026-01-17T22:30:05","slug":"estacion-de-energia-portatil-anker-solix-c1000-gen-2","status":"publish","type":"product","link":"https:\/\/mercadohogar.ca\/es\/producto\/estacion-de-energia-portatil-anker-solix-c1000-gen-2\/","title":{"rendered":"Estaci\u00f3n de energ\u00eda port\u00e1til Anker SOLIX C1000 Gen 2"},"content":{"rendered":"<ul>\n<li>Recarga UltraFlash en 49 minutos: Con la tecnolog\u00eda HyperFlash mejorada, recarga completamente de forma ultrarr\u00e1pida a 1600 W. Act\u00edvala en la aplicaci\u00f3n Anker. <\/li>\n<li><span class=\"a-list-item\">Salida de 2000 W a trav\u00e9s de 10 puertos: Conecta hasta 10 dispositivos, perfecto para copias de seguridad de emergencia. Disfruta de una salida de 2000 W, un pico de 3000 W y una capacidad de 1024 Wh. <\/span><\/li>\n<li><span class=\"a-list-item\">Copia de seguridad UPS de 10 ms: Mant\u00e9n en funcionamiento equipos vitales como m\u00e1quinas CPAP y ordenadores port\u00e1tiles con una conmutaci\u00f3n UPS de menos de 10 ms.<\/span><\/li>\n<li><span class=\"a-list-item\">10 a\u00f1os de InfiniPower: Esta es una energ\u00eda construida para durar una d\u00e9cada de uso diario. Despu\u00e9s de 4000 ciclos, la bater\u00eda a\u00fan conserva al menos el 80 % de su capacidad. <\/span><\/li>\n<li><span class=\"a-list-item\">Compacta y port\u00e1til: F\u00e1cil de transportar, almacenar y mover de una habitaci\u00f3n a otra. La C1000 Gen 2 es un 14 % m\u00e1s peque\u00f1a y un 11 % m\u00e1s ligera que modelos similares. <\/span><\/li>\n<li><span class=\"a-list-item\">Recarga solar en 1,8 horas: Descon\u00e9ctate completamente de la red para una sostenibilidad ecol\u00f3gica. Conecta 600 W de energ\u00eda solar y recarga completamente en solo 1,8 horas. <\/span><\/li>\n<li><span class=\"a-list-item\">Gestiona la energ\u00eda con el modo TOU: Utiliza la aplicaci\u00f3n Anker para supervisar, controlar y programar la energ\u00eda de forma inteligente. Evitar\u00e1s los recargos m\u00e1ximos costosos. <\/span><\/li>\n<li><span class=\"a-list-item\">Qu\u00e9 hay en la caja: Estaci\u00f3n de energ\u00eda port\u00e1til Anker SOLIX C1000 Gen 2, cable de carga de CA, cable de carga para coche, gu\u00eda de inicio r\u00e1pido<\/span><\/li>\n<\/ul>\n","protected":false},"excerpt":{"rendered":"<p>Recarga UltraFlash en 49 minutos: Con la tecnolog\u00eda HyperFlash mejorada, recarga completamente de forma ultrarr\u00e1pida a 1600 W. Act\u00edvala en la aplicaci\u00f3n Anker. Salida de 2000 W a trav\u00e9s de&hellip;<\/p>\n","protected":false},"featured_media":2307,"template":"","meta":[],"product_brand":[],"product_cat":[997],"product_tag":[],"class_list":{"0":"post-4565","1":"product","2":"type-product","3":"status-publish","4":"has-post-thumbnail","6":"product_cat-generadores-y-soluciones-de-energia-alternativa","7":"product_shipping_class-aerovaradero-dg-grande","9":"first","10":"instock","11":"shipping-taxable","12":"purchasable","13":"product-type-simple"},"_links":{"self":[{"href":"https:\/\/mercadohogar.ca\/es\/wp-json\/wp\/v2\/product\/4565","targetHints":{"allow":["GET"]}}],"collection":[{"href":"https:\/\/mercadohogar.ca\/es\/wp-json\/wp\/v2\/product"}],"about":[{"href":"https:\/\/mercadohogar.ca\/es\/wp-json\/wp\/v2\/types\/product"}],"version-history":[{"count":1,"href":"https:\/\/mercadohogar.ca\/es\/wp-json\/wp\/v2\/product\/4565\/revisions"}],"predecessor-version":[{"id":5434,"href":"https:\/\/mercadohogar.ca\/es\/wp-json\/wp\/v2\/product\/4565\/revisions\/5434"}],"wp:featuredmedia":[{"embeddable":true,"href":"https:\/\/mercadohogar.ca\/es\/wp-json\/wp\/v2\/media\/2307"}],"wp:attachment":[{"href":"https:\/\/mercadohogar.ca\/es\/wp-json\/wp\/v2\/media?parent=4565"}],"wp:term":[{"taxonomy":"product_brand","embeddable":true,"href":"https:\/\/mercadohogar.ca\/es\/wp-json\/wp\/v2\/product_brand?post=4565"},{"taxonomy":"product_cat","embeddable":true,"href":"https:\/\/mercadohogar.ca\/es\/wp-json\/wp\/v2\/product_cat?post=4565"},{"taxonomy":"product_tag","embeddable":true,"href":"https:\/\/mercadohogar.ca\/es\/wp-json\/wp\/v2\/product_tag?post=4565"}],"curies":[{"name":"wp","href":"https:\/\/api.w.org\/{rel}","templated":true}]}}