{"id":4577,"date":"2026-01-02T02:06:37","date_gmt":"2026-01-02T02:06:37","guid":{"rendered":"https:\/\/mercadohogar.ca\/producto\/generador-inverter-portatil-igen2800c\/"},"modified":"2026-01-17T22:31:04","modified_gmt":"2026-01-17T22:31:04","slug":"generador-inverter-portatil-igen2800c","status":"publish","type":"product","link":"https:\/\/mercadohogar.ca\/es\/product\/generador-inverter-portatil-igen2800c\/","title":{"rendered":"Generador Inverter Port\u00e1til iGen2800c"},"content":{"rendered":"<p>Descripci\u00f3n general<\/p>\n<div>\n<div>\n<ul>\n<li>Perfecto para camping, fiestas en el maletero, veh\u00edculos recreativos, respaldo dom\u00e9stico y m\u00e1s<\/li>\n<li>Pantalla LED: Salida, indicador de combustible, tiempo de funcionamiento estimado y horas de vida \u00fatil <\/li>\n<li>2800 vatios pico y 2200 vatios nominales con Easy-Start<\/li>\n<\/ul>\n<p>Especificaciones:<\/p>\n<\/div>\n<ul>\n<li>Lleva energ\u00eda a tu hogar durante un corte de energ\u00eda o actividades recreativas<\/li>\n<li>2800 vatios pico, 2200 vatios de funcionamiento y funciona hasta 10 horas con un dep\u00f3sito de gasolina de 3,7 litros <\/li>\n<li>Eficiencia de combustible mejorada: las velocidades variables del motor permiten una eficiencia de combustible entre un 30 % y un 50 % mayor que un generador tradicional<\/li>\n<li>Dise\u00f1o ligero y compacto: el iGen2800c pesa 21,5 kg y cuenta con un asa de transporte integrada para facilitar su transporte <\/li>\n<li>Pantalla LED en tiempo real con datos de tiempo de funcionamiento, combustible restante, carga\/salida, voltios y horas de vida \u00fatil<\/li>\n<li>S\u00faper silencioso: tan solo 52 dBA con carcasa ac\u00fastica de doble aislamiento, ventiladores de refrigeraci\u00f3n asim\u00e9tricos y silenciadores de tono bajo para reducir el ruido de funcionamiento<\/li>\n<li>Alimenta de forma segura dispositivos electr\u00f3nicos sensibles como ordenadores port\u00e1tiles, tel\u00e9fonos m\u00f3viles y m\u00e1s con menos del 3 % de THD<\/li>\n<li>(2) Tomas de corriente dom\u00e9sticas est\u00e1ndar de 120 V 5-20R y (2) puertos USB de 5 V con cubiertas de goma para las tomas de corriente<\/li>\n<li> <span class=\"TextRun SCXW158576137 BCX0\">Con parada autom\u00e1tica por bajo nivel de aceite y mon\u00f3xido de carbono (CO)<\/span> <\/li>\n<li>Todos los generadores port\u00e1tiles Westinghouse se prueban funcionalmente en la f\u00e1brica y pueden contener un m\u00ednimo de aceite residual y\/u olor a combustible<\/li>\n<\/ul>\n<\/div>\n","protected":false},"excerpt":{"rendered":"<p>Descripci\u00f3n general Perfecto para camping, fiestas en el maletero, veh\u00edculos recreativos, respaldo dom\u00e9stico y m\u00e1s Pantalla LED: Salida, indicador de combustible, tiempo de funcionamiento estimado y horas de vida \u00fatil&hellip;<\/p>\n","protected":false},"featured_media":2979,"template":"","meta":[],"product_brand":[],"product_cat":[997],"product_tag":[],"class_list":{"0":"post-4577","1":"product","2":"type-product","3":"status-publish","4":"has-post-thumbnail","6":"product_cat-generadores-y-soluciones-de-energia-alternativa","7":"product_shipping_class-aerovaradero-dg-grande","9":"first","10":"instock","11":"shipping-taxable","12":"purchasable","13":"product-type-simple"},"_links":{"self":[{"href":"https:\/\/mercadohogar.ca\/es\/wp-json\/wp\/v2\/product\/4577","targetHints":{"allow":["GET"]}}],"collection":[{"href":"https:\/\/mercadohogar.ca\/es\/wp-json\/wp\/v2\/product"}],"about":[{"href":"https:\/\/mercadohogar.ca\/es\/wp-json\/wp\/v2\/types\/product"}],"version-history":[{"count":1,"href":"https:\/\/mercadohogar.ca\/es\/wp-json\/wp\/v2\/product\/4577\/revisions"}],"predecessor-version":[{"id":5479,"href":"https:\/\/mercadohogar.ca\/es\/wp-json\/wp\/v2\/product\/4577\/revisions\/5479"}],"wp:featuredmedia":[{"embeddable":true,"href":"https:\/\/mercadohogar.ca\/es\/wp-json\/wp\/v2\/media\/2979"}],"wp:attachment":[{"href":"https:\/\/mercadohogar.ca\/es\/wp-json\/wp\/v2\/media?parent=4577"}],"wp:term":[{"taxonomy":"product_brand","embeddable":true,"href":"https:\/\/mercadohogar.ca\/es\/wp-json\/wp\/v2\/product_brand?post=4577"},{"taxonomy":"product_cat","embeddable":true,"href":"https:\/\/mercadohogar.ca\/es\/wp-json\/wp\/v2\/product_cat?post=4577"},{"taxonomy":"product_tag","embeddable":true,"href":"https:\/\/mercadohogar.ca\/es\/wp-json\/wp\/v2\/product_tag?post=4577"}],"curies":[{"name":"wp","href":"https:\/\/api.w.org\/{rel}","templated":true}]}}