{"id":4581,"date":"2026-01-12T15:30:31","date_gmt":"2026-01-12T15:30:31","guid":{"rendered":"https:\/\/mercadohogar.ca\/?post_type=product&#038;p=4581"},"modified":"2026-01-17T22:08:05","modified_gmt":"2026-01-17T22:08:05","slug":"microondas-de-encimera-master-chef-700-w","status":"publish","type":"product","link":"https:\/\/mercadohogar.ca\/es\/product\/microondas-de-encimera-master-chef-700-w\/","title":{"rendered":"Microondas de encimera MASTER Chef, 700 W"},"content":{"rendered":"<p>Cuenta con 10 niveles de potencia y 6 opciones de cocci\u00f3n preprogramadas de un solo toque para palomitas de ma\u00edz, pizza, patata asada y m\u00e1s<\/p>\n<p>Panel de control electr\u00f3nico t\u00e1ctil con temporizador y reloj con pantalla LED<\/p>\n<p>Descongelaci\u00f3n autom\u00e1tica por tiempo o peso<\/p>\n<p>Plato giratorio de vidrio extra\u00edble de 10&#8243; (25,5 cm) para facilitar la limpieza<\/p>\n<p>Capacidad de 0,7 pies c\u00fabicos <\/p>\n<p>Potencia: 700 vatios<\/p>\n<p>Entrada: 120 V \u2013 60 Hz, monof\u00e1sico 1050 W<\/p>\n<p>Bloqueo infantil para mayor seguridad<\/p>\n","protected":false},"excerpt":{"rendered":"<p>Cuenta con 10 niveles de potencia y 6 opciones de cocci\u00f3n preprogramadas de un solo toque para palomitas de ma\u00edz, pizza, patata asada y m\u00e1s Panel de control electr\u00f3nico t\u00e1ctil&hellip;<\/p>\n","protected":false},"featured_media":2725,"template":"","meta":[],"product_brand":[],"product_cat":[988],"product_tag":[],"class_list":{"0":"post-4581","1":"product","2":"type-product","3":"status-publish","4":"has-post-thumbnail","6":"product_cat-electrodomesticos","7":"product_shipping_class-aerovaradero-general","9":"first","10":"instock","11":"shipping-taxable","12":"purchasable","13":"product-type-simple"},"_links":{"self":[{"href":"https:\/\/mercadohogar.ca\/es\/wp-json\/wp\/v2\/product\/4581","targetHints":{"allow":["GET"]}}],"collection":[{"href":"https:\/\/mercadohogar.ca\/es\/wp-json\/wp\/v2\/product"}],"about":[{"href":"https:\/\/mercadohogar.ca\/es\/wp-json\/wp\/v2\/types\/product"}],"version-history":[{"count":1,"href":"https:\/\/mercadohogar.ca\/es\/wp-json\/wp\/v2\/product\/4581\/revisions"}],"predecessor-version":[{"id":4747,"href":"https:\/\/mercadohogar.ca\/es\/wp-json\/wp\/v2\/product\/4581\/revisions\/4747"}],"wp:featuredmedia":[{"embeddable":true,"href":"https:\/\/mercadohogar.ca\/es\/wp-json\/wp\/v2\/media\/2725"}],"wp:attachment":[{"href":"https:\/\/mercadohogar.ca\/es\/wp-json\/wp\/v2\/media?parent=4581"}],"wp:term":[{"taxonomy":"product_brand","embeddable":true,"href":"https:\/\/mercadohogar.ca\/es\/wp-json\/wp\/v2\/product_brand?post=4581"},{"taxonomy":"product_cat","embeddable":true,"href":"https:\/\/mercadohogar.ca\/es\/wp-json\/wp\/v2\/product_cat?post=4581"},{"taxonomy":"product_tag","embeddable":true,"href":"https:\/\/mercadohogar.ca\/es\/wp-json\/wp\/v2\/product_tag?post=4581"}],"curies":[{"name":"wp","href":"https:\/\/api.w.org\/{rel}","templated":true}]}}