{"id":4583,"date":"2026-01-02T02:06:35","date_gmt":"2026-01-02T02:06:35","guid":{"rendered":"https:\/\/mercadohogar.ca\/producto\/ventilador-solar-ecocalm-con-luces-y-bateria-50-cm\/"},"modified":"2026-01-02T02:06:35","modified_gmt":"2026-01-02T02:06:35","slug":"ventilador-solar-ecocalm-con-luces-y-bateria-50-cm","status":"publish","type":"product","link":"https:\/\/mercadohogar.ca\/es\/product\/ventilador-solar-ecocalm-con-luces-y-bateria-50-cm\/","title":{"rendered":"Ventilador solar ecoCalm con luces y bater\u00eda, 50 cm"},"content":{"rendered":"<p>Ventilador solar para exteriores: Este ventilador solar de 50 cm viene con una bater\u00eda recargable con tecnolog\u00eda MPPT integrada. Los ventiladores de techo pueden funcionar de 8 a 18 horas para proporcionar a su espacio una circulaci\u00f3n adicional y garantizar un flujo de aire e iluminaci\u00f3n fiables incluso en condiciones de cielo nublado o durante un uso nocturno prolongado. <\/p>\n<div>Termostato ajustable: Con termostato inteligente integrado, puede personalizar el ajuste autom\u00e1tico de encendido\/apagado de la temperatura seg\u00fan sus preferencias, adapt\u00e1ndose a los cambios de temperatura estacionales y ahorrando energ\u00eda. En el estado inicial, el ventilador exterior se enciende a 26 \u00b0C y se apaga a 20 \u00b0C de forma predeterminada en el modo ECO. <\/div>\n<div>Panel solar de doble cara: El sistema cuenta con dos paneles solares bifaciales de 15 W que generan energ\u00eda desde ambos lados, con m\u00e1s de 30 W, lo que aumenta la eficiencia de generaci\u00f3n de energ\u00eda hasta en un 130 % para soportar la carga de la bater\u00eda.<\/div>\n<div>Alto rendimiento de flujo de aire: El ventilador de techo ofrece 3 velocidades con un flujo de aire de 1910 CFM. Es adecuado para proporcionar una experiencia m\u00e1s c\u00f3moda en espacios de hasta 3 m\u00b3 como cenadores, terrazas, patios, veh\u00edculos recreativos, porches, graneros, gallineros y m\u00e1s \u00e1reas de estar al aire libre. <\/div>\n<div>Ventilador de techo con luces: Equipado con luces LED que proporcionan 3 niveles de luz blanca natural ajustable de 4000 K (3024 lm), nuestro ventilador solar para exteriores crea un ambiente de iluminaci\u00f3n ideal para sus actividades nocturnas a la vez que proporciona frescor.<\/div>\n","protected":false},"excerpt":{"rendered":"<p>Ventilador solar para exteriores: Este ventilador solar de 50 cm viene con una bater\u00eda recargable con tecnolog\u00eda MPPT integrada. Los ventiladores de techo pueden funcionar de 8 a 18 horas&hellip;<\/p>\n","protected":false},"featured_media":2971,"template":"","meta":[],"product_brand":[],"product_cat":[988,997],"product_tag":[],"class_list":{"0":"post-4583","1":"product","2":"type-product","3":"status-publish","4":"has-post-thumbnail","6":"product_cat-electrodomesticos","7":"product_cat-generadores-y-soluciones-de-energia-alternativa","8":"product_shipping_class-aerovaradero-general","10":"first","11":"instock","12":"shipping-taxable","13":"purchasable","14":"product-type-simple"},"_links":{"self":[{"href":"https:\/\/mercadohogar.ca\/es\/wp-json\/wp\/v2\/product\/4583","targetHints":{"allow":["GET"]}}],"collection":[{"href":"https:\/\/mercadohogar.ca\/es\/wp-json\/wp\/v2\/product"}],"about":[{"href":"https:\/\/mercadohogar.ca\/es\/wp-json\/wp\/v2\/types\/product"}],"version-history":[{"count":0,"href":"https:\/\/mercadohogar.ca\/es\/wp-json\/wp\/v2\/product\/4583\/revisions"}],"wp:featuredmedia":[{"embeddable":true,"href":"https:\/\/mercadohogar.ca\/es\/wp-json\/wp\/v2\/media\/2971"}],"wp:attachment":[{"href":"https:\/\/mercadohogar.ca\/es\/wp-json\/wp\/v2\/media?parent=4583"}],"wp:term":[{"taxonomy":"product_brand","embeddable":true,"href":"https:\/\/mercadohogar.ca\/es\/wp-json\/wp\/v2\/product_brand?post=4583"},{"taxonomy":"product_cat","embeddable":true,"href":"https:\/\/mercadohogar.ca\/es\/wp-json\/wp\/v2\/product_cat?post=4583"},{"taxonomy":"product_tag","embeddable":true,"href":"https:\/\/mercadohogar.ca\/es\/wp-json\/wp\/v2\/product_tag?post=4583"}],"curies":[{"name":"wp","href":"https:\/\/api.w.org\/{rel}","templated":true}]}}