{"id":4585,"date":"2026-01-02T02:06:37","date_gmt":"2026-01-02T02:06:37","guid":{"rendered":"https:\/\/mercadohogar.ca\/producto\/cargador-solar-bateria-externa\/"},"modified":"2026-01-17T22:31:05","modified_gmt":"2026-01-17T22:31:05","slug":"cargador-solar-bateria-externa","status":"publish","type":"product","link":"https:\/\/mercadohogar.ca\/es\/product\/cargador-solar-bateria-externa\/","title":{"rendered":"Cargador solar \u2013 Bater\u00eda externa"},"content":{"rendered":"<p>Bater\u00eda externa solar con gran bater\u00eda de 38800 mAh, para que te olvides de la ansiedad por la bater\u00eda baja en cualquier momento y lugar.<\/p>\n<p>El cargador solar tiene una funci\u00f3n de carga inal\u00e1mbrica, dos puertos USB de salida r\u00e1pida de 5 V 3,1 A, un puerto Tipo-C compatible con entrada\/salida, y puede cargar hasta 4 dispositivos al mismo tiempo. Nota: Solo los dispositivos habilitados para Qi son compatibles con la carga inal\u00e1mbrica. <\/p>\n<p>La bater\u00eda externa es resistente al agua, a prueba de ca\u00eddas y al polvo, y puede seguir funcionando normalmente en entornos extremos.<\/p>\n<p>La bater\u00eda externa con cargador solar tiene un chip inteligente incorporado que puede identificar autom\u00e1ticamente y ser compatible con diferentes dispositivos, convertir el voltaje fluctuante en voltaje estable, estabilizar el dispositivo y garantizar un uso seguro.<\/p>\n<p>La bater\u00eda externa tiene cuatro paneles solares con una potencia incorporada de aproximadamente 2 W. El panel solar, tras la luz solar ideal en disposici\u00f3n paralela del circuito, producir\u00e1 un m\u00e1ximo de entrada de 5,5 V\/1,5 A. Puede superar la entrada del antiguo cabezal de carga de 5 V 1 A. Pero la carga solar es para uso de emergencia, para garantizar la vida \u00fatil de la bater\u00eda, se recomienda el uso diario de la carga por cable.   <\/p>\n","protected":false},"excerpt":{"rendered":"<p>Bater\u00eda externa solar con gran bater\u00eda de 38800 mAh, para que te olvides de la ansiedad por la bater\u00eda baja en cualquier momento y lugar. El cargador solar tiene una&hellip;<\/p>\n","protected":false},"featured_media":2962,"template":"","meta":[],"product_brand":[],"product_cat":[997,992],"product_tag":[],"class_list":{"0":"post-4585","1":"product","2":"type-product","3":"status-publish","4":"has-post-thumbnail","6":"product_cat-generadores-y-soluciones-de-energia-alternativa","7":"product_cat-mejoras-en-el-hogar","8":"product_shipping_class-aerovaradero-dg-grande","10":"first","11":"instock","12":"shipping-taxable","13":"purchasable","14":"product-type-simple"},"_links":{"self":[{"href":"https:\/\/mercadohogar.ca\/es\/wp-json\/wp\/v2\/product\/4585","targetHints":{"allow":["GET"]}}],"collection":[{"href":"https:\/\/mercadohogar.ca\/es\/wp-json\/wp\/v2\/product"}],"about":[{"href":"https:\/\/mercadohogar.ca\/es\/wp-json\/wp\/v2\/types\/product"}],"version-history":[{"count":1,"href":"https:\/\/mercadohogar.ca\/es\/wp-json\/wp\/v2\/product\/4585\/revisions"}],"predecessor-version":[{"id":5480,"href":"https:\/\/mercadohogar.ca\/es\/wp-json\/wp\/v2\/product\/4585\/revisions\/5480"}],"wp:featuredmedia":[{"embeddable":true,"href":"https:\/\/mercadohogar.ca\/es\/wp-json\/wp\/v2\/media\/2962"}],"wp:attachment":[{"href":"https:\/\/mercadohogar.ca\/es\/wp-json\/wp\/v2\/media?parent=4585"}],"wp:term":[{"taxonomy":"product_brand","embeddable":true,"href":"https:\/\/mercadohogar.ca\/es\/wp-json\/wp\/v2\/product_brand?post=4585"},{"taxonomy":"product_cat","embeddable":true,"href":"https:\/\/mercadohogar.ca\/es\/wp-json\/wp\/v2\/product_cat?post=4585"},{"taxonomy":"product_tag","embeddable":true,"href":"https:\/\/mercadohogar.ca\/es\/wp-json\/wp\/v2\/product_tag?post=4585"}],"curies":[{"name":"wp","href":"https:\/\/api.w.org\/{rel}","templated":true}]}}