{"id":4586,"date":"2026-01-02T02:06:41","date_gmt":"2026-01-02T02:06:41","guid":{"rendered":"https:\/\/mercadohogar.ca\/producto\/generador-inversor-portatil-de-gasolina-silencioso-con-capacidad-paralela-y-usb-de-2300-w\/"},"modified":"2026-01-17T22:30:56","modified_gmt":"2026-01-17T22:30:56","slug":"generador-inversor-portatil-de-gasolina-silencioso-con-capacidad-paralela-y-usb-de-2300-w","status":"publish","type":"product","link":"https:\/\/mercadohogar.ca\/es\/producto\/generador-inversor-portatil-de-gasolina-silencioso-con-capacidad-paralela-y-usb-de-2300-w\/","title":{"rendered":"Generador inversor port\u00e1til de gasolina silencioso con capacidad paralela y USB de 2300 W"},"content":{"rendered":"<p>El generador inversor port\u00e1til PG2300iS de Ulsar es una excelente opci\u00f3n para obtener energ\u00eda limpia y una portabilidad \u00f3ptima. Su motor monocil\u00edndrico de 4 tiempos OHV produce 2300 W de potencia m\u00e1xima\/1800 W de potencia continua y genera solo 59 dB de sonido, lo que lo hace pr\u00e1cticamente silencioso a solo 3 m de distancia. La capacidad paralela le permite ejecutar dos generadores PG2300iS en t\u00e1ndem con el uso de un adaptador para aumentar eficazmente la potencia de salida sin la molestia que conlleva tener una unidad mucho m\u00e1s grande. El pr\u00e1ctico dise\u00f1o de \u201cmaleta\u201d es duradero y compacto y pesa solo 21 kg, lo que le brinda la libertad de llevar el PG2300iS a cualquier lugar con facilidad.   <\/p>\n","protected":false},"excerpt":{"rendered":"<p>El generador inversor port\u00e1til PG2300iS de Ulsar es una excelente opci\u00f3n para obtener energ\u00eda limpia y una portabilidad \u00f3ptima. Su motor monocil\u00edndrico de 4 tiempos OHV produce 2300 W de potencia m\u00e1xima\/1800 W de potencia continua y genera solo 59 dB de sonido, lo que lo hace pr\u00e1cticamente silencioso a solo 3 m de distancia. La capacidad paralela le permite [&hellip;]<\/p>\n","protected":false},"featured_media":2843,"template":"","meta":{"_coblocks_attr":"","_coblocks_dimensions":"","_coblocks_responsive_height":"","_coblocks_accordion_ie_support":"","postBodyCss":"","postBodyMargin":[],"postBodyPadding":[],"postBodyBackground":{"backgroundType":"classic","gradient":""}},"product_brand":[],"product_cat":[899],"product_tag":[],"class_list":{"0":"post-4586","1":"product","2":"type-product","3":"status-publish","4":"has-post-thumbnail","6":"product_cat-generators-alternative-power-solutions","7":"product_shipping_class-aerovaradero-dg-grande","9":"first","10":"instock","11":"taxable","12":"shipping-taxable","13":"purchasable","14":"product-type-simple"},"yoast_head":"<!-- This site is optimized with the Yoast SEO plugin v27.4 - https:\/\/yoast.com\/product\/yoast-seo-wordpress\/ -->\n<title>Generador inversor port\u00e1til de gasolina silencioso con capacidad paralela y USB de 2300 W - Mercado Hogar<\/title>\n<meta name=\"robots\" content=\"index, follow, max-snippet:-1, max-image-preview:large, max-video-preview:-1\" \/>\n<link rel=\"canonical\" href=\"https:\/\/mercadohogar.ca\/es\/producto\/generador-inversor-portatil-de-gasolina-silencioso-con-capacidad-paralela-y-usb-de-2300-w\/\" \/>\n<meta property=\"og:locale\" content=\"es_ES\" \/>\n<meta property=\"og:type\" content=\"article\" \/>\n<meta property=\"og:title\" content=\"Generador inversor port\u00e1til de gasolina silencioso con capacidad paralela y USB de 2300 W - Mercado Hogar\" \/>\n<meta property=\"og:description\" content=\"El generador inversor port\u00e1til PG2300iS de Ulsar es una excelente opci\u00f3n para obtener energ\u00eda limpia y una portabilidad \u00f3ptima. Su motor monocil\u00edndrico de 4 tiempos OHV produce 2300 W de potencia m\u00e1xima\/1800 W de potencia continua y genera solo 59 dB de sonido, lo que lo hace pr\u00e1cticamente silencioso a solo 3 m de distancia. La capacidad paralela le permite [&hellip;]\" \/>\n<meta property=\"og:url\" content=\"https:\/\/mercadohogar.ca\/es\/producto\/generador-inversor-portatil-de-gasolina-silencioso-con-capacidad-paralela-y-usb-de-2300-w\/\" \/>\n<meta property=\"og:site_name\" content=\"Mercado Hogar\" \/>\n<meta property=\"article:modified_time\" content=\"2026-01-17T22:30:56+00:00\" \/>\n<meta property=\"og:image\" content=\"https:\/\/mercadohogar.ca\/wp-content\/uploads\/2026\/01\/wp-image-7716295760.jpg\" \/>\n\t<meta property=\"og:image:width\" content=\"1435\" \/>\n\t<meta property=\"og:image:height\" content=\"1500\" \/>\n\t<meta property=\"og:image:type\" content=\"image\/jpeg\" \/>\n<meta name=\"twitter:card\" content=\"summary_large_image\" \/>\n<meta name=\"twitter:label1\" content=\"Tiempo de lectura\" \/>\n\t<meta name=\"twitter:data1\" content=\"1 minuto\" \/>\n<script type=\"application\/ld+json\" class=\"yoast-schema-graph\">{\"@context\":\"https:\\\/\\\/schema.org\",\"@graph\":[{\"@type\":\"WebPage\",\"@id\":\"https:\\\/\\\/mercadohogar.ca\\\/es\\\/producto\\\/generador-inversor-portatil-de-gasolina-silencioso-con-capacidad-paralela-y-usb-de-2300-w\\\/\",\"url\":\"https:\\\/\\\/mercadohogar.ca\\\/es\\\/producto\\\/generador-inversor-portatil-de-gasolina-silencioso-con-capacidad-paralela-y-usb-de-2300-w\\\/\",\"name\":\"Generador inversor port\u00e1til de gasolina silencioso con capacidad paralela y USB de 2300 W - Mercado Hogar\",\"isPartOf\":{\"@id\":\"https:\\\/\\\/mercadohogar.ca\\\/es\\\/#website\"},\"primaryImageOfPage\":{\"@id\":\"https:\\\/\\\/mercadohogar.ca\\\/es\\\/producto\\\/generador-inversor-portatil-de-gasolina-silencioso-con-capacidad-paralela-y-usb-de-2300-w\\\/#primaryimage\"},\"image\":{\"@id\":\"https:\\\/\\\/mercadohogar.ca\\\/es\\\/producto\\\/generador-inversor-portatil-de-gasolina-silencioso-con-capacidad-paralela-y-usb-de-2300-w\\\/#primaryimage\"},\"thumbnailUrl\":\"https:\\\/\\\/mercadohogar.ca\\\/wp-content\\\/uploads\\\/2026\\\/01\\\/wp-image-7716295760.jpg\",\"datePublished\":\"2026-01-02T02:06:41+00:00\",\"dateModified\":\"2026-01-17T22:30:56+00:00\",\"breadcrumb\":{\"@id\":\"https:\\\/\\\/mercadohogar.ca\\\/es\\\/producto\\\/generador-inversor-portatil-de-gasolina-silencioso-con-capacidad-paralela-y-usb-de-2300-w\\\/#breadcrumb\"},\"inLanguage\":\"es\",\"potentialAction\":[{\"@type\":\"ReadAction\",\"target\":[\"https:\\\/\\\/mercadohogar.ca\\\/es\\\/producto\\\/generador-inversor-portatil-de-gasolina-silencioso-con-capacidad-paralela-y-usb-de-2300-w\\\/\"]}]},{\"@type\":\"ImageObject\",\"inLanguage\":\"es\",\"@id\":\"https:\\\/\\\/mercadohogar.ca\\\/es\\\/producto\\\/generador-inversor-portatil-de-gasolina-silencioso-con-capacidad-paralela-y-usb-de-2300-w\\\/#primaryimage\",\"url\":\"https:\\\/\\\/mercadohogar.ca\\\/wp-content\\\/uploads\\\/2026\\\/01\\\/wp-image-7716295760.jpg\",\"contentUrl\":\"https:\\\/\\\/mercadohogar.ca\\\/wp-content\\\/uploads\\\/2026\\\/01\\\/wp-image-7716295760.jpg\",\"width\":1435,\"height\":1500},{\"@type\":\"BreadcrumbList\",\"@id\":\"https:\\\/\\\/mercadohogar.ca\\\/es\\\/producto\\\/generador-inversor-portatil-de-gasolina-silencioso-con-capacidad-paralela-y-usb-de-2300-w\\\/#breadcrumb\",\"itemListElement\":[{\"@type\":\"ListItem\",\"position\":1,\"name\":\"Home\",\"item\":\"https:\\\/\\\/mercadohogar.ca\\\/es\\\/\"},{\"@type\":\"ListItem\",\"position\":2,\"name\":\"Tienda\",\"item\":\"https:\\\/\\\/mercadohogar.ca\\\/es\\\/tienda-2\\\/\"},{\"@type\":\"ListItem\",\"position\":3,\"name\":\"Generador inversor port\u00e1til de gasolina silencioso con capacidad paralela y USB de 2300 W\"}]},{\"@type\":\"WebSite\",\"@id\":\"https:\\\/\\\/mercadohogar.ca\\\/es\\\/#website\",\"url\":\"https:\\\/\\\/mercadohogar.ca\\\/es\\\/\",\"name\":\"Mercado Hogar\",\"description\":\"Mercado Hogar\",\"publisher\":{\"@id\":\"https:\\\/\\\/mercadohogar.ca\\\/es\\\/#organization\"},\"potentialAction\":[{\"@type\":\"SearchAction\",\"target\":{\"@type\":\"EntryPoint\",\"urlTemplate\":\"https:\\\/\\\/mercadohogar.ca\\\/es\\\/?s={search_term_string}\"},\"query-input\":{\"@type\":\"PropertyValueSpecification\",\"valueRequired\":true,\"valueName\":\"search_term_string\"}}],\"inLanguage\":\"es\"},{\"@type\":\"Organization\",\"@id\":\"https:\\\/\\\/mercadohogar.ca\\\/es\\\/#organization\",\"name\":\"Mercado Hogar\",\"url\":\"https:\\\/\\\/mercadohogar.ca\\\/es\\\/\",\"logo\":{\"@type\":\"ImageObject\",\"inLanguage\":\"es\",\"@id\":\"https:\\\/\\\/mercadohogar.ca\\\/es\\\/#\\\/schema\\\/logo\\\/image\\\/\",\"url\":\"https:\\\/\\\/mercadohogar.ca\\\/wp-content\\\/uploads\\\/2025\\\/12\\\/MH-LOGO.png\",\"contentUrl\":\"https:\\\/\\\/mercadohogar.ca\\\/wp-content\\\/uploads\\\/2025\\\/12\\\/MH-LOGO.png\",\"width\":1200,\"height\":1200,\"caption\":\"Mercado Hogar\"},\"image\":{\"@id\":\"https:\\\/\\\/mercadohogar.ca\\\/es\\\/#\\\/schema\\\/logo\\\/image\\\/\"}}]}<\/script>\n<!-- \/ Yoast SEO plugin. -->","yoast_head_json":{"title":"Generador inversor port\u00e1til de gasolina silencioso con capacidad paralela y USB de 2300 W - Mercado Hogar","robots":{"index":"index","follow":"follow","max-snippet":"max-snippet:-1","max-image-preview":"max-image-preview:large","max-video-preview":"max-video-preview:-1"},"canonical":"https:\/\/mercadohogar.ca\/es\/producto\/generador-inversor-portatil-de-gasolina-silencioso-con-capacidad-paralela-y-usb-de-2300-w\/","og_locale":"es_ES","og_type":"article","og_title":"Generador inversor port\u00e1til de gasolina silencioso con capacidad paralela y USB de 2300 W - Mercado Hogar","og_description":"El generador inversor port\u00e1til PG2300iS de Ulsar es una excelente opci\u00f3n para obtener energ\u00eda limpia y una portabilidad \u00f3ptima. Su motor monocil\u00edndrico de 4 tiempos OHV produce 2300 W de potencia m\u00e1xima\/1800 W de potencia continua y genera solo 59 dB de sonido, lo que lo hace pr\u00e1cticamente silencioso a solo 3 m de distancia. La capacidad paralela le permite [&hellip;]","og_url":"https:\/\/mercadohogar.ca\/es\/producto\/generador-inversor-portatil-de-gasolina-silencioso-con-capacidad-paralela-y-usb-de-2300-w\/","og_site_name":"Mercado Hogar","article_modified_time":"2026-01-17T22:30:56+00:00","og_image":[{"width":1435,"height":1500,"url":"https:\/\/mercadohogar.ca\/wp-content\/uploads\/2026\/01\/wp-image-7716295760.jpg","type":"image\/jpeg"}],"twitter_card":"summary_large_image","twitter_misc":{"Tiempo de lectura":"1 minuto"},"schema":{"@context":"https:\/\/schema.org","@graph":[{"@type":"WebPage","@id":"https:\/\/mercadohogar.ca\/es\/producto\/generador-inversor-portatil-de-gasolina-silencioso-con-capacidad-paralela-y-usb-de-2300-w\/","url":"https:\/\/mercadohogar.ca\/es\/producto\/generador-inversor-portatil-de-gasolina-silencioso-con-capacidad-paralela-y-usb-de-2300-w\/","name":"Generador inversor port\u00e1til de gasolina silencioso con capacidad paralela y USB de 2300 W - Mercado Hogar","isPartOf":{"@id":"https:\/\/mercadohogar.ca\/es\/#website"},"primaryImageOfPage":{"@id":"https:\/\/mercadohogar.ca\/es\/producto\/generador-inversor-portatil-de-gasolina-silencioso-con-capacidad-paralela-y-usb-de-2300-w\/#primaryimage"},"image":{"@id":"https:\/\/mercadohogar.ca\/es\/producto\/generador-inversor-portatil-de-gasolina-silencioso-con-capacidad-paralela-y-usb-de-2300-w\/#primaryimage"},"thumbnailUrl":"https:\/\/mercadohogar.ca\/wp-content\/uploads\/2026\/01\/wp-image-7716295760.jpg","datePublished":"2026-01-02T02:06:41+00:00","dateModified":"2026-01-17T22:30:56+00:00","breadcrumb":{"@id":"https:\/\/mercadohogar.ca\/es\/producto\/generador-inversor-portatil-de-gasolina-silencioso-con-capacidad-paralela-y-usb-de-2300-w\/#breadcrumb"},"inLanguage":"es","potentialAction":[{"@type":"ReadAction","target":["https:\/\/mercadohogar.ca\/es\/producto\/generador-inversor-portatil-de-gasolina-silencioso-con-capacidad-paralela-y-usb-de-2300-w\/"]}]},{"@type":"ImageObject","inLanguage":"es","@id":"https:\/\/mercadohogar.ca\/es\/producto\/generador-inversor-portatil-de-gasolina-silencioso-con-capacidad-paralela-y-usb-de-2300-w\/#primaryimage","url":"https:\/\/mercadohogar.ca\/wp-content\/uploads\/2026\/01\/wp-image-7716295760.jpg","contentUrl":"https:\/\/mercadohogar.ca\/wp-content\/uploads\/2026\/01\/wp-image-7716295760.jpg","width":1435,"height":1500},{"@type":"BreadcrumbList","@id":"https:\/\/mercadohogar.ca\/es\/producto\/generador-inversor-portatil-de-gasolina-silencioso-con-capacidad-paralela-y-usb-de-2300-w\/#breadcrumb","itemListElement":[{"@type":"ListItem","position":1,"name":"Home","item":"https:\/\/mercadohogar.ca\/es\/"},{"@type":"ListItem","position":2,"name":"Tienda","item":"https:\/\/mercadohogar.ca\/es\/tienda-2\/"},{"@type":"ListItem","position":3,"name":"Generador inversor port\u00e1til de gasolina silencioso con capacidad paralela y USB de 2300 W"}]},{"@type":"WebSite","@id":"https:\/\/mercadohogar.ca\/es\/#website","url":"https:\/\/mercadohogar.ca\/es\/","name":"Mercado Hogar","description":"Mercado Hogar","publisher":{"@id":"https:\/\/mercadohogar.ca\/es\/#organization"},"potentialAction":[{"@type":"SearchAction","target":{"@type":"EntryPoint","urlTemplate":"https:\/\/mercadohogar.ca\/es\/?s={search_term_string}"},"query-input":{"@type":"PropertyValueSpecification","valueRequired":true,"valueName":"search_term_string"}}],"inLanguage":"es"},{"@type":"Organization","@id":"https:\/\/mercadohogar.ca\/es\/#organization","name":"Mercado Hogar","url":"https:\/\/mercadohogar.ca\/es\/","logo":{"@type":"ImageObject","inLanguage":"es","@id":"https:\/\/mercadohogar.ca\/es\/#\/schema\/logo\/image\/","url":"https:\/\/mercadohogar.ca\/wp-content\/uploads\/2025\/12\/MH-LOGO.png","contentUrl":"https:\/\/mercadohogar.ca\/wp-content\/uploads\/2025\/12\/MH-LOGO.png","width":1200,"height":1200,"caption":"Mercado Hogar"},"image":{"@id":"https:\/\/mercadohogar.ca\/es\/#\/schema\/logo\/image\/"}}]}},"jetpack_sharing_enabled":true,"_links":{"self":[{"href":"https:\/\/mercadohogar.ca\/es\/wp-json\/wp\/v2\/product\/4586","targetHints":{"allow":["GET"]}}],"collection":[{"href":"https:\/\/mercadohogar.ca\/es\/wp-json\/wp\/v2\/product"}],"about":[{"href":"https:\/\/mercadohogar.ca\/es\/wp-json\/wp\/v2\/types\/product"}],"version-history":[{"count":1,"href":"https:\/\/mercadohogar.ca\/es\/wp-json\/wp\/v2\/product\/4586\/revisions"}],"predecessor-version":[{"id":5475,"href":"https:\/\/mercadohogar.ca\/es\/wp-json\/wp\/v2\/product\/4586\/revisions\/5475"}],"wp:featuredmedia":[{"embeddable":true,"href":"https:\/\/mercadohogar.ca\/es\/wp-json\/wp\/v2\/media\/2843"}],"wp:attachment":[{"href":"https:\/\/mercadohogar.ca\/es\/wp-json\/wp\/v2\/media?parent=4586"}],"wp:term":[{"taxonomy":"product_brand","embeddable":true,"href":"https:\/\/mercadohogar.ca\/es\/wp-json\/wp\/v2\/product_brand?post=4586"},{"taxonomy":"product_cat","embeddable":true,"href":"https:\/\/mercadohogar.ca\/es\/wp-json\/wp\/v2\/product_cat?post=4586"},{"taxonomy":"product_tag","embeddable":true,"href":"https:\/\/mercadohogar.ca\/es\/wp-json\/wp\/v2\/product_tag?post=4586"}],"curies":[{"name":"wp","href":"https:\/\/api.w.org\/{rel}","templated":true}]}}