{"id":4588,"date":"2026-01-12T15:30:34","date_gmt":"2026-01-12T15:30:34","guid":{"rendered":"https:\/\/mercadohogar.ca\/?post_type=product&#038;p=4588"},"modified":"2026-01-17T22:08:02","modified_gmt":"2026-01-17T22:08:02","slug":"aire-acondicionado-split-milexus-de-12-000-btu","status":"publish","type":"product","link":"https:\/\/mercadohogar.ca\/es\/producto\/aire-acondicionado-split-milexus-de-12-000-btu\/","title":{"rendered":"Aire acondicionado split Milexus de 12 000 BTU"},"content":{"rendered":"<p>Marca: Milexus. \u2013 Modelo: MLSPAC12K. <\/p>\n<div>\u2013 Capacidad de refrigeraci\u00f3n: 12 000 BTU.<\/div>\n<div>\u2013 Volumen de refrigeraci\u00f3n: 1000 m3\/h.<\/div>\n<div>\u2013 Gas refrigerante: R410A.<\/div>\n<div>\u2013 Corriente m\u00e1xima: 15,2 A.<\/div>\n<div>\u2013 Corriente nominal: 10,3 A. \u2013 Voltaje: 208 V \u2013 230 V.<\/div>\n<div>\u2013 Frecuencia: 60 Hz.<\/div>\n<div>\u2013 Potencia nominal de entrada: 2185 W.<\/div>\n<div>\u2013 Potencia m\u00e1xima de entrada: 2841 W.<\/div>\n<div>\u2013 Presi\u00f3n m\u00e1xima de succi\u00f3n: 1,9 MPa.<\/div>\n<div>\u2013 Presi\u00f3n m\u00e1xima de descarga: 4,5 MPa.<\/div>\n<div>\u2013 Unidad exterior con resistencia IPX4.<\/div>\n<div>\u2013 Incluye: Manual de usuario. \u2013 Mando a distancia (2 pilas AAA no incluidas). \u2013 Base de control. \u2013 Mangueras de cobre para la instalaci\u00f3n (3 m).   <\/div>\n<div>\u2013 Cable de conexi\u00f3n. \u2013 Placa de montaje de la unidad interior. \u2013 Tubo de drenaje. \u2013<\/div>\n<div>\u2013 Pa\u00eds de origen: China<\/div>\n","protected":false},"excerpt":{"rendered":"<p>Tiempo estimado de tr\u00e1nsito: 10 \u2013 15 d\u00edas. El tiempo de entrega puede variar debido a circunstancias fuera de nuestro control, tanto en el pa\u00eds de origen como en el de destino. Los aranceles aduaneros corren a cargo del destinatario en Cuba. <\/p>\n","protected":false},"featured_media":2756,"template":"","meta":{"_coblocks_attr":"","_coblocks_dimensions":"","_coblocks_responsive_height":"","_coblocks_accordion_ie_support":"","postBodyCss":"","postBodyMargin":[],"postBodyPadding":[],"postBodyBackground":{"backgroundType":"classic","gradient":""}},"product_brand":[],"product_cat":[988,992],"product_tag":[],"class_list":{"0":"post-4588","1":"product","2":"type-product","3":"status-publish","4":"has-post-thumbnail","6":"product_cat-electrodomesticos","7":"product_cat-mejoras-en-el-hogar","8":"product_shipping_class-aerovaradero-general","10":"first","11":"instock","12":"taxable","13":"shipping-taxable","14":"purchasable","15":"product-type-simple"},"yoast_head":"<!-- This site is optimized with the Yoast SEO plugin v27.5 - https:\/\/yoast.com\/product\/yoast-seo-wordpress\/ -->\n<title>Aire acondicionado split Milexus de 12 000 BTU - Mercado Hogar<\/title>\n<meta name=\"robots\" content=\"index, follow, max-snippet:-1, max-image-preview:large, max-video-preview:-1\" \/>\n<link rel=\"canonical\" href=\"https:\/\/mercadohogar.ca\/es\/producto\/aire-acondicionado-split-milexus-de-12-000-btu\/\" \/>\n<meta property=\"og:locale\" content=\"es_ES\" \/>\n<meta property=\"og:type\" content=\"article\" \/>\n<meta property=\"og:title\" content=\"Aire acondicionado split Milexus de 12 000 BTU - Mercado Hogar\" \/>\n<meta property=\"og:description\" content=\"Tiempo estimado de tr\u00e1nsito: 10 - 15 d\u00edas. El tiempo de entrega puede variar debido a circunstancias fuera de nuestro control, tanto en el pa\u00eds de origen como en el de destino. Los aranceles aduaneros corren a cargo del destinatario en Cuba.\" \/>\n<meta property=\"og:url\" content=\"https:\/\/mercadohogar.ca\/es\/producto\/aire-acondicionado-split-milexus-de-12-000-btu\/\" \/>\n<meta property=\"og:site_name\" content=\"Mercado Hogar\" \/>\n<meta property=\"article:modified_time\" content=\"2026-01-17T22:08:02+00:00\" \/>\n<meta property=\"og:image\" content=\"https:\/\/mercadohogar.ca\/wp-content\/uploads\/2026\/01\/wp-image-7706356530.png\" \/>\n\t<meta property=\"og:image:width\" content=\"1280\" \/>\n\t<meta property=\"og:image:height\" content=\"1280\" \/>\n\t<meta property=\"og:image:type\" content=\"image\/png\" \/>\n<meta name=\"twitter:card\" content=\"summary_large_image\" \/>\n<meta name=\"twitter:label1\" content=\"Tiempo de lectura\" \/>\n\t<meta name=\"twitter:data1\" content=\"1 minuto\" \/>\n<script type=\"application\/ld+json\" class=\"yoast-schema-graph\">{\"@context\":\"https:\\\/\\\/schema.org\",\"@graph\":[{\"@type\":\"WebPage\",\"@id\":\"https:\\\/\\\/mercadohogar.ca\\\/es\\\/producto\\\/aire-acondicionado-split-milexus-de-12-000-btu\\\/\",\"url\":\"https:\\\/\\\/mercadohogar.ca\\\/es\\\/producto\\\/aire-acondicionado-split-milexus-de-12-000-btu\\\/\",\"name\":\"Aire acondicionado split Milexus de 12 000 BTU - Mercado Hogar\",\"isPartOf\":{\"@id\":\"https:\\\/\\\/mercadohogar.ca\\\/es\\\/#website\"},\"primaryImageOfPage\":{\"@id\":\"https:\\\/\\\/mercadohogar.ca\\\/es\\\/producto\\\/aire-acondicionado-split-milexus-de-12-000-btu\\\/#primaryimage\"},\"image\":{\"@id\":\"https:\\\/\\\/mercadohogar.ca\\\/es\\\/producto\\\/aire-acondicionado-split-milexus-de-12-000-btu\\\/#primaryimage\"},\"thumbnailUrl\":\"https:\\\/\\\/mercadohogar.ca\\\/wp-content\\\/uploads\\\/2026\\\/01\\\/wp-image-7706356530.png\",\"datePublished\":\"2026-01-12T15:30:34+00:00\",\"dateModified\":\"2026-01-17T22:08:02+00:00\",\"breadcrumb\":{\"@id\":\"https:\\\/\\\/mercadohogar.ca\\\/es\\\/producto\\\/aire-acondicionado-split-milexus-de-12-000-btu\\\/#breadcrumb\"},\"inLanguage\":\"es\",\"potentialAction\":[{\"@type\":\"ReadAction\",\"target\":[\"https:\\\/\\\/mercadohogar.ca\\\/es\\\/producto\\\/aire-acondicionado-split-milexus-de-12-000-btu\\\/\"]}]},{\"@type\":\"ImageObject\",\"inLanguage\":\"es\",\"@id\":\"https:\\\/\\\/mercadohogar.ca\\\/es\\\/producto\\\/aire-acondicionado-split-milexus-de-12-000-btu\\\/#primaryimage\",\"url\":\"https:\\\/\\\/mercadohogar.ca\\\/wp-content\\\/uploads\\\/2026\\\/01\\\/wp-image-7706356530.png\",\"contentUrl\":\"https:\\\/\\\/mercadohogar.ca\\\/wp-content\\\/uploads\\\/2026\\\/01\\\/wp-image-7706356530.png\",\"width\":1280,\"height\":1280},{\"@type\":\"BreadcrumbList\",\"@id\":\"https:\\\/\\\/mercadohogar.ca\\\/es\\\/producto\\\/aire-acondicionado-split-milexus-de-12-000-btu\\\/#breadcrumb\",\"itemListElement\":[{\"@type\":\"ListItem\",\"position\":1,\"name\":\"Home\",\"item\":\"https:\\\/\\\/mercadohogar.ca\\\/es\\\/\"},{\"@type\":\"ListItem\",\"position\":2,\"name\":\"Tienda\",\"item\":\"https:\\\/\\\/mercadohogar.ca\\\/es\\\/tienda-2\\\/\"},{\"@type\":\"ListItem\",\"position\":3,\"name\":\"Aire acondicionado split Milexus de 12 000 BTU\"}]},{\"@type\":\"WebSite\",\"@id\":\"https:\\\/\\\/mercadohogar.ca\\\/es\\\/#website\",\"url\":\"https:\\\/\\\/mercadohogar.ca\\\/es\\\/\",\"name\":\"Mercado Hogar\",\"description\":\"Mercado Hogar\",\"publisher\":{\"@id\":\"https:\\\/\\\/mercadohogar.ca\\\/es\\\/#organization\"},\"potentialAction\":[{\"@type\":\"SearchAction\",\"target\":{\"@type\":\"EntryPoint\",\"urlTemplate\":\"https:\\\/\\\/mercadohogar.ca\\\/es\\\/?s={search_term_string}\"},\"query-input\":{\"@type\":\"PropertyValueSpecification\",\"valueRequired\":true,\"valueName\":\"search_term_string\"}}],\"inLanguage\":\"es\"},{\"@type\":\"Organization\",\"@id\":\"https:\\\/\\\/mercadohogar.ca\\\/es\\\/#organization\",\"name\":\"Mercado Hogar\",\"url\":\"https:\\\/\\\/mercadohogar.ca\\\/es\\\/\",\"logo\":{\"@type\":\"ImageObject\",\"inLanguage\":\"es\",\"@id\":\"https:\\\/\\\/mercadohogar.ca\\\/es\\\/#\\\/schema\\\/logo\\\/image\\\/\",\"url\":\"https:\\\/\\\/mercadohogar.ca\\\/wp-content\\\/uploads\\\/2025\\\/12\\\/MH-LOGO.png\",\"contentUrl\":\"https:\\\/\\\/mercadohogar.ca\\\/wp-content\\\/uploads\\\/2025\\\/12\\\/MH-LOGO.png\",\"width\":1200,\"height\":1200,\"caption\":\"Mercado Hogar\"},\"image\":{\"@id\":\"https:\\\/\\\/mercadohogar.ca\\\/es\\\/#\\\/schema\\\/logo\\\/image\\\/\"}}]}<\/script>\n<!-- \/ Yoast SEO plugin. -->","yoast_head_json":{"title":"Aire acondicionado split Milexus de 12 000 BTU - Mercado Hogar","robots":{"index":"index","follow":"follow","max-snippet":"max-snippet:-1","max-image-preview":"max-image-preview:large","max-video-preview":"max-video-preview:-1"},"canonical":"https:\/\/mercadohogar.ca\/es\/producto\/aire-acondicionado-split-milexus-de-12-000-btu\/","og_locale":"es_ES","og_type":"article","og_title":"Aire acondicionado split Milexus de 12 000 BTU - Mercado Hogar","og_description":"Tiempo estimado de tr\u00e1nsito: 10 - 15 d\u00edas. El tiempo de entrega puede variar debido a circunstancias fuera de nuestro control, tanto en el pa\u00eds de origen como en el de destino. Los aranceles aduaneros corren a cargo del destinatario en Cuba.","og_url":"https:\/\/mercadohogar.ca\/es\/producto\/aire-acondicionado-split-milexus-de-12-000-btu\/","og_site_name":"Mercado Hogar","article_modified_time":"2026-01-17T22:08:02+00:00","og_image":[{"width":1280,"height":1280,"url":"https:\/\/mercadohogar.ca\/wp-content\/uploads\/2026\/01\/wp-image-7706356530.png","type":"image\/png"}],"twitter_card":"summary_large_image","twitter_misc":{"Tiempo de lectura":"1 minuto"},"schema":{"@context":"https:\/\/schema.org","@graph":[{"@type":"WebPage","@id":"https:\/\/mercadohogar.ca\/es\/producto\/aire-acondicionado-split-milexus-de-12-000-btu\/","url":"https:\/\/mercadohogar.ca\/es\/producto\/aire-acondicionado-split-milexus-de-12-000-btu\/","name":"Aire acondicionado split Milexus de 12 000 BTU - Mercado Hogar","isPartOf":{"@id":"https:\/\/mercadohogar.ca\/es\/#website"},"primaryImageOfPage":{"@id":"https:\/\/mercadohogar.ca\/es\/producto\/aire-acondicionado-split-milexus-de-12-000-btu\/#primaryimage"},"image":{"@id":"https:\/\/mercadohogar.ca\/es\/producto\/aire-acondicionado-split-milexus-de-12-000-btu\/#primaryimage"},"thumbnailUrl":"https:\/\/mercadohogar.ca\/wp-content\/uploads\/2026\/01\/wp-image-7706356530.png","datePublished":"2026-01-12T15:30:34+00:00","dateModified":"2026-01-17T22:08:02+00:00","breadcrumb":{"@id":"https:\/\/mercadohogar.ca\/es\/producto\/aire-acondicionado-split-milexus-de-12-000-btu\/#breadcrumb"},"inLanguage":"es","potentialAction":[{"@type":"ReadAction","target":["https:\/\/mercadohogar.ca\/es\/producto\/aire-acondicionado-split-milexus-de-12-000-btu\/"]}]},{"@type":"ImageObject","inLanguage":"es","@id":"https:\/\/mercadohogar.ca\/es\/producto\/aire-acondicionado-split-milexus-de-12-000-btu\/#primaryimage","url":"https:\/\/mercadohogar.ca\/wp-content\/uploads\/2026\/01\/wp-image-7706356530.png","contentUrl":"https:\/\/mercadohogar.ca\/wp-content\/uploads\/2026\/01\/wp-image-7706356530.png","width":1280,"height":1280},{"@type":"BreadcrumbList","@id":"https:\/\/mercadohogar.ca\/es\/producto\/aire-acondicionado-split-milexus-de-12-000-btu\/#breadcrumb","itemListElement":[{"@type":"ListItem","position":1,"name":"Home","item":"https:\/\/mercadohogar.ca\/es\/"},{"@type":"ListItem","position":2,"name":"Tienda","item":"https:\/\/mercadohogar.ca\/es\/tienda-2\/"},{"@type":"ListItem","position":3,"name":"Aire acondicionado split Milexus de 12 000 BTU"}]},{"@type":"WebSite","@id":"https:\/\/mercadohogar.ca\/es\/#website","url":"https:\/\/mercadohogar.ca\/es\/","name":"Mercado Hogar","description":"Mercado Hogar","publisher":{"@id":"https:\/\/mercadohogar.ca\/es\/#organization"},"potentialAction":[{"@type":"SearchAction","target":{"@type":"EntryPoint","urlTemplate":"https:\/\/mercadohogar.ca\/es\/?s={search_term_string}"},"query-input":{"@type":"PropertyValueSpecification","valueRequired":true,"valueName":"search_term_string"}}],"inLanguage":"es"},{"@type":"Organization","@id":"https:\/\/mercadohogar.ca\/es\/#organization","name":"Mercado Hogar","url":"https:\/\/mercadohogar.ca\/es\/","logo":{"@type":"ImageObject","inLanguage":"es","@id":"https:\/\/mercadohogar.ca\/es\/#\/schema\/logo\/image\/","url":"https:\/\/mercadohogar.ca\/wp-content\/uploads\/2025\/12\/MH-LOGO.png","contentUrl":"https:\/\/mercadohogar.ca\/wp-content\/uploads\/2025\/12\/MH-LOGO.png","width":1200,"height":1200,"caption":"Mercado Hogar"},"image":{"@id":"https:\/\/mercadohogar.ca\/es\/#\/schema\/logo\/image\/"}}]}},"jetpack_sharing_enabled":true,"_links":{"self":[{"href":"https:\/\/mercadohogar.ca\/es\/wp-json\/wp\/v2\/product\/4588","targetHints":{"allow":["GET"]}}],"collection":[{"href":"https:\/\/mercadohogar.ca\/es\/wp-json\/wp\/v2\/product"}],"about":[{"href":"https:\/\/mercadohogar.ca\/es\/wp-json\/wp\/v2\/types\/product"}],"version-history":[{"count":1,"href":"https:\/\/mercadohogar.ca\/es\/wp-json\/wp\/v2\/product\/4588\/revisions"}],"predecessor-version":[{"id":4751,"href":"https:\/\/mercadohogar.ca\/es\/wp-json\/wp\/v2\/product\/4588\/revisions\/4751"}],"wp:featuredmedia":[{"embeddable":true,"href":"https:\/\/mercadohogar.ca\/es\/wp-json\/wp\/v2\/media\/2756"}],"wp:attachment":[{"href":"https:\/\/mercadohogar.ca\/es\/wp-json\/wp\/v2\/media?parent=4588"}],"wp:term":[{"taxonomy":"product_brand","embeddable":true,"href":"https:\/\/mercadohogar.ca\/es\/wp-json\/wp\/v2\/product_brand?post=4588"},{"taxonomy":"product_cat","embeddable":true,"href":"https:\/\/mercadohogar.ca\/es\/wp-json\/wp\/v2\/product_cat?post=4588"},{"taxonomy":"product_tag","embeddable":true,"href":"https:\/\/mercadohogar.ca\/es\/wp-json\/wp\/v2\/product_tag?post=4588"}],"curies":[{"name":"wp","href":"https:\/\/api.w.org\/{rel}","templated":true}]}}