{"id":4594,"date":"2026-01-12T15:30:48","date_gmt":"2026-01-12T15:30:48","guid":{"rendered":"https:\/\/mercadohogar.ca\/?post_type=product&#038;p=4594"},"modified":"2026-01-17T22:07:41","modified_gmt":"2026-01-17T22:07:41","slug":"spiderwire-stealth-smooth-casting-sedal-trenzado-verde","status":"publish","type":"product","link":"https:\/\/mercadohogar.ca\/es\/product\/spiderwire-stealth-smooth-casting-sedal-trenzado-verde\/","title":{"rendered":"Spiderwire Stealth Smooth Casting Sedal Trenzado, Verde"},"content":{"rendered":"<p>El sedal trenzado Spiderwire Stealth Smooth Casting est\u00e1 fabricado con Dyneema, la fibra m\u00e1s resistente del mundo, lo que garantiza una resistencia y sensibilidad excepcionales. Su color verde musgo mejora el sigilo con baja visibilidad bajo el agua. El sedal presenta un di\u00e1metro fino, lo que permite un lance suave y silencioso, lo que ayuda a la detecci\u00f3n r\u00e1pida de picadas y mejora el rendimiento de la pesca, ayud\u00e1ndole a capturar m\u00e1s peces con precisi\u00f3n.  <\/p>\n<p>Resistente a la abrasi\u00f3n para una durabilidad prolongada<\/p>\n<p>Longitud: 200 yd (182 m)<\/p>\n<p>F\u00e1cil de hacer nudos que se sujetan de forma segura<\/p>\n<p>Ideal tanto para la pesca en agua dulce como en agua salada<\/p>\n<p>Disponible en varias capacidades de peso<\/p>\n","protected":false},"excerpt":{"rendered":"<p>El sedal trenzado Spiderwire Stealth Smooth Casting est\u00e1 fabricado con Dyneema, la fibra m\u00e1s resistente del mundo, lo que garantiza una resistencia y sensibilidad excepcionales. Su color verde musgo mejora&hellip;<\/p>\n","protected":false},"featured_media":2989,"template":"","meta":[],"product_brand":[],"product_cat":[991],"product_tag":[],"class_list":{"0":"post-4594","1":"product","2":"type-product","3":"status-publish","4":"has-post-thumbnail","6":"product_cat-pasatiempo","7":"product_shipping_class-aerovaradero-general","9":"first","10":"outofstock","11":"shipping-taxable","12":"purchasable","13":"product-type-variable"},"_links":{"self":[{"href":"https:\/\/mercadohogar.ca\/es\/wp-json\/wp\/v2\/product\/4594","targetHints":{"allow":["GET"]}}],"collection":[{"href":"https:\/\/mercadohogar.ca\/es\/wp-json\/wp\/v2\/product"}],"about":[{"href":"https:\/\/mercadohogar.ca\/es\/wp-json\/wp\/v2\/types\/product"}],"version-history":[{"count":1,"href":"https:\/\/mercadohogar.ca\/es\/wp-json\/wp\/v2\/product\/4594\/revisions"}],"predecessor-version":[{"id":4775,"href":"https:\/\/mercadohogar.ca\/es\/wp-json\/wp\/v2\/product\/4594\/revisions\/4775"}],"wp:featuredmedia":[{"embeddable":true,"href":"https:\/\/mercadohogar.ca\/es\/wp-json\/wp\/v2\/media\/2989"}],"wp:attachment":[{"href":"https:\/\/mercadohogar.ca\/es\/wp-json\/wp\/v2\/media?parent=4594"}],"wp:term":[{"taxonomy":"product_brand","embeddable":true,"href":"https:\/\/mercadohogar.ca\/es\/wp-json\/wp\/v2\/product_brand?post=4594"},{"taxonomy":"product_cat","embeddable":true,"href":"https:\/\/mercadohogar.ca\/es\/wp-json\/wp\/v2\/product_cat?post=4594"},{"taxonomy":"product_tag","embeddable":true,"href":"https:\/\/mercadohogar.ca\/es\/wp-json\/wp\/v2\/product_tag?post=4594"}],"curies":[{"name":"wp","href":"https:\/\/api.w.org\/{rel}","templated":true}]}}