{"id":4596,"date":"2026-01-12T15:30:58","date_gmt":"2026-01-12T15:30:58","guid":{"rendered":"https:\/\/mercadohogar.ca\/?post_type=product&#038;p=4596"},"modified":"2026-01-17T23:14:55","modified_gmt":"2026-01-17T23:14:55","slug":"radio-para-coche-single-din-con-bluetooth-dual","status":"publish","type":"product","link":"https:\/\/mercadohogar.ca\/es\/product\/radio-para-coche-single-din-con-bluetooth-dual\/","title":{"rendered":"Radio para coche Single Din con Bluetooth dual"},"content":{"rendered":"<ul>\n<li>Radio para coche Single Din: Tama\u00f1o del art\u00edculo: 178 (An) * 58 (Al) * 50 (Pr) mm\/7,0*2,28*3,35 pulgadas; Radio para coche Single Din con ranura para tarjeta SD\/MMC y puerto USB 2.0. Admite entrada de micr\u00f3fono y salida de subwoofer, lo que le permite disfrutar de la m\u00fasica melodiosa mientras conduce. Tarjeta TF de 8G incluida <\/li>\n<li>Funci\u00f3n Bluetooth dual: El reproductor de mp3 para coche tiene un nuevo sistema Bluetooth integrado, transmisi\u00f3n de audio inal\u00e1mbrica y m\u00e1s estable. Micr\u00f3fono incorporado para conversaci\u00f3n manos libres, que resuelve el problema de la conversaci\u00f3n cuando est\u00e1 conduciendo. M\u00e1s importante a\u00fan, se pueden conectar dos tel\u00e9fonos m\u00f3viles al mismo tiempo para transmitir m\u00fasica BT, transmisi\u00f3n de voz y audio de llamadas al mismo tiempo. (Siempre que un tel\u00e9fono est\u00e9 en pausa, BT Music se colocar\u00e1 en otro tel\u00e9fono).   <\/li>\n<li>Retroiluminaci\u00f3n de 7 colores: Variaciones de retroiluminaci\u00f3n de teclas de 7 colores, deje que la m\u00fasica fluya a lo largo de las luces en la oscuridad. 2 puertos USB (uno para reproducir m\u00fasica, uno admite la carga r\u00e1pida del tel\u00e9fono), entrada AUX, ranura para tarjeta SD\/TF, puerto de salida\/entrada RCA, micr\u00f3fono incorporado, una variedad de selecci\u00f3n de escena de efectos de sonido EQ, se puede conectar con el subwoofer. <\/li>\n<li>Reproductor multimedia para coche: La salida de audio RCA se puede conectar al subwoofer. Funci\u00f3n de memoria de apagado. El reproductor puede recordar autom\u00e1ticamente el estado de reproducci\u00f3n cuando se apaga (cierre) y, cuando se reinicia, recordar\u00e1 autom\u00e1ticamente la m\u00fasica anterior o el estado de reproducci\u00f3n de la radio <\/li>\n<li>Receptor multifunci\u00f3n para salpicadero: Radio para coche Bluetooth, \u00a1usted y sus amigos pueden transmitir todas sus canciones favoritas directamente desde su tel\u00e9fono durante todo el viaje! Podr\u00e1 mantener las melod\u00edas y sus tel\u00e9fonos cargados gracias a las capacidades USB de este receptor. Salga a la carretera y cree recuerdos para toda la vida con una variedad de canciones gracias a la radio para coche  <\/li>\n<\/ul>\n","protected":false},"excerpt":{"rendered":"<p>Radio para coche Single Din: Tama\u00f1o del art\u00edculo: 178 (An) * 58 (Al) * 50 (Pr) mm\/7,0*2,28*3,35 pulgadas; Radio para coche Single Din con ranura para tarjeta SD\/MMC y puerto&hellip;<\/p>\n","protected":false},"featured_media":2936,"template":"","meta":[],"product_brand":[],"product_cat":[991],"product_tag":[],"class_list":{"0":"post-4596","1":"product","2":"type-product","3":"status-publish","4":"has-post-thumbnail","6":"product_cat-pasatiempo","7":"product_shipping_class-aerovaradero-general","9":"first","10":"instock","11":"shipping-taxable","12":"purchasable","13":"product-type-simple"},"_links":{"self":[{"href":"https:\/\/mercadohogar.ca\/es\/wp-json\/wp\/v2\/product\/4596","targetHints":{"allow":["GET"]}}],"collection":[{"href":"https:\/\/mercadohogar.ca\/es\/wp-json\/wp\/v2\/product"}],"about":[{"href":"https:\/\/mercadohogar.ca\/es\/wp-json\/wp\/v2\/types\/product"}],"version-history":[{"count":1,"href":"https:\/\/mercadohogar.ca\/es\/wp-json\/wp\/v2\/product\/4596\/revisions"}],"predecessor-version":[{"id":4791,"href":"https:\/\/mercadohogar.ca\/es\/wp-json\/wp\/v2\/product\/4596\/revisions\/4791"}],"wp:featuredmedia":[{"embeddable":true,"href":"https:\/\/mercadohogar.ca\/es\/wp-json\/wp\/v2\/media\/2936"}],"wp:attachment":[{"href":"https:\/\/mercadohogar.ca\/es\/wp-json\/wp\/v2\/media?parent=4596"}],"wp:term":[{"taxonomy":"product_brand","embeddable":true,"href":"https:\/\/mercadohogar.ca\/es\/wp-json\/wp\/v2\/product_brand?post=4596"},{"taxonomy":"product_cat","embeddable":true,"href":"https:\/\/mercadohogar.ca\/es\/wp-json\/wp\/v2\/product_cat?post=4596"},{"taxonomy":"product_tag","embeddable":true,"href":"https:\/\/mercadohogar.ca\/es\/wp-json\/wp\/v2\/product_tag?post=4596"}],"curies":[{"name":"wp","href":"https:\/\/api.w.org\/{rel}","templated":true}]}}