{"id":4597,"date":"2026-01-12T15:30:51","date_gmt":"2026-01-12T15:30:51","guid":{"rendered":"https:\/\/mercadohogar.ca\/?post_type=product&#038;p=4597"},"modified":"2026-01-17T22:07:38","modified_gmt":"2026-01-17T22:07:38","slug":"puerta-de-garaje-de-acero-blanca-aislada-de-274-m-x-213-m-y-valor-r-de-63-con-ventanas-lisas","status":"publish","type":"product","link":"https:\/\/mercadohogar.ca\/es\/product\/puerta-de-garaje-de-acero-blanca-aislada-de-274-m-x-213-m-y-valor-r-de-63-con-ventanas-lisas\/","title":{"rendered":"Puerta de garaje de acero blanca, aislada, de 2,74 m x 2,13 m y valor R de 6,3 con ventanas lisas"},"content":{"rendered":"<p>Las puertas de garaje combinan la simetr\u00eda tradicional de los dise\u00f1os de puertas de madera machihembrada con la durabilidad comprobada de la construcci\u00f3n de acero de Clopay. Esto proporciona mayor resistencia y eficiencia energ\u00e9tica, as\u00ed como un funcionamiento silencioso. <\/p>\n<section>\n<ul>\n<li>Mayor eficiencia energ\u00e9tica, resistencia a las abolladuras, resistencia y seguridad con un valor R de 6,3<\/li>\n<li>El acero exterior de alta resistencia garantiza durabilidad y seguridad.<\/li>\n<\/ul>\n<ul>\n<li>Se incluyen resortes de extensi\u00f3n est\u00e1ndar.<\/li>\n<\/ul>\n<\/section>\n","protected":false},"excerpt":{"rendered":"<p>Las puertas de garaje combinan la simetr\u00eda tradicional de los dise\u00f1os de puertas de madera machihembrada con la durabilidad comprobada de la construcci\u00f3n de acero de Clopay. Esto proporciona mayor&hellip;<\/p>\n","protected":false},"featured_media":2998,"template":"","meta":[],"product_brand":[],"product_cat":[992],"product_tag":[],"class_list":{"0":"post-4597","1":"product","2":"type-product","3":"status-publish","4":"has-post-thumbnail","6":"product_cat-mejoras-en-el-hogar","7":"product_shipping_class-aerovaradero-general","9":"first","10":"instock","11":"shipping-taxable","12":"purchasable","13":"product-type-simple"},"_links":{"self":[{"href":"https:\/\/mercadohogar.ca\/es\/wp-json\/wp\/v2\/product\/4597","targetHints":{"allow":["GET"]}}],"collection":[{"href":"https:\/\/mercadohogar.ca\/es\/wp-json\/wp\/v2\/product"}],"about":[{"href":"https:\/\/mercadohogar.ca\/es\/wp-json\/wp\/v2\/types\/product"}],"version-history":[{"count":1,"href":"https:\/\/mercadohogar.ca\/es\/wp-json\/wp\/v2\/product\/4597\/revisions"}],"predecessor-version":[{"id":4779,"href":"https:\/\/mercadohogar.ca\/es\/wp-json\/wp\/v2\/product\/4597\/revisions\/4779"}],"wp:featuredmedia":[{"embeddable":true,"href":"https:\/\/mercadohogar.ca\/es\/wp-json\/wp\/v2\/media\/2998"}],"wp:attachment":[{"href":"https:\/\/mercadohogar.ca\/es\/wp-json\/wp\/v2\/media?parent=4597"}],"wp:term":[{"taxonomy":"product_brand","embeddable":true,"href":"https:\/\/mercadohogar.ca\/es\/wp-json\/wp\/v2\/product_brand?post=4597"},{"taxonomy":"product_cat","embeddable":true,"href":"https:\/\/mercadohogar.ca\/es\/wp-json\/wp\/v2\/product_cat?post=4597"},{"taxonomy":"product_tag","embeddable":true,"href":"https:\/\/mercadohogar.ca\/es\/wp-json\/wp\/v2\/product_tag?post=4597"}],"curies":[{"name":"wp","href":"https:\/\/api.w.org\/{rel}","templated":true}]}}