{"id":4600,"date":"2026-01-02T01:31:29","date_gmt":"2026-01-02T01:31:29","guid":{"rendered":"https:\/\/mercadohogar.ca\/producto\/zinus-estructura-de-cama-queen-size-van-estructura-de-cama-de-40-cm-con-soporte-de-laminas-de-acero\/"},"modified":"2026-01-02T01:31:29","modified_gmt":"2026-01-02T01:31:29","slug":"zinus-estructura-de-cama-queen-size-van-estructura-de-cama-de-40-cm-con-soporte-de-laminas-de-acero","status":"publish","type":"product","link":"https:\/\/mercadohogar.ca\/es\/product\/zinus-estructura-de-cama-queen-size-van-estructura-de-cama-de-40-cm-con-soporte-de-laminas-de-acero\/","title":{"rendered":"Zinus Estructura de Cama Queen Size \u2013 Van Estructura de Cama de 40 cm con Soporte de L\u00e1minas de Acero"},"content":{"rendered":"<ul>\n<li>DISE\u00d1O PR\u00c1CTICO Y FIABLE \u2013 Con una estructura de metal ultrarresistente y m\u00e1s de 30 cm de espacio libre bajo la cama para guardar objetos diversos, esta base de metal es una soluci\u00f3n discreta dise\u00f1ada para algo m\u00e1s que un buen descanso<\/li>\n<li> NO SE NECESITA SOMIER \u2013 Las l\u00e1minas de acero duraderas soportan y prolongan la vida \u00fatil de su colch\u00f3n de l\u00e1tex, espuma viscoel\u00e1stica o muelles sin necesidad de un somier; el tama\u00f1o individual soporta una capacidad de peso m\u00e1xima de 158 kg, mientras que todos los dem\u00e1s tama\u00f1os pueden soportar hasta 317 kg<\/li>\n<li> F\u00c1CIL MONTAJE \u2013 Todo lo que necesita est\u00e1 eficientemente embalado en una caja y enviado directamente a su puerta; todas las piezas, herramientas e instrucciones est\u00e1n incluidas para un f\u00e1cil montaje entre dos personas en menos de una hora<\/li>\n<\/ul>\n","protected":false},"excerpt":{"rendered":"<p>DISE\u00d1O PR\u00c1CTICO Y FIABLE \u2013 Con una estructura de metal ultrarresistente y m\u00e1s de 30 cm de espacio libre bajo la cama para guardar objetos diversos, esta base de metal&hellip;<\/p>\n","protected":false},"featured_media":3108,"template":"","meta":[],"product_brand":[],"product_cat":[992],"product_tag":[],"class_list":{"0":"post-4600","1":"product","2":"type-product","3":"status-publish","4":"has-post-thumbnail","6":"product_cat-mejoras-en-el-hogar","7":"product_shipping_class-aerovaradero-general","9":"first","10":"instock","11":"shipping-taxable","12":"purchasable","13":"product-type-simple"},"_links":{"self":[{"href":"https:\/\/mercadohogar.ca\/es\/wp-json\/wp\/v2\/product\/4600","targetHints":{"allow":["GET"]}}],"collection":[{"href":"https:\/\/mercadohogar.ca\/es\/wp-json\/wp\/v2\/product"}],"about":[{"href":"https:\/\/mercadohogar.ca\/es\/wp-json\/wp\/v2\/types\/product"}],"version-history":[{"count":0,"href":"https:\/\/mercadohogar.ca\/es\/wp-json\/wp\/v2\/product\/4600\/revisions"}],"wp:featuredmedia":[{"embeddable":true,"href":"https:\/\/mercadohogar.ca\/es\/wp-json\/wp\/v2\/media\/3108"}],"wp:attachment":[{"href":"https:\/\/mercadohogar.ca\/es\/wp-json\/wp\/v2\/media?parent=4600"}],"wp:term":[{"taxonomy":"product_brand","embeddable":true,"href":"https:\/\/mercadohogar.ca\/es\/wp-json\/wp\/v2\/product_brand?post=4600"},{"taxonomy":"product_cat","embeddable":true,"href":"https:\/\/mercadohogar.ca\/es\/wp-json\/wp\/v2\/product_cat?post=4600"},{"taxonomy":"product_tag","embeddable":true,"href":"https:\/\/mercadohogar.ca\/es\/wp-json\/wp\/v2\/product_tag?post=4600"}],"curies":[{"name":"wp","href":"https:\/\/api.w.org\/{rel}","templated":true}]}}