{"id":4601,"date":"2026-01-02T01:31:32","date_gmt":"2026-01-02T01:31:32","guid":{"rendered":"https:\/\/mercadohogar.ca\/producto\/generador-portatil-de-respaldo-para-el-hogar-westinghouse-de-14500-vatios-de-funcionamiento-tri-fuel\/"},"modified":"2026-01-17T22:31:07","modified_gmt":"2026-01-17T22:31:07","slug":"generador-portatil-de-respaldo-para-el-hogar-westinghouse-de-14500-vatios-de-funcionamiento-tri-fuel","status":"publish","type":"product","link":"https:\/\/mercadohogar.ca\/es\/producto\/generador-portatil-de-respaldo-para-el-hogar-westinghouse-de-14500-vatios-de-funcionamiento-tri-fuel\/","title":{"rendered":"Generador port\u00e1til de respaldo para el hogar Westinghouse de 14500 vatios de funcionamiento Tri-Fuel"},"content":{"rendered":"<ul>\n<li><span class=\"a-list-item\">14500 vatios de funcionamiento, 18000 vatios pico (gasolina); 13000 vatios de funcionamiento, 16000 vatios pico (propano); 11600 vatios de funcionamiento, 14400 vatios pico (gas natural); Arranque el\u00e9ctrico y remoto con llavero incluido; Hasta 12 horas de tiempo de funcionamiento con un tanque de combustible de 40 l con indicador de combustible <\/span><\/li>\n<li><span class=\"a-list-item\">Cuenta con dos recept\u00e1culos dom\u00e9sticos est\u00e1ndar GFCI 120 V 5\u201320R, una toma de corriente 120 V L14-30R lista para interruptor de transferencia y una toma de corriente 120\/240 V 14\u201350R lista para RV; Todas las tomas de corriente tienen cubiertas de goma para mayor seguridad <\/span><\/li>\n<li><span class=\"a-list-item\">Alimentado por un motor Westinghouse OVH de 4 tiempos V-Twin de 713 cc de alta resistencia con una camisa de hierro fundido de larga duraci\u00f3n con apagado autom\u00e1tico por bajo nivel de aceite y mon\u00f3xido de carbono (CO), y medidor de horas digital <\/span><\/li>\n<li><span class=\"a-list-item\">Dise\u00f1ado con baja THD, por lo que es seguro para dispositivos electr\u00f3nicos sensibles. Alimenta tel\u00e9fonos, ordenadores, televisores y m\u00e1s. Mantente conectado con personas, noticias y entretenimiento durante cortes de energ\u00eda, o en lugares de trabajo y campamentos. Los duraderos bobinados de cobre ayudan a tu generador a producir energ\u00eda m\u00e1s limpia, funcionar de forma m\u00e1s fr\u00eda y durar m\u00e1s    <\/span><\/li>\n<li><span class=\"a-list-item\">Plug-and-Play: Viene con un llavero de arranque remoto, cargador de bater\u00eda de 12 V, aceite y embudo de aceite, un juego de herramientas y un manual de usuario para que empieces a usarlo de inmediato (requiere un montaje m\u00ednimo)<\/span><\/li>\n<\/ul>\n","protected":false},"excerpt":{"rendered":"<p>14500 vatios de funcionamiento, 18000 vatios pico (gasolina); 13000 vatios de funcionamiento, 16000 vatios pico (propano); 11600 vatios de funcionamiento, 14400 vatios pico (gas natural); Arranque el\u00e9ctrico y remoto con llavero incluido; Hasta 12 horas de tiempo de funcionamiento con un tanque de combustible de 40 l con indicador de combustible Cuenta con dos recept\u00e1culos dom\u00e9sticos est\u00e1ndar GFCI 120 V [&hellip;]<\/p>\n","protected":false},"featured_media":3080,"template":"","meta":{"_coblocks_attr":"","_coblocks_dimensions":"","_coblocks_responsive_height":"","_coblocks_accordion_ie_support":"","postBodyCss":"","postBodyMargin":[],"postBodyPadding":[],"postBodyBackground":{"backgroundType":"classic","gradient":""}},"product_brand":[],"product_cat":[899],"product_tag":[],"class_list":{"0":"post-4601","1":"product","2":"type-product","3":"status-publish","4":"has-post-thumbnail","6":"product_cat-generators-alternative-power-solutions","7":"product_shipping_class-aerovaradero-dg-grande","9":"first","10":"instock","11":"taxable","12":"shipping-taxable","13":"purchasable","14":"product-type-simple"},"yoast_head":"<!-- This site is optimized with the Yoast SEO plugin v27.4 - https:\/\/yoast.com\/product\/yoast-seo-wordpress\/ -->\n<title>Generador port\u00e1til de respaldo para el hogar Westinghouse de 14500 vatios de funcionamiento Tri-Fuel - Mercado Hogar<\/title>\n<meta name=\"robots\" content=\"index, follow, max-snippet:-1, max-image-preview:large, max-video-preview:-1\" \/>\n<link rel=\"canonical\" href=\"https:\/\/mercadohogar.ca\/es\/producto\/generador-portatil-de-respaldo-para-el-hogar-westinghouse-de-14500-vatios-de-funcionamiento-tri-fuel\/\" \/>\n<meta property=\"og:locale\" content=\"es_ES\" \/>\n<meta property=\"og:type\" content=\"article\" \/>\n<meta property=\"og:title\" content=\"Generador port\u00e1til de respaldo para el hogar Westinghouse de 14500 vatios de funcionamiento Tri-Fuel - Mercado Hogar\" \/>\n<meta property=\"og:description\" content=\"14500 vatios de funcionamiento, 18000 vatios pico (gasolina); 13000 vatios de funcionamiento, 16000 vatios pico (propano); 11600 vatios de funcionamiento, 14400 vatios pico (gas natural); Arranque el\u00e9ctrico y remoto con llavero incluido; Hasta 12 horas de tiempo de funcionamiento con un tanque de combustible de 40 l con indicador de combustible Cuenta con dos recept\u00e1culos dom\u00e9sticos est\u00e1ndar GFCI 120 V [&hellip;]\" \/>\n<meta property=\"og:url\" content=\"https:\/\/mercadohogar.ca\/es\/producto\/generador-portatil-de-respaldo-para-el-hogar-westinghouse-de-14500-vatios-de-funcionamiento-tri-fuel\/\" \/>\n<meta property=\"og:site_name\" content=\"Mercado Hogar\" \/>\n<meta property=\"article:modified_time\" content=\"2026-01-17T22:31:07+00:00\" \/>\n<meta property=\"og:image\" content=\"https:\/\/mercadohogar.ca\/wp-content\/uploads\/2026\/01\/wp-image-7763714490.jpg\" \/>\n\t<meta property=\"og:image:width\" content=\"1431\" \/>\n\t<meta property=\"og:image:height\" content=\"1500\" \/>\n\t<meta property=\"og:image:type\" content=\"image\/jpeg\" \/>\n<meta name=\"twitter:card\" content=\"summary_large_image\" \/>\n<meta name=\"twitter:label1\" content=\"Tiempo de lectura\" \/>\n\t<meta name=\"twitter:data1\" content=\"1 minuto\" \/>\n<script type=\"application\/ld+json\" class=\"yoast-schema-graph\">{\"@context\":\"https:\\\/\\\/schema.org\",\"@graph\":[{\"@type\":\"WebPage\",\"@id\":\"https:\\\/\\\/mercadohogar.ca\\\/es\\\/producto\\\/generador-portatil-de-respaldo-para-el-hogar-westinghouse-de-14500-vatios-de-funcionamiento-tri-fuel\\\/\",\"url\":\"https:\\\/\\\/mercadohogar.ca\\\/es\\\/producto\\\/generador-portatil-de-respaldo-para-el-hogar-westinghouse-de-14500-vatios-de-funcionamiento-tri-fuel\\\/\",\"name\":\"Generador port\u00e1til de respaldo para el hogar Westinghouse de 14500 vatios de funcionamiento Tri-Fuel - Mercado Hogar\",\"isPartOf\":{\"@id\":\"https:\\\/\\\/mercadohogar.ca\\\/es\\\/#website\"},\"primaryImageOfPage\":{\"@id\":\"https:\\\/\\\/mercadohogar.ca\\\/es\\\/producto\\\/generador-portatil-de-respaldo-para-el-hogar-westinghouse-de-14500-vatios-de-funcionamiento-tri-fuel\\\/#primaryimage\"},\"image\":{\"@id\":\"https:\\\/\\\/mercadohogar.ca\\\/es\\\/producto\\\/generador-portatil-de-respaldo-para-el-hogar-westinghouse-de-14500-vatios-de-funcionamiento-tri-fuel\\\/#primaryimage\"},\"thumbnailUrl\":\"https:\\\/\\\/mercadohogar.ca\\\/wp-content\\\/uploads\\\/2026\\\/01\\\/wp-image-7763714490.jpg\",\"datePublished\":\"2026-01-02T01:31:32+00:00\",\"dateModified\":\"2026-01-17T22:31:07+00:00\",\"breadcrumb\":{\"@id\":\"https:\\\/\\\/mercadohogar.ca\\\/es\\\/producto\\\/generador-portatil-de-respaldo-para-el-hogar-westinghouse-de-14500-vatios-de-funcionamiento-tri-fuel\\\/#breadcrumb\"},\"inLanguage\":\"es\",\"potentialAction\":[{\"@type\":\"ReadAction\",\"target\":[\"https:\\\/\\\/mercadohogar.ca\\\/es\\\/producto\\\/generador-portatil-de-respaldo-para-el-hogar-westinghouse-de-14500-vatios-de-funcionamiento-tri-fuel\\\/\"]}]},{\"@type\":\"ImageObject\",\"inLanguage\":\"es\",\"@id\":\"https:\\\/\\\/mercadohogar.ca\\\/es\\\/producto\\\/generador-portatil-de-respaldo-para-el-hogar-westinghouse-de-14500-vatios-de-funcionamiento-tri-fuel\\\/#primaryimage\",\"url\":\"https:\\\/\\\/mercadohogar.ca\\\/wp-content\\\/uploads\\\/2026\\\/01\\\/wp-image-7763714490.jpg\",\"contentUrl\":\"https:\\\/\\\/mercadohogar.ca\\\/wp-content\\\/uploads\\\/2026\\\/01\\\/wp-image-7763714490.jpg\",\"width\":1431,\"height\":1500},{\"@type\":\"BreadcrumbList\",\"@id\":\"https:\\\/\\\/mercadohogar.ca\\\/es\\\/producto\\\/generador-portatil-de-respaldo-para-el-hogar-westinghouse-de-14500-vatios-de-funcionamiento-tri-fuel\\\/#breadcrumb\",\"itemListElement\":[{\"@type\":\"ListItem\",\"position\":1,\"name\":\"Home\",\"item\":\"https:\\\/\\\/mercadohogar.ca\\\/es\\\/\"},{\"@type\":\"ListItem\",\"position\":2,\"name\":\"Tienda\",\"item\":\"https:\\\/\\\/mercadohogar.ca\\\/es\\\/tienda-2\\\/\"},{\"@type\":\"ListItem\",\"position\":3,\"name\":\"Generador port\u00e1til de respaldo para el hogar Westinghouse de 14500 vatios de funcionamiento Tri-Fuel\"}]},{\"@type\":\"WebSite\",\"@id\":\"https:\\\/\\\/mercadohogar.ca\\\/es\\\/#website\",\"url\":\"https:\\\/\\\/mercadohogar.ca\\\/es\\\/\",\"name\":\"Mercado Hogar\",\"description\":\"Mercado Hogar\",\"publisher\":{\"@id\":\"https:\\\/\\\/mercadohogar.ca\\\/es\\\/#organization\"},\"potentialAction\":[{\"@type\":\"SearchAction\",\"target\":{\"@type\":\"EntryPoint\",\"urlTemplate\":\"https:\\\/\\\/mercadohogar.ca\\\/es\\\/?s={search_term_string}\"},\"query-input\":{\"@type\":\"PropertyValueSpecification\",\"valueRequired\":true,\"valueName\":\"search_term_string\"}}],\"inLanguage\":\"es\"},{\"@type\":\"Organization\",\"@id\":\"https:\\\/\\\/mercadohogar.ca\\\/es\\\/#organization\",\"name\":\"Mercado Hogar\",\"url\":\"https:\\\/\\\/mercadohogar.ca\\\/es\\\/\",\"logo\":{\"@type\":\"ImageObject\",\"inLanguage\":\"es\",\"@id\":\"https:\\\/\\\/mercadohogar.ca\\\/es\\\/#\\\/schema\\\/logo\\\/image\\\/\",\"url\":\"https:\\\/\\\/mercadohogar.ca\\\/wp-content\\\/uploads\\\/2025\\\/12\\\/MH-LOGO.png\",\"contentUrl\":\"https:\\\/\\\/mercadohogar.ca\\\/wp-content\\\/uploads\\\/2025\\\/12\\\/MH-LOGO.png\",\"width\":1200,\"height\":1200,\"caption\":\"Mercado Hogar\"},\"image\":{\"@id\":\"https:\\\/\\\/mercadohogar.ca\\\/es\\\/#\\\/schema\\\/logo\\\/image\\\/\"}}]}<\/script>\n<!-- \/ Yoast SEO plugin. -->","yoast_head_json":{"title":"Generador port\u00e1til de respaldo para el hogar Westinghouse de 14500 vatios de funcionamiento Tri-Fuel - Mercado Hogar","robots":{"index":"index","follow":"follow","max-snippet":"max-snippet:-1","max-image-preview":"max-image-preview:large","max-video-preview":"max-video-preview:-1"},"canonical":"https:\/\/mercadohogar.ca\/es\/producto\/generador-portatil-de-respaldo-para-el-hogar-westinghouse-de-14500-vatios-de-funcionamiento-tri-fuel\/","og_locale":"es_ES","og_type":"article","og_title":"Generador port\u00e1til de respaldo para el hogar Westinghouse de 14500 vatios de funcionamiento Tri-Fuel - Mercado Hogar","og_description":"14500 vatios de funcionamiento, 18000 vatios pico (gasolina); 13000 vatios de funcionamiento, 16000 vatios pico (propano); 11600 vatios de funcionamiento, 14400 vatios pico (gas natural); Arranque el\u00e9ctrico y remoto con llavero incluido; Hasta 12 horas de tiempo de funcionamiento con un tanque de combustible de 40 l con indicador de combustible Cuenta con dos recept\u00e1culos dom\u00e9sticos est\u00e1ndar GFCI 120 V [&hellip;]","og_url":"https:\/\/mercadohogar.ca\/es\/producto\/generador-portatil-de-respaldo-para-el-hogar-westinghouse-de-14500-vatios-de-funcionamiento-tri-fuel\/","og_site_name":"Mercado Hogar","article_modified_time":"2026-01-17T22:31:07+00:00","og_image":[{"width":1431,"height":1500,"url":"https:\/\/mercadohogar.ca\/wp-content\/uploads\/2026\/01\/wp-image-7763714490.jpg","type":"image\/jpeg"}],"twitter_card":"summary_large_image","twitter_misc":{"Tiempo de lectura":"1 minuto"},"schema":{"@context":"https:\/\/schema.org","@graph":[{"@type":"WebPage","@id":"https:\/\/mercadohogar.ca\/es\/producto\/generador-portatil-de-respaldo-para-el-hogar-westinghouse-de-14500-vatios-de-funcionamiento-tri-fuel\/","url":"https:\/\/mercadohogar.ca\/es\/producto\/generador-portatil-de-respaldo-para-el-hogar-westinghouse-de-14500-vatios-de-funcionamiento-tri-fuel\/","name":"Generador port\u00e1til de respaldo para el hogar Westinghouse de 14500 vatios de funcionamiento Tri-Fuel - Mercado Hogar","isPartOf":{"@id":"https:\/\/mercadohogar.ca\/es\/#website"},"primaryImageOfPage":{"@id":"https:\/\/mercadohogar.ca\/es\/producto\/generador-portatil-de-respaldo-para-el-hogar-westinghouse-de-14500-vatios-de-funcionamiento-tri-fuel\/#primaryimage"},"image":{"@id":"https:\/\/mercadohogar.ca\/es\/producto\/generador-portatil-de-respaldo-para-el-hogar-westinghouse-de-14500-vatios-de-funcionamiento-tri-fuel\/#primaryimage"},"thumbnailUrl":"https:\/\/mercadohogar.ca\/wp-content\/uploads\/2026\/01\/wp-image-7763714490.jpg","datePublished":"2026-01-02T01:31:32+00:00","dateModified":"2026-01-17T22:31:07+00:00","breadcrumb":{"@id":"https:\/\/mercadohogar.ca\/es\/producto\/generador-portatil-de-respaldo-para-el-hogar-westinghouse-de-14500-vatios-de-funcionamiento-tri-fuel\/#breadcrumb"},"inLanguage":"es","potentialAction":[{"@type":"ReadAction","target":["https:\/\/mercadohogar.ca\/es\/producto\/generador-portatil-de-respaldo-para-el-hogar-westinghouse-de-14500-vatios-de-funcionamiento-tri-fuel\/"]}]},{"@type":"ImageObject","inLanguage":"es","@id":"https:\/\/mercadohogar.ca\/es\/producto\/generador-portatil-de-respaldo-para-el-hogar-westinghouse-de-14500-vatios-de-funcionamiento-tri-fuel\/#primaryimage","url":"https:\/\/mercadohogar.ca\/wp-content\/uploads\/2026\/01\/wp-image-7763714490.jpg","contentUrl":"https:\/\/mercadohogar.ca\/wp-content\/uploads\/2026\/01\/wp-image-7763714490.jpg","width":1431,"height":1500},{"@type":"BreadcrumbList","@id":"https:\/\/mercadohogar.ca\/es\/producto\/generador-portatil-de-respaldo-para-el-hogar-westinghouse-de-14500-vatios-de-funcionamiento-tri-fuel\/#breadcrumb","itemListElement":[{"@type":"ListItem","position":1,"name":"Home","item":"https:\/\/mercadohogar.ca\/es\/"},{"@type":"ListItem","position":2,"name":"Tienda","item":"https:\/\/mercadohogar.ca\/es\/tienda-2\/"},{"@type":"ListItem","position":3,"name":"Generador port\u00e1til de respaldo para el hogar Westinghouse de 14500 vatios de funcionamiento Tri-Fuel"}]},{"@type":"WebSite","@id":"https:\/\/mercadohogar.ca\/es\/#website","url":"https:\/\/mercadohogar.ca\/es\/","name":"Mercado Hogar","description":"Mercado Hogar","publisher":{"@id":"https:\/\/mercadohogar.ca\/es\/#organization"},"potentialAction":[{"@type":"SearchAction","target":{"@type":"EntryPoint","urlTemplate":"https:\/\/mercadohogar.ca\/es\/?s={search_term_string}"},"query-input":{"@type":"PropertyValueSpecification","valueRequired":true,"valueName":"search_term_string"}}],"inLanguage":"es"},{"@type":"Organization","@id":"https:\/\/mercadohogar.ca\/es\/#organization","name":"Mercado Hogar","url":"https:\/\/mercadohogar.ca\/es\/","logo":{"@type":"ImageObject","inLanguage":"es","@id":"https:\/\/mercadohogar.ca\/es\/#\/schema\/logo\/image\/","url":"https:\/\/mercadohogar.ca\/wp-content\/uploads\/2025\/12\/MH-LOGO.png","contentUrl":"https:\/\/mercadohogar.ca\/wp-content\/uploads\/2025\/12\/MH-LOGO.png","width":1200,"height":1200,"caption":"Mercado Hogar"},"image":{"@id":"https:\/\/mercadohogar.ca\/es\/#\/schema\/logo\/image\/"}}]}},"jetpack_sharing_enabled":true,"_links":{"self":[{"href":"https:\/\/mercadohogar.ca\/es\/wp-json\/wp\/v2\/product\/4601","targetHints":{"allow":["GET"]}}],"collection":[{"href":"https:\/\/mercadohogar.ca\/es\/wp-json\/wp\/v2\/product"}],"about":[{"href":"https:\/\/mercadohogar.ca\/es\/wp-json\/wp\/v2\/types\/product"}],"version-history":[{"count":1,"href":"https:\/\/mercadohogar.ca\/es\/wp-json\/wp\/v2\/product\/4601\/revisions"}],"predecessor-version":[{"id":5481,"href":"https:\/\/mercadohogar.ca\/es\/wp-json\/wp\/v2\/product\/4601\/revisions\/5481"}],"wp:featuredmedia":[{"embeddable":true,"href":"https:\/\/mercadohogar.ca\/es\/wp-json\/wp\/v2\/media\/3080"}],"wp:attachment":[{"href":"https:\/\/mercadohogar.ca\/es\/wp-json\/wp\/v2\/media?parent=4601"}],"wp:term":[{"taxonomy":"product_brand","embeddable":true,"href":"https:\/\/mercadohogar.ca\/es\/wp-json\/wp\/v2\/product_brand?post=4601"},{"taxonomy":"product_cat","embeddable":true,"href":"https:\/\/mercadohogar.ca\/es\/wp-json\/wp\/v2\/product_cat?post=4601"},{"taxonomy":"product_tag","embeddable":true,"href":"https:\/\/mercadohogar.ca\/es\/wp-json\/wp\/v2\/product_tag?post=4601"}],"curies":[{"name":"wp","href":"https:\/\/api.w.org\/{rel}","templated":true}]}}