{"id":4602,"date":"2026-01-02T01:31:30","date_gmt":"2026-01-02T01:31:30","guid":{"rendered":"https:\/\/mercadohogar.ca\/producto\/consola-xbox-series-x\/"},"modified":"2026-01-02T01:31:30","modified_gmt":"2026-01-02T01:31:30","slug":"consola-xbox-series-x","status":"publish","type":"product","link":"https:\/\/mercadohogar.ca\/es\/product\/consola-xbox-series-x\/","title":{"rendered":"Consola Xbox Series X"},"content":{"rendered":"<p>Acerca de este art\u00edculo<\/p>\n<ul>\n<li>Descubre Xbox Series X, la Xbox m\u00e1s r\u00e1pida y potente hasta la fecha. Explora nuevos y ricos mundos con 12 teraflops de potencia de procesamiento gr\u00e1fico en bruto, trazado de rayos DirectX, un SSD personalizado de 1 TB y juegos en 4K.* <\/li>\n<li>Incluye: Consola Xbox Series X, un mando inal\u00e1mbrico Xbox, un cable HDMI de ultra alta velocidad, cable de alimentaci\u00f3n y 2 pilas AA.<\/li>\n<li>Aprovecha al m\u00e1ximo cada minuto de juego con Quick Resume, tiempos de carga ultrarr\u00e1pidos y una jugabilidad de hasta 120 FPS, todo ello impulsado por la arquitectura Xbox Velocity.*<\/li>\n<li>Disfruta de miles de juegos de cuatro generaciones de Xbox, con cientos de juegos optimizados que se ven y se juegan mejor que nunca. Xbox Smart Delivery te garantiza que juegues a la mejor versi\u00f3n disponible de tu juego, independientemente de la consola en la que juegues. <\/li>\n<li>Saca el m\u00e1ximo partido a tu Xbox Series X con Xbox Game Pass Ultimate (la suscripci\u00f3n se vende por separado) y s\u00e9 el primero en jugar a nuevos juegos como Starfield y Forza Motorsport desde el primer d\u00eda. Adem\u00e1s, disfruta de cientos de juegos como Minecraft Legends, Halo Infinite y Forza Horizon 5 con amigos en consola, PC y la nube. Con juegos que se a\u00f1aden continuamente, siempre hay algo nuevo a lo que jugar.  <\/li>\n<li>Minimiza los tiempos de carga y aumenta la velocidad de fotogramas con un SSD NVMe personalizado, que permite que los juegos m\u00e1s grandes y robustos funcionen a su m\u00e1xima capacidad. Da vida a tus juegos y pel\u00edculas con entornos de sonido ricos y din\u00e1micos de alta calidad. <\/li>\n<\/ul>\n","protected":false},"excerpt":{"rendered":"<p>Acerca de este art\u00edculo Descubre Xbox Series X, la Xbox m\u00e1s r\u00e1pida y potente hasta la fecha. Explora nuevos y ricos mundos con 12 teraflops de potencia de procesamiento gr\u00e1fico&hellip;<\/p>\n","protected":false},"featured_media":3102,"template":"","meta":[],"product_brand":[],"product_cat":[992],"product_tag":[],"class_list":{"0":"post-4602","1":"product","2":"type-product","3":"status-publish","4":"has-post-thumbnail","6":"product_cat-mejoras-en-el-hogar","7":"product_shipping_class-aerovaradero-general","9":"first","10":"instock","11":"shipping-taxable","12":"purchasable","13":"product-type-simple"},"_links":{"self":[{"href":"https:\/\/mercadohogar.ca\/es\/wp-json\/wp\/v2\/product\/4602","targetHints":{"allow":["GET"]}}],"collection":[{"href":"https:\/\/mercadohogar.ca\/es\/wp-json\/wp\/v2\/product"}],"about":[{"href":"https:\/\/mercadohogar.ca\/es\/wp-json\/wp\/v2\/types\/product"}],"version-history":[{"count":0,"href":"https:\/\/mercadohogar.ca\/es\/wp-json\/wp\/v2\/product\/4602\/revisions"}],"wp:featuredmedia":[{"embeddable":true,"href":"https:\/\/mercadohogar.ca\/es\/wp-json\/wp\/v2\/media\/3102"}],"wp:attachment":[{"href":"https:\/\/mercadohogar.ca\/es\/wp-json\/wp\/v2\/media?parent=4602"}],"wp:term":[{"taxonomy":"product_brand","embeddable":true,"href":"https:\/\/mercadohogar.ca\/es\/wp-json\/wp\/v2\/product_brand?post=4602"},{"taxonomy":"product_cat","embeddable":true,"href":"https:\/\/mercadohogar.ca\/es\/wp-json\/wp\/v2\/product_cat?post=4602"},{"taxonomy":"product_tag","embeddable":true,"href":"https:\/\/mercadohogar.ca\/es\/wp-json\/wp\/v2\/product_tag?post=4602"}],"curies":[{"name":"wp","href":"https:\/\/api.w.org\/{rel}","templated":true}]}}