{"id":4603,"date":"2026-01-02T01:31:32","date_gmt":"2026-01-02T01:31:32","guid":{"rendered":"https:\/\/mercadohogar.ca\/producto\/mini-frigorifico-vissani-negro-de-1217-litros-43-pies-cubicos\/"},"modified":"2026-01-02T01:31:32","modified_gmt":"2026-01-02T01:31:32","slug":"mini-frigorifico-vissani-negro-de-1217-litros-43-pies-cubicos","status":"publish","type":"product","link":"https:\/\/mercadohogar.ca\/es\/producto\/mini-frigorifico-vissani-negro-de-1217-litros-43-pies-cubicos\/","title":{"rendered":"Mini frigor\u00edfico Vissani negro de 121,7 litros (4,3 pies c\u00fabicos)"},"content":{"rendered":"<p>Tanto si vas a la universidad como si simplemente quieres un poco m\u00e1s de espacio de refrigeraci\u00f3n en tu casa u oficina, este mini frigor\u00edfico de 121,7 litros (4,3 pies c\u00fabicos) tiene las opciones de almacenamiento que buscas. Su aspecto elegante se corresponde con un interior bien dise\u00f1ado, que incluye estantes en la puerta para guardar c\u00f3modamente latas y botellas de bebidas. Los dos estantes de cristal son extra\u00edbles y f\u00e1ciles de limpiar. El dise\u00f1o con certificaci\u00f3n ENERGY STAR ayuda a ahorrar en costes de energ\u00eda sin sacrificar el rendimiento.    <\/p>\n<p>Dos estantes de cristal extra\u00edbles <\/p>\n<p>Estantes\/rejillas en la puerta para facilitar el acceso <\/p>\n<p>Control de temperatura con dial para un f\u00e1cil ajuste <\/p>\n<p>Puerta reversible <\/p>\n<p>Mini congelador<\/p>\n","protected":false},"excerpt":{"rendered":"<p>Tanto si vas a la universidad como si simplemente quieres un poco m\u00e1s de espacio de refrigeraci\u00f3n en tu casa u oficina, este mini frigor\u00edfico de 121,7 litros (4,3 pies c\u00fabicos) tiene las opciones de almacenamiento que buscas. Su aspecto elegante se corresponde con un interior bien dise\u00f1ado, que incluye estantes en la puerta para guardar c\u00f3modamente latas y botellas [&hellip;]<\/p>\n","protected":false},"featured_media":3075,"template":"","meta":{"_coblocks_attr":"","_coblocks_dimensions":"","_coblocks_responsive_height":"","_coblocks_accordion_ie_support":"","postBodyCss":"","postBodyMargin":[],"postBodyPadding":[],"postBodyBackground":{"backgroundType":"classic","gradient":""}},"product_brand":[],"product_cat":[898],"product_tag":[],"class_list":{"0":"post-4603","1":"product","2":"type-product","3":"status-publish","4":"has-post-thumbnail","6":"product_cat-appliances","7":"product_shipping_class-aerovaradero-general","9":"first","10":"instock","11":"taxable","12":"shipping-taxable","13":"purchasable","14":"product-type-simple"},"yoast_head":"<!-- This site is optimized with the Yoast SEO plugin v27.5 - https:\/\/yoast.com\/product\/yoast-seo-wordpress\/ -->\n<title>Mini frigor\u00edfico Vissani negro de 121,7 litros (4,3 pies c\u00fabicos) - Mercado Hogar<\/title>\n<meta name=\"robots\" content=\"index, follow, max-snippet:-1, max-image-preview:large, max-video-preview:-1\" \/>\n<link rel=\"canonical\" href=\"https:\/\/mercadohogar.ca\/es\/producto\/mini-frigorifico-vissani-negro-de-1217-litros-43-pies-cubicos\/\" \/>\n<meta property=\"og:locale\" content=\"es_ES\" \/>\n<meta property=\"og:type\" content=\"article\" \/>\n<meta property=\"og:title\" content=\"Mini frigor\u00edfico Vissani negro de 121,7 litros (4,3 pies c\u00fabicos) - Mercado Hogar\" \/>\n<meta property=\"og:description\" content=\"Tanto si vas a la universidad como si simplemente quieres un poco m\u00e1s de espacio de refrigeraci\u00f3n en tu casa u oficina, este mini frigor\u00edfico de 121,7 litros (4,3 pies c\u00fabicos) tiene las opciones de almacenamiento que buscas. Su aspecto elegante se corresponde con un interior bien dise\u00f1ado, que incluye estantes en la puerta para guardar c\u00f3modamente latas y botellas [&hellip;]\" \/>\n<meta property=\"og:url\" content=\"https:\/\/mercadohogar.ca\/es\/producto\/mini-frigorifico-vissani-negro-de-1217-litros-43-pies-cubicos\/\" \/>\n<meta property=\"og:site_name\" content=\"Mercado Hogar\" \/>\n<meta property=\"og:image\" content=\"https:\/\/mercadohogar.ca\/wp-content\/uploads\/2026\/01\/wp-image-7413654850.png\" \/>\n\t<meta property=\"og:image:width\" content=\"534\" \/>\n\t<meta property=\"og:image:height\" content=\"832\" \/>\n\t<meta property=\"og:image:type\" content=\"image\/png\" \/>\n<meta name=\"twitter:card\" content=\"summary_large_image\" \/>\n<meta name=\"twitter:label1\" content=\"Tiempo de lectura\" \/>\n\t<meta name=\"twitter:data1\" content=\"1 minuto\" \/>\n<script type=\"application\/ld+json\" class=\"yoast-schema-graph\">{\"@context\":\"https:\\\/\\\/schema.org\",\"@graph\":[{\"@type\":\"WebPage\",\"@id\":\"https:\\\/\\\/mercadohogar.ca\\\/es\\\/producto\\\/mini-frigorifico-vissani-negro-de-1217-litros-43-pies-cubicos\\\/\",\"url\":\"https:\\\/\\\/mercadohogar.ca\\\/es\\\/producto\\\/mini-frigorifico-vissani-negro-de-1217-litros-43-pies-cubicos\\\/\",\"name\":\"Mini frigor\u00edfico Vissani negro de 121,7 litros (4,3 pies c\u00fabicos) - Mercado Hogar\",\"isPartOf\":{\"@id\":\"https:\\\/\\\/mercadohogar.ca\\\/es\\\/#website\"},\"primaryImageOfPage\":{\"@id\":\"https:\\\/\\\/mercadohogar.ca\\\/es\\\/producto\\\/mini-frigorifico-vissani-negro-de-1217-litros-43-pies-cubicos\\\/#primaryimage\"},\"image\":{\"@id\":\"https:\\\/\\\/mercadohogar.ca\\\/es\\\/producto\\\/mini-frigorifico-vissani-negro-de-1217-litros-43-pies-cubicos\\\/#primaryimage\"},\"thumbnailUrl\":\"https:\\\/\\\/mercadohogar.ca\\\/wp-content\\\/uploads\\\/2026\\\/01\\\/wp-image-7413654850.png\",\"datePublished\":\"2026-01-02T01:31:32+00:00\",\"breadcrumb\":{\"@id\":\"https:\\\/\\\/mercadohogar.ca\\\/es\\\/producto\\\/mini-frigorifico-vissani-negro-de-1217-litros-43-pies-cubicos\\\/#breadcrumb\"},\"inLanguage\":\"es\",\"potentialAction\":[{\"@type\":\"ReadAction\",\"target\":[\"https:\\\/\\\/mercadohogar.ca\\\/es\\\/producto\\\/mini-frigorifico-vissani-negro-de-1217-litros-43-pies-cubicos\\\/\"]}]},{\"@type\":\"ImageObject\",\"inLanguage\":\"es\",\"@id\":\"https:\\\/\\\/mercadohogar.ca\\\/es\\\/producto\\\/mini-frigorifico-vissani-negro-de-1217-litros-43-pies-cubicos\\\/#primaryimage\",\"url\":\"https:\\\/\\\/mercadohogar.ca\\\/wp-content\\\/uploads\\\/2026\\\/01\\\/wp-image-7413654850.png\",\"contentUrl\":\"https:\\\/\\\/mercadohogar.ca\\\/wp-content\\\/uploads\\\/2026\\\/01\\\/wp-image-7413654850.png\",\"width\":534,\"height\":832},{\"@type\":\"BreadcrumbList\",\"@id\":\"https:\\\/\\\/mercadohogar.ca\\\/es\\\/producto\\\/mini-frigorifico-vissani-negro-de-1217-litros-43-pies-cubicos\\\/#breadcrumb\",\"itemListElement\":[{\"@type\":\"ListItem\",\"position\":1,\"name\":\"Home\",\"item\":\"https:\\\/\\\/mercadohogar.ca\\\/es\\\/\"},{\"@type\":\"ListItem\",\"position\":2,\"name\":\"Tienda\",\"item\":\"https:\\\/\\\/mercadohogar.ca\\\/es\\\/tienda-2\\\/\"},{\"@type\":\"ListItem\",\"position\":3,\"name\":\"Mini frigor\u00edfico Vissani negro de 121,7 litros (4,3 pies c\u00fabicos)\"}]},{\"@type\":\"WebSite\",\"@id\":\"https:\\\/\\\/mercadohogar.ca\\\/es\\\/#website\",\"url\":\"https:\\\/\\\/mercadohogar.ca\\\/es\\\/\",\"name\":\"Mercado Hogar\",\"description\":\"Mercado Hogar\",\"publisher\":{\"@id\":\"https:\\\/\\\/mercadohogar.ca\\\/es\\\/#organization\"},\"potentialAction\":[{\"@type\":\"SearchAction\",\"target\":{\"@type\":\"EntryPoint\",\"urlTemplate\":\"https:\\\/\\\/mercadohogar.ca\\\/es\\\/?s={search_term_string}\"},\"query-input\":{\"@type\":\"PropertyValueSpecification\",\"valueRequired\":true,\"valueName\":\"search_term_string\"}}],\"inLanguage\":\"es\"},{\"@type\":\"Organization\",\"@id\":\"https:\\\/\\\/mercadohogar.ca\\\/es\\\/#organization\",\"name\":\"Mercado Hogar\",\"url\":\"https:\\\/\\\/mercadohogar.ca\\\/es\\\/\",\"logo\":{\"@type\":\"ImageObject\",\"inLanguage\":\"es\",\"@id\":\"https:\\\/\\\/mercadohogar.ca\\\/es\\\/#\\\/schema\\\/logo\\\/image\\\/\",\"url\":\"https:\\\/\\\/mercadohogar.ca\\\/wp-content\\\/uploads\\\/2025\\\/12\\\/MH-LOGO.png\",\"contentUrl\":\"https:\\\/\\\/mercadohogar.ca\\\/wp-content\\\/uploads\\\/2025\\\/12\\\/MH-LOGO.png\",\"width\":1200,\"height\":1200,\"caption\":\"Mercado Hogar\"},\"image\":{\"@id\":\"https:\\\/\\\/mercadohogar.ca\\\/es\\\/#\\\/schema\\\/logo\\\/image\\\/\"}}]}<\/script>\n<!-- \/ Yoast SEO plugin. -->","yoast_head_json":{"title":"Mini frigor\u00edfico Vissani negro de 121,7 litros (4,3 pies c\u00fabicos) - Mercado Hogar","robots":{"index":"index","follow":"follow","max-snippet":"max-snippet:-1","max-image-preview":"max-image-preview:large","max-video-preview":"max-video-preview:-1"},"canonical":"https:\/\/mercadohogar.ca\/es\/producto\/mini-frigorifico-vissani-negro-de-1217-litros-43-pies-cubicos\/","og_locale":"es_ES","og_type":"article","og_title":"Mini frigor\u00edfico Vissani negro de 121,7 litros (4,3 pies c\u00fabicos) - Mercado Hogar","og_description":"Tanto si vas a la universidad como si simplemente quieres un poco m\u00e1s de espacio de refrigeraci\u00f3n en tu casa u oficina, este mini frigor\u00edfico de 121,7 litros (4,3 pies c\u00fabicos) tiene las opciones de almacenamiento que buscas. Su aspecto elegante se corresponde con un interior bien dise\u00f1ado, que incluye estantes en la puerta para guardar c\u00f3modamente latas y botellas [&hellip;]","og_url":"https:\/\/mercadohogar.ca\/es\/producto\/mini-frigorifico-vissani-negro-de-1217-litros-43-pies-cubicos\/","og_site_name":"Mercado Hogar","og_image":[{"width":534,"height":832,"url":"https:\/\/mercadohogar.ca\/wp-content\/uploads\/2026\/01\/wp-image-7413654850.png","type":"image\/png"}],"twitter_card":"summary_large_image","twitter_misc":{"Tiempo de lectura":"1 minuto"},"schema":{"@context":"https:\/\/schema.org","@graph":[{"@type":"WebPage","@id":"https:\/\/mercadohogar.ca\/es\/producto\/mini-frigorifico-vissani-negro-de-1217-litros-43-pies-cubicos\/","url":"https:\/\/mercadohogar.ca\/es\/producto\/mini-frigorifico-vissani-negro-de-1217-litros-43-pies-cubicos\/","name":"Mini frigor\u00edfico Vissani negro de 121,7 litros (4,3 pies c\u00fabicos) - Mercado Hogar","isPartOf":{"@id":"https:\/\/mercadohogar.ca\/es\/#website"},"primaryImageOfPage":{"@id":"https:\/\/mercadohogar.ca\/es\/producto\/mini-frigorifico-vissani-negro-de-1217-litros-43-pies-cubicos\/#primaryimage"},"image":{"@id":"https:\/\/mercadohogar.ca\/es\/producto\/mini-frigorifico-vissani-negro-de-1217-litros-43-pies-cubicos\/#primaryimage"},"thumbnailUrl":"https:\/\/mercadohogar.ca\/wp-content\/uploads\/2026\/01\/wp-image-7413654850.png","datePublished":"2026-01-02T01:31:32+00:00","breadcrumb":{"@id":"https:\/\/mercadohogar.ca\/es\/producto\/mini-frigorifico-vissani-negro-de-1217-litros-43-pies-cubicos\/#breadcrumb"},"inLanguage":"es","potentialAction":[{"@type":"ReadAction","target":["https:\/\/mercadohogar.ca\/es\/producto\/mini-frigorifico-vissani-negro-de-1217-litros-43-pies-cubicos\/"]}]},{"@type":"ImageObject","inLanguage":"es","@id":"https:\/\/mercadohogar.ca\/es\/producto\/mini-frigorifico-vissani-negro-de-1217-litros-43-pies-cubicos\/#primaryimage","url":"https:\/\/mercadohogar.ca\/wp-content\/uploads\/2026\/01\/wp-image-7413654850.png","contentUrl":"https:\/\/mercadohogar.ca\/wp-content\/uploads\/2026\/01\/wp-image-7413654850.png","width":534,"height":832},{"@type":"BreadcrumbList","@id":"https:\/\/mercadohogar.ca\/es\/producto\/mini-frigorifico-vissani-negro-de-1217-litros-43-pies-cubicos\/#breadcrumb","itemListElement":[{"@type":"ListItem","position":1,"name":"Home","item":"https:\/\/mercadohogar.ca\/es\/"},{"@type":"ListItem","position":2,"name":"Tienda","item":"https:\/\/mercadohogar.ca\/es\/tienda-2\/"},{"@type":"ListItem","position":3,"name":"Mini frigor\u00edfico Vissani negro de 121,7 litros (4,3 pies c\u00fabicos)"}]},{"@type":"WebSite","@id":"https:\/\/mercadohogar.ca\/es\/#website","url":"https:\/\/mercadohogar.ca\/es\/","name":"Mercado Hogar","description":"Mercado Hogar","publisher":{"@id":"https:\/\/mercadohogar.ca\/es\/#organization"},"potentialAction":[{"@type":"SearchAction","target":{"@type":"EntryPoint","urlTemplate":"https:\/\/mercadohogar.ca\/es\/?s={search_term_string}"},"query-input":{"@type":"PropertyValueSpecification","valueRequired":true,"valueName":"search_term_string"}}],"inLanguage":"es"},{"@type":"Organization","@id":"https:\/\/mercadohogar.ca\/es\/#organization","name":"Mercado Hogar","url":"https:\/\/mercadohogar.ca\/es\/","logo":{"@type":"ImageObject","inLanguage":"es","@id":"https:\/\/mercadohogar.ca\/es\/#\/schema\/logo\/image\/","url":"https:\/\/mercadohogar.ca\/wp-content\/uploads\/2025\/12\/MH-LOGO.png","contentUrl":"https:\/\/mercadohogar.ca\/wp-content\/uploads\/2025\/12\/MH-LOGO.png","width":1200,"height":1200,"caption":"Mercado Hogar"},"image":{"@id":"https:\/\/mercadohogar.ca\/es\/#\/schema\/logo\/image\/"}}]}},"jetpack_sharing_enabled":true,"_links":{"self":[{"href":"https:\/\/mercadohogar.ca\/es\/wp-json\/wp\/v2\/product\/4603","targetHints":{"allow":["GET"]}}],"collection":[{"href":"https:\/\/mercadohogar.ca\/es\/wp-json\/wp\/v2\/product"}],"about":[{"href":"https:\/\/mercadohogar.ca\/es\/wp-json\/wp\/v2\/types\/product"}],"version-history":[{"count":0,"href":"https:\/\/mercadohogar.ca\/es\/wp-json\/wp\/v2\/product\/4603\/revisions"}],"wp:featuredmedia":[{"embeddable":true,"href":"https:\/\/mercadohogar.ca\/es\/wp-json\/wp\/v2\/media\/3075"}],"wp:attachment":[{"href":"https:\/\/mercadohogar.ca\/es\/wp-json\/wp\/v2\/media?parent=4603"}],"wp:term":[{"taxonomy":"product_brand","embeddable":true,"href":"https:\/\/mercadohogar.ca\/es\/wp-json\/wp\/v2\/product_brand?post=4603"},{"taxonomy":"product_cat","embeddable":true,"href":"https:\/\/mercadohogar.ca\/es\/wp-json\/wp\/v2\/product_cat?post=4603"},{"taxonomy":"product_tag","embeddable":true,"href":"https:\/\/mercadohogar.ca\/es\/wp-json\/wp\/v2\/product_tag?post=4603"}],"curies":[{"name":"wp","href":"https:\/\/api.w.org\/{rel}","templated":true}]}}