{"id":4604,"date":"2026-01-02T01:31:31","date_gmt":"2026-01-02T01:31:31","guid":{"rendered":"https:\/\/mercadohogar.ca\/producto\/altavoz-bluetooth-portatil-e-impermeable-wonderboom-4\/"},"modified":"2026-01-02T01:31:31","modified_gmt":"2026-01-02T01:31:31","slug":"altavoz-bluetooth-portatil-e-impermeable-wonderboom-4","status":"publish","type":"product","link":"https:\/\/mercadohogar.ca\/es\/product\/altavoz-bluetooth-portatil-e-impermeable-wonderboom-4\/","title":{"rendered":"Altavoz Bluetooth port\u00e1til e impermeable WONDERBOOM 4"},"content":{"rendered":"<p>Sonido sorprendentemente m\u00e1s grande de 360 grados: El altavoz Bluetooth port\u00e1til e impermeable WONDERBOOM 4 ofrece un sonido m\u00e1s grande de 360 grados en un paquete peque\u00f1o; sonido mejorado para hasta 14 horas de reproducci\u00f3n<\/p>\n<div>Modo Outdoor Boost y Podcast: Dise\u00f1ado para un sonido est\u00e9reo completo; pulse el bot\u00f3n Outdoor Boost para entornos exteriores; utilice el nuevo modo Podcast para que las voces suenen ricas y claras<\/div>\n<div>14 horas de Boom: Con una bater\u00eda que dura todo el d\u00eda, este altavoz port\u00e1til impermeable ofrece hasta 14 horas de reproducci\u00f3n, para que pueda disfrutar de cada momento<\/div>\n<div>Impermeable, a prueba de polvo y flotante: Con certificaci\u00f3n IP67, este altavoz Bluetooth impermeable puede sumergirse en 1 m de agua durante 30 minutos; protegido contra el polvo; ideal para la piscina, la playa o la ducha<\/div>\n<div>Duplique para obtener sonido est\u00e9reo: Empareje dos altavoces Bluetooth port\u00e1tiles WONDERBOOM 4 para obtener un sonido a\u00fan mayor; pulse una vez para duplicar; pulse de nuevo para obtener un sonido est\u00e9reo real de ambos altavoces, con canales izquierdo y derecho<\/div>\n<div>Altavoz inal\u00e1mbrico duradero con alcance: 40 metros (131 pies) de alcance para que pueda moverse libremente; adem\u00e1s, es resistente a la suciedad y a las ca\u00eddas (1) con una pr\u00e1ctica trabilla para que pueda llevarlo consigo<\/div>\n<div>Fabricado con pl\u00e1stico reciclado: Las piezas de pl\u00e1stico del altavoz Bluetooth inal\u00e1mbrico WONDERBOOM 4 incluyen un m\u00ednimo de 31% de pl\u00e1stico reciclado post-consumo en peso<\/div>\n<div>Probado contra ca\u00eddas desde 1,5 m \/ 5 pies<\/div>\n","protected":false},"excerpt":{"rendered":"<p>Sonido sorprendentemente m\u00e1s grande de 360 grados: El altavoz Bluetooth port\u00e1til e impermeable WONDERBOOM 4 ofrece un sonido m\u00e1s grande de 360 grados en un paquete peque\u00f1o; sonido mejorado para&hellip;<\/p>\n","protected":false},"featured_media":3098,"template":"","meta":[],"product_brand":[],"product_cat":[992],"product_tag":[],"class_list":{"0":"post-4604","1":"product","2":"type-product","3":"status-publish","4":"has-post-thumbnail","6":"product_cat-mejoras-en-el-hogar","7":"product_shipping_class-aerovaradero-general","9":"first","10":"instock","11":"shipping-taxable","12":"purchasable","13":"product-type-simple"},"_links":{"self":[{"href":"https:\/\/mercadohogar.ca\/es\/wp-json\/wp\/v2\/product\/4604","targetHints":{"allow":["GET"]}}],"collection":[{"href":"https:\/\/mercadohogar.ca\/es\/wp-json\/wp\/v2\/product"}],"about":[{"href":"https:\/\/mercadohogar.ca\/es\/wp-json\/wp\/v2\/types\/product"}],"version-history":[{"count":0,"href":"https:\/\/mercadohogar.ca\/es\/wp-json\/wp\/v2\/product\/4604\/revisions"}],"wp:featuredmedia":[{"embeddable":true,"href":"https:\/\/mercadohogar.ca\/es\/wp-json\/wp\/v2\/media\/3098"}],"wp:attachment":[{"href":"https:\/\/mercadohogar.ca\/es\/wp-json\/wp\/v2\/media?parent=4604"}],"wp:term":[{"taxonomy":"product_brand","embeddable":true,"href":"https:\/\/mercadohogar.ca\/es\/wp-json\/wp\/v2\/product_brand?post=4604"},{"taxonomy":"product_cat","embeddable":true,"href":"https:\/\/mercadohogar.ca\/es\/wp-json\/wp\/v2\/product_cat?post=4604"},{"taxonomy":"product_tag","embeddable":true,"href":"https:\/\/mercadohogar.ca\/es\/wp-json\/wp\/v2\/product_tag?post=4604"}],"curies":[{"name":"wp","href":"https:\/\/api.w.org\/{rel}","templated":true}]}}