{"id":4605,"date":"2026-01-02T01:31:33","date_gmt":"2026-01-02T01:31:33","guid":{"rendered":"https:\/\/mercadohogar.ca\/producto\/mini-frigorifico-compacto-vissani-de-acero-inoxidable-de-906-l-32-pies-cubicos\/"},"modified":"2026-01-02T01:31:33","modified_gmt":"2026-01-02T01:31:33","slug":"mini-frigorifico-compacto-vissani-de-acero-inoxidable-de-906-l-32-pies-cubicos","status":"publish","type":"product","link":"https:\/\/mercadohogar.ca\/es\/product\/mini-frigorifico-compacto-vissani-de-acero-inoxidable-de-906-l-32-pies-cubicos\/","title":{"rendered":"Mini frigor\u00edfico compacto Vissani de acero inoxidable de 90,6 L (3,2 pies c\u00fabicos)"},"content":{"rendered":"<p>Tanto si vas a la universidad como si simplemente quieres un poco m\u00e1s de espacio de refrigeraci\u00f3n en tu casa u oficina, el mini frigor\u00edfico Vissani de 90,6 L (3,2 pies c\u00fabicos) tiene las opciones de almacenamiento que buscas. Su aspecto elegante se complementa con un interior bien dise\u00f1ado, que incluye un estante para latas para guardar c\u00f3modamente las latas de bebidas en la puerta. Los estantes adicionales de la puerta ofrecen espacio para otros art\u00edculos de uso frecuente. Sus tres estantes de vidrio son f\u00e1ciles de limpiar. El dise\u00f1o con certificaci\u00f3n ENERGY STAR\u00ae ayuda a ahorrar en costes de energ\u00eda sin sacrificar el rendimiento.      <\/p>\n<p>Controles anal\u00f3gicos interiores frontales para realizar ajustes r\u00e1pidos en la temperatura interna <\/p>\n<p>3 estantes para alimentos frescos que proporcionan almacenamiento tanto para art\u00edculos grandes como peque\u00f1os para utilizar eficientemente la capacidad interior <\/p>\n<p>Los estantes de la puerta mantienen los art\u00edculos de uso frecuente al frente para facilitar el acceso <\/p>\n<p>El estante para latas mantiene las latas de bebidas ordenadas y a mano <\/p>\n<p>El compartimento congelador\/mini enfriador de ancho completo permite almacenar art\u00edculos de alimentos congelados m\u00e1s peque\u00f1os <\/p>\n<p>La luz interior garantiza una f\u00e1cil visualizaci\u00f3n de los art\u00edculos almacenados <\/p>\n<p>Dise\u00f1o de capacidad de 93,4 L (3,3 pies c\u00fabicos) con descongelaci\u00f3n manual  <\/p>\n<p>Puerta reversible y dise\u00f1o de parte trasera plana para una colocaci\u00f3n vers\u00e1til que ahorra espacio<\/p>\n","protected":false},"excerpt":{"rendered":"<p>Tanto si vas a la universidad como si simplemente quieres un poco m\u00e1s de espacio de refrigeraci\u00f3n en tu casa u oficina, el mini frigor\u00edfico Vissani de 90,6 L (3,2&hellip;<\/p>\n","protected":false},"featured_media":3071,"template":"","meta":[],"product_brand":[],"product_cat":[988],"product_tag":[],"class_list":{"0":"post-4605","1":"product","2":"type-product","3":"status-publish","4":"has-post-thumbnail","6":"product_cat-electrodomesticos","7":"product_shipping_class-aerovaradero-general","9":"first","10":"instock","11":"shipping-taxable","12":"purchasable","13":"product-type-simple"},"_links":{"self":[{"href":"https:\/\/mercadohogar.ca\/es\/wp-json\/wp\/v2\/product\/4605","targetHints":{"allow":["GET"]}}],"collection":[{"href":"https:\/\/mercadohogar.ca\/es\/wp-json\/wp\/v2\/product"}],"about":[{"href":"https:\/\/mercadohogar.ca\/es\/wp-json\/wp\/v2\/types\/product"}],"version-history":[{"count":0,"href":"https:\/\/mercadohogar.ca\/es\/wp-json\/wp\/v2\/product\/4605\/revisions"}],"wp:featuredmedia":[{"embeddable":true,"href":"https:\/\/mercadohogar.ca\/es\/wp-json\/wp\/v2\/media\/3071"}],"wp:attachment":[{"href":"https:\/\/mercadohogar.ca\/es\/wp-json\/wp\/v2\/media?parent=4605"}],"wp:term":[{"taxonomy":"product_brand","embeddable":true,"href":"https:\/\/mercadohogar.ca\/es\/wp-json\/wp\/v2\/product_brand?post=4605"},{"taxonomy":"product_cat","embeddable":true,"href":"https:\/\/mercadohogar.ca\/es\/wp-json\/wp\/v2\/product_cat?post=4605"},{"taxonomy":"product_tag","embeddable":true,"href":"https:\/\/mercadohogar.ca\/es\/wp-json\/wp\/v2\/product_tag?post=4605"}],"curies":[{"name":"wp","href":"https:\/\/api.w.org\/{rel}","templated":true}]}}