{"id":4611,"date":"2026-01-12T15:30:44","date_gmt":"2026-01-12T15:30:44","guid":{"rendered":"https:\/\/mercadohogar.ca\/?post_type=product&#038;p=4611"},"modified":"2026-01-17T22:07:48","modified_gmt":"2026-01-17T22:07:48","slug":"lavadora-portatil-de-doble-tina-capacidad-de-9-kg","status":"publish","type":"product","link":"https:\/\/mercadohogar.ca\/es\/product\/lavadora-portatil-de-doble-tina-capacidad-de-9-kg\/","title":{"rendered":"Lavadora port\u00e1til de doble tina, capacidad de 9 kg"},"content":{"rendered":"<div>Dise\u00f1o de doble tina: Con un dise\u00f1o de doble tina, esta lavadora compacta combina la funci\u00f3n de centrifugado y la funci\u00f3n de lavado en una sola, lo que ofrece una gran comodidad para que pueda mover directamente la ropa lavada a la tina de centrifugado y ahorrar su valioso tiempo.<\/div>\n<p>Control del temporizador: A diferencia de otras lavadoras comunes que establecen un tiempo espec\u00edfico, esta lavadora premium es m\u00e1s flexible, lo que significa que puede elegir el tiempo correcto (15 minutos para el lavado, 5 minutos para el centrifugado) de acuerdo con sus diferentes requisitos.<\/p>\n<div>Gran capacidad y rendimiento potente: La capacidad total de esta lavadora port\u00e1til es de 9 kg, por lo que puede lavar la ropa de toda la familia al mismo tiempo. Adem\u00e1s, la potencia de lavado es de 330 W y la potencia de centrifugado es de 110 W, lo que le ayuda a usarla de manera m\u00e1s eficaz. <\/div>\n<div>F\u00e1cil manejo: Dise\u00f1ada con 3 perillas que incluyen el selector de lavado, el temporizador de lavado y el temporizador de centrifugado, esta lavadora de alta calidad es f\u00e1cil de usar, incluso si las personas mayores pueden usarla c\u00f3modamente. Solo necesita poner la ropa y el detergente, y configurar la lavadora para que lave. <\/div>\n<p>Estructura compacta y ligera: El dise\u00f1o compacto y ligero de la lavadora port\u00e1til es ideal para lugares peque\u00f1os como campamentos, apartamentos y residencias de estudiantes. Adem\u00e1s, hay un filtro en el lateral del cubo de limpieza que facilita el filtrado durante la limpieza. <\/p>\n","protected":false},"excerpt":{"rendered":"<p>Dise\u00f1o de doble tina: Con un dise\u00f1o de doble tina, esta lavadora compacta combina la funci\u00f3n de centrifugado y la funci\u00f3n de lavado en una sola, lo que ofrece una&hellip;<\/p>\n","protected":false},"featured_media":2874,"template":"","meta":[],"product_brand":[],"product_cat":[988],"product_tag":[],"class_list":{"0":"post-4611","1":"product","2":"type-product","3":"status-publish","4":"has-post-thumbnail","6":"product_cat-electrodomesticos","7":"product_shipping_class-aerovaradero-general","9":"first","10":"instock","11":"shipping-taxable","12":"purchasable","13":"product-type-simple"},"_links":{"self":[{"href":"https:\/\/mercadohogar.ca\/es\/wp-json\/wp\/v2\/product\/4611","targetHints":{"allow":["GET"]}}],"collection":[{"href":"https:\/\/mercadohogar.ca\/es\/wp-json\/wp\/v2\/product"}],"about":[{"href":"https:\/\/mercadohogar.ca\/es\/wp-json\/wp\/v2\/types\/product"}],"version-history":[{"count":1,"href":"https:\/\/mercadohogar.ca\/es\/wp-json\/wp\/v2\/product\/4611\/revisions"}],"predecessor-version":[{"id":4767,"href":"https:\/\/mercadohogar.ca\/es\/wp-json\/wp\/v2\/product\/4611\/revisions\/4767"}],"wp:featuredmedia":[{"embeddable":true,"href":"https:\/\/mercadohogar.ca\/es\/wp-json\/wp\/v2\/media\/2874"}],"wp:attachment":[{"href":"https:\/\/mercadohogar.ca\/es\/wp-json\/wp\/v2\/media?parent=4611"}],"wp:term":[{"taxonomy":"product_brand","embeddable":true,"href":"https:\/\/mercadohogar.ca\/es\/wp-json\/wp\/v2\/product_brand?post=4611"},{"taxonomy":"product_cat","embeddable":true,"href":"https:\/\/mercadohogar.ca\/es\/wp-json\/wp\/v2\/product_cat?post=4611"},{"taxonomy":"product_tag","embeddable":true,"href":"https:\/\/mercadohogar.ca\/es\/wp-json\/wp\/v2\/product_tag?post=4611"}],"curies":[{"name":"wp","href":"https:\/\/api.w.org\/{rel}","templated":true}]}}