{"id":4612,"date":"2026-01-12T15:30:42","date_gmt":"2026-01-12T15:30:42","guid":{"rendered":"https:\/\/mercadohogar.ca\/?post_type=product&#038;p=4612"},"modified":"2026-01-17T22:07:49","modified_gmt":"2026-01-17T22:07:49","slug":"lavadora-portatil-28-l-iec-lavadora-compacta-con-pantalla-led-ciclos-de-lavado-totalmente-automaticos","status":"publish","type":"product","link":"https:\/\/mercadohogar.ca\/es\/product\/lavadora-portatil-28-l-iec-lavadora-compacta-con-pantalla-led-ciclos-de-lavado-totalmente-automaticos\/","title":{"rendered":"Lavadora port\u00e1til, 28 L (IEC) Lavadora compacta con pantalla LED, ciclos de lavado totalmente autom\u00e1ticos"},"content":{"rendered":"<p>Esta lavadora totalmente autom\u00e1tica est\u00e1 equipada con 5 programas que incluyen Pesado, Suave, Normal, R\u00e1pido y Remojo y 3 niveles de agua, lo que le permite iniciar r\u00e1pidamente la m\u00e1quina de la forma que desee; Tambi\u00e9n puede personalizar su programa de lavado seleccionando el tama\u00f1o de la carga, a\u00f1adiendo tiempo de lavado, tiempo de aclarado y tiempo de centrifugado. La manguera de desag\u00fce debe conectarse 1. por encima del borde de la base de lavado. 2. en un tubo vertical.   3. en un tubo de lavander\u00eda para evitar que la lavadora no se llene correctamente o que haya fugas de agua.<\/p>\n<div>Con solo 43 cm de ancho, 47 cm de profundidad y 78 cm de altura, se puede guardar f\u00e1cilmente en su armario, RV, dormitorio o incluso en la ba\u00f1era; con ruedas y asas para facilitar su movimiento; una opci\u00f3n perfecta para hogares peque\u00f1os con espacio limitado.<\/div>\n<div>Con el dise\u00f1o de tapa transparente, esta lavadora le permite ver y controlar el agua y las condiciones de lavado; Con una tina interior de acero duradera resistente al \u00f3xido, filtro de pelusa, entrada de agua y bomba de desag\u00fce que le permite drenar f\u00e1cilmente el agua sucia; Adem\u00e1s, esta lavadora port\u00e1til tiene una pantalla LED que muestra el tiempo que falta para terminar;<\/div>\n<div>Esta lavadora de dise\u00f1o compacto tiene un certificado DOE (Departamento de Energ\u00eda) que muestra claramente cu\u00e1nta energ\u00eda se consumir\u00eda en condiciones promedio nacionales; Ahorrando hasta un 87,5 % de consumo de energ\u00eda en comparaci\u00f3n con modelos similares; Viene con un motor potente y duradero, hasta 700 RPM de velocidad de centrifugado pero silencioso cuando est\u00e1 en funcionamiento<\/div>\n<div>Equipado con detecci\u00f3n autom\u00e1tica de desequilibrio (AUD), es capaz de solucionar autom\u00e1ticamente el problema de desequilibrio y evitar fugas; Tambi\u00e9n alertar\u00e1 al usuario si el problema no se puede solucionar, lo que garantiza una experiencia segura y agradable<\/div>\n","protected":false},"excerpt":{"rendered":"<p>Esta lavadora totalmente autom\u00e1tica est\u00e1 equipada con 5 programas que incluyen Pesado, Suave, Normal, R\u00e1pido y Remojo y 3 niveles de agua, lo que le permite iniciar r\u00e1pidamente la m\u00e1quina&hellip;<\/p>\n","protected":false},"featured_media":2867,"template":"","meta":[],"product_brand":[],"product_cat":[988],"product_tag":[],"class_list":{"0":"post-4612","1":"product","2":"type-product","3":"status-publish","4":"has-post-thumbnail","6":"product_cat-electrodomesticos","7":"product_shipping_class-aerovaradero-general","9":"first","10":"instock","11":"shipping-taxable","12":"purchasable","13":"product-type-simple"},"_links":{"self":[{"href":"https:\/\/mercadohogar.ca\/es\/wp-json\/wp\/v2\/product\/4612","targetHints":{"allow":["GET"]}}],"collection":[{"href":"https:\/\/mercadohogar.ca\/es\/wp-json\/wp\/v2\/product"}],"about":[{"href":"https:\/\/mercadohogar.ca\/es\/wp-json\/wp\/v2\/types\/product"}],"version-history":[{"count":1,"href":"https:\/\/mercadohogar.ca\/es\/wp-json\/wp\/v2\/product\/4612\/revisions"}],"predecessor-version":[{"id":4765,"href":"https:\/\/mercadohogar.ca\/es\/wp-json\/wp\/v2\/product\/4612\/revisions\/4765"}],"wp:featuredmedia":[{"embeddable":true,"href":"https:\/\/mercadohogar.ca\/es\/wp-json\/wp\/v2\/media\/2867"}],"wp:attachment":[{"href":"https:\/\/mercadohogar.ca\/es\/wp-json\/wp\/v2\/media?parent=4612"}],"wp:term":[{"taxonomy":"product_brand","embeddable":true,"href":"https:\/\/mercadohogar.ca\/es\/wp-json\/wp\/v2\/product_brand?post=4612"},{"taxonomy":"product_cat","embeddable":true,"href":"https:\/\/mercadohogar.ca\/es\/wp-json\/wp\/v2\/product_cat?post=4612"},{"taxonomy":"product_tag","embeddable":true,"href":"https:\/\/mercadohogar.ca\/es\/wp-json\/wp\/v2\/product_tag?post=4612"}],"curies":[{"name":"wp","href":"https:\/\/api.w.org\/{rel}","templated":true}]}}