{"id":4613,"date":"2026-01-12T15:30:41","date_gmt":"2026-01-12T15:30:41","guid":{"rendered":"https:\/\/mercadohogar.ca\/?post_type=product&#038;p=4613"},"modified":"2026-01-17T22:07:51","modified_gmt":"2026-01-17T22:07:51","slug":"horno-microondas-panasonic-acero-inoxidable-453-l","status":"publish","type":"product","link":"https:\/\/mercadohogar.ca\/es\/product\/horno-microondas-panasonic-acero-inoxidable-453-l\/","title":{"rendered":"Horno microondas Panasonic, acero inoxidable, 45,3 l"},"content":{"rendered":"<p>El horno microondas Panasonic cuenta con un inversor cicl\u00f3nico que hace circular la energ\u00eda de las microondas para garantizar una cocci\u00f3n uniforme<\/p>\n<p>La cocci\u00f3n y el recalentamiento con sensor Genius producen excelentes resultados en todo momento<\/p>\n<p>El nuevo dise\u00f1o de acero inoxidable y vidrio ahumado de Panasonic tiene un aspecto fant\u00e1stico<\/p>\n<p>La iluminaci\u00f3n LED utiliza menos energ\u00eda que la iluminaci\u00f3n tradicional<\/p>\n<p>El nuevo interior gris del horno es f\u00e1cil de limpiar<\/p>\n<p>Color: Acero inoxidable<\/p>\n<p>Tama\u00f1o: 45,3 l<\/p>\n<p>Descongelaci\u00f3n turbo y recalentamiento con sensor<\/p>\n<p>15 opciones de cocci\u00f3n autom\u00e1ticas e inteligentes<\/p>\n","protected":false},"excerpt":{"rendered":"<p>El horno microondas Panasonic cuenta con un inversor cicl\u00f3nico que hace circular la energ\u00eda de las microondas para garantizar una cocci\u00f3n uniforme La cocci\u00f3n y el recalentamiento con sensor Genius&hellip;<\/p>\n","protected":false},"featured_media":2818,"template":"","meta":[],"product_brand":[],"product_cat":[988],"product_tag":[],"class_list":{"0":"post-4613","1":"product","2":"type-product","3":"status-publish","4":"has-post-thumbnail","6":"product_cat-electrodomesticos","7":"product_shipping_class-aerovaradero-general","9":"first","10":"instock","11":"shipping-taxable","12":"purchasable","13":"product-type-simple"},"_links":{"self":[{"href":"https:\/\/mercadohogar.ca\/es\/wp-json\/wp\/v2\/product\/4613","targetHints":{"allow":["GET"]}}],"collection":[{"href":"https:\/\/mercadohogar.ca\/es\/wp-json\/wp\/v2\/product"}],"about":[{"href":"https:\/\/mercadohogar.ca\/es\/wp-json\/wp\/v2\/types\/product"}],"version-history":[{"count":1,"href":"https:\/\/mercadohogar.ca\/es\/wp-json\/wp\/v2\/product\/4613\/revisions"}],"predecessor-version":[{"id":4763,"href":"https:\/\/mercadohogar.ca\/es\/wp-json\/wp\/v2\/product\/4613\/revisions\/4763"}],"wp:featuredmedia":[{"embeddable":true,"href":"https:\/\/mercadohogar.ca\/es\/wp-json\/wp\/v2\/media\/2818"}],"wp:attachment":[{"href":"https:\/\/mercadohogar.ca\/es\/wp-json\/wp\/v2\/media?parent=4613"}],"wp:term":[{"taxonomy":"product_brand","embeddable":true,"href":"https:\/\/mercadohogar.ca\/es\/wp-json\/wp\/v2\/product_brand?post=4613"},{"taxonomy":"product_cat","embeddable":true,"href":"https:\/\/mercadohogar.ca\/es\/wp-json\/wp\/v2\/product_cat?post=4613"},{"taxonomy":"product_tag","embeddable":true,"href":"https:\/\/mercadohogar.ca\/es\/wp-json\/wp\/v2\/product_tag?post=4613"}],"curies":[{"name":"wp","href":"https:\/\/api.w.org\/{rel}","templated":true}]}}