{"id":4616,"date":"2026-01-12T15:32:20","date_gmt":"2026-01-12T15:32:20","guid":{"rendered":"https:\/\/mercadohogar.ca\/?post_type=product&#038;p=4616"},"modified":"2026-01-22T03:26:43","modified_gmt":"2026-01-22T03:26:43","slug":"cafetera","status":"publish","type":"product","link":"https:\/\/mercadohogar.ca\/es\/product\/cafetera\/","title":{"rendered":"Cafetera"},"content":{"rendered":"<p>Tama\u00f1o: La taza de caf\u00e9 espresso est\u00e1ndar es de 100 ml; Cafetera moca de 3 tazas\/150 ml con aroma fuerte que puede preparar un delicioso espresso en 5 minutos, te impresionar\u00e1 de inmediato su rico sabor y aroma. CONSEJO: Se recomienda comprar una cafetera de mayor capacidad para reducir los problemas de intercambio  <\/p>\n<div>Dise\u00f1o duradero: cuidadosamente elaborada con aluminio fundido para una durabilidad duradera. Proporciona una distribuci\u00f3n del calor completa y uniforme para mejorar el sabor, el aroma y la consistencia. Cuenta con una tapa abatible con un pomo y un asa resistentes al calor para un vertido seguro y f\u00e1cil  <\/div>\n<div>C\u00f3mo preparar el caf\u00e9: cuando la uses por primera vez, la cafetera puede emitir un olor desagradable, no te preocupes demasiado, este es un fen\u00f3meno normal. Agrega t\u00e9, naranjas, detergente u otros art\u00edculos para eliminar el olor y lava varias veces antes de usarla. Se puede usar en estufas de gas o vitrocer\u00e1mica, lo que te permite crear y disfrutar del caf\u00e9 de mejor sabor con la m\u00e1xima facilidad. El dise\u00f1o cl\u00e1sico de estilo italiano garantiza una distribuci\u00f3n uniforme del calor para un rico sabor y aroma a caf\u00e9 aterciopelado   <\/div>\n<div>Instrucciones de limpieza: La parte superior de la cafetera expr\u00e9s para estufa es extra\u00edble y las piezas internas son aptas para lavavajillas, pero recomendamos lavar el cuerpo de aluminio a mano, ya que el lavado a mano lo mantendr\u00e1 brillante y bien acabado con el tiempo. Consejo \u00fatil: enjuaga las piezas con agua y s\u00e9calas antes de volver a montarlas <\/div>\n<div>Buen sabor: Tu taza de caf\u00e9 no tiene por qu\u00e9 ser lo \u00fanico asombroso. \u00a1Ahora puedes crear tazas suaves y ricas con una cafetera que es igual de hermosa! Prepara tus propias mezclas especiales para tu familia y amigos con elegancia y estilo, sin importar la ocasi\u00f3n o el lugar  <\/div>\n<div>Consejo \u00fatil: La cafetera moka tiene una buena conductividad t\u00e9rmica, durante el uso debes prestar atenci\u00f3n a controlar el tama\u00f1o del fuego y el tiempo de cocci\u00f3n a fuego lento, para evitar que el fondo se queme por sobrecalentamiento, por lo que el cambio de color que se produce en el fondo de la olla inferior es un fen\u00f3meno normal. Generalmente, se tarda de 3 a 5 minutos en completar el l\u00edquido, cuando escuches el sonido obvio de salida de gas, es decir, la extracci\u00f3n se ha completado, en este momento debes retirar inmediatamente la cafetera moka de la fuente de calor, para evitar que se produzcan quemaduras en seco causadas por da\u00f1os en el fondo de la olla. <\/div>\n","protected":false},"excerpt":{"rendered":"<p>Tama\u00f1o: La taza de caf\u00e9 espresso est\u00e1ndar es de 100 ml; Cafetera moca de 3 tazas\/150 ml con aroma fuerte que puede preparar un delicioso espresso en 5 minutos, te&hellip;<\/p>\n","protected":false},"featured_media":2381,"template":"","meta":[],"product_brand":[],"product_cat":[988],"product_tag":[],"class_list":{"0":"post-4616","1":"product","2":"type-product","3":"status-publish","4":"has-post-thumbnail","6":"product_cat-electrodomesticos","7":"product_shipping_class-aerovaradero-general","9":"first","10":"instock","11":"shipping-taxable","12":"purchasable","13":"product-type-variable"},"_links":{"self":[{"href":"https:\/\/mercadohogar.ca\/es\/wp-json\/wp\/v2\/product\/4616","targetHints":{"allow":["GET"]}}],"collection":[{"href":"https:\/\/mercadohogar.ca\/es\/wp-json\/wp\/v2\/product"}],"about":[{"href":"https:\/\/mercadohogar.ca\/es\/wp-json\/wp\/v2\/types\/product"}],"version-history":[{"count":2,"href":"https:\/\/mercadohogar.ca\/es\/wp-json\/wp\/v2\/product\/4616\/revisions"}],"predecessor-version":[{"id":5565,"href":"https:\/\/mercadohogar.ca\/es\/wp-json\/wp\/v2\/product\/4616\/revisions\/5565"}],"wp:featuredmedia":[{"embeddable":true,"href":"https:\/\/mercadohogar.ca\/es\/wp-json\/wp\/v2\/media\/2381"}],"wp:attachment":[{"href":"https:\/\/mercadohogar.ca\/es\/wp-json\/wp\/v2\/media?parent=4616"}],"wp:term":[{"taxonomy":"product_brand","embeddable":true,"href":"https:\/\/mercadohogar.ca\/es\/wp-json\/wp\/v2\/product_brand?post=4616"},{"taxonomy":"product_cat","embeddable":true,"href":"https:\/\/mercadohogar.ca\/es\/wp-json\/wp\/v2\/product_cat?post=4616"},{"taxonomy":"product_tag","embeddable":true,"href":"https:\/\/mercadohogar.ca\/es\/wp-json\/wp\/v2\/product_tag?post=4616"}],"curies":[{"name":"wp","href":"https:\/\/api.w.org\/{rel}","templated":true}]}}