{"id":4621,"date":"2026-01-12T15:32:23","date_gmt":"2026-01-12T15:32:23","guid":{"rendered":"https:\/\/mercadohogar.ca\/?post_type=product&#038;p=4621"},"modified":"2026-01-17T23:13:14","modified_gmt":"2026-01-17T23:13:14","slug":"domi-cenador-de-techo-rigido-de-10x10-cenador-de-metal-para-exteriores-con-techo-doble-de-acero-galvanizado","status":"publish","type":"product","link":"https:\/\/mercadohogar.ca\/es\/product\/domi-cenador-de-techo-rigido-de-10x10-cenador-de-metal-para-exteriores-con-techo-doble-de-acero-galvanizado\/","title":{"rendered":"Domi Cenador de techo r\u00edgido de 10&#8217;x10&#8242;, cenador de metal para exteriores con techo doble de acero galvanizado"},"content":{"rendered":"<ul>\n<li>Durabilidad para todo tipo de clima: construido con acero galvanizado y marco de acero de aleaci\u00f3n con recubrimiento en polvo, nuestro cenador de techo r\u00edgido resiste la decoloraci\u00f3n, el \u00f3xido y la corrosi\u00f3n. Soporta hasta 1133 kg de nieve y velocidades de viento de 64-80 km\/h, lo que garantiza su fiabilidad durante todo el a\u00f1o. <\/li>\n<li>Flujo de aire mejorado con techo doble: el techo de doble capa promueve la circulaci\u00f3n del aire para un espacio fresco y c\u00f3modo en verano, mientras que el dise\u00f1o inclinado permite que la lluvia y la nieve se deslicen f\u00e1cilmente, lo que mejora la durabilidad y la longevidad.<\/li>\n<li>Amplio y vers\u00e1til: el espacioso dise\u00f1o del cenador de techo r\u00edgido Domi de 10&#8217;x10&#8242; tiene capacidad para 4 a 6 personas c\u00f3modamente, ofrece un amplio espacio para reuniones, comidas al aire libre o relajaci\u00f3n. Perfecto para barbacoas, fiestas o incluso como oficina al aire libre o espacio para yoga. <\/li>\n<li>Redes y cortinas incluidas: viene con cortinas desmontables y mosquitera, el cenador de techo r\u00edgido Domi de 10&#8217;x10&#8242; ofrece privacidad y comodidad. Las mosquiteras permiten una vista abierta a la vez que mantienen a raya a los molestos insectos, perfecto para reuniones de verano. <\/li>\n<li>Ganchos de techo vers\u00e1tiles: \u00a1Maximice la funcionalidad de su cenador de techo r\u00edgido con ganchos resistentes! Cada gancho soporta hasta 9 kg, lo que facilita colgar luces, ventiladores o elementos decorativos. Cree sin esfuerzo el ambiente exterior ideal para cualquier ocasi\u00f3n  <\/li>\n<li>Dise\u00f1o moderno y atemporal: combina la elegancia cl\u00e1sica con un aspecto elegante y minimalista, integr\u00e1ndose a la perfecci\u00f3n en el paisaje de su patio o jard\u00edn para un elegante refugio al aire libre.<\/li>\n<li>F\u00e1cil montaje y mantenimiento: el cenador para exteriores Domi est\u00e1 dise\u00f1ado para una f\u00e1cil instalaci\u00f3n, que lleva solo de 3 a 6 horas. Con un mantenimiento m\u00ednimo, este duradero cenador de techo r\u00edgido garantiza a\u00f1os de relajaci\u00f3n al aire libre y momentos memorables. <\/li>\n<\/ul>\n","protected":false},"excerpt":{"rendered":"<p>Durabilidad para todo tipo de clima: construido con acero galvanizado y marco de acero de aleaci\u00f3n con recubrimiento en polvo, nuestro cenador de techo r\u00edgido resiste la decoloraci\u00f3n, el \u00f3xido&hellip;<\/p>\n","protected":false},"featured_media":2398,"template":"","meta":[],"product_brand":[],"product_cat":[992],"product_tag":[],"class_list":{"0":"post-4621","1":"product","2":"type-product","3":"status-publish","4":"has-post-thumbnail","6":"product_cat-mejoras-en-el-hogar","7":"product_shipping_class-aerovaradero-general","9":"first","10":"instock","11":"shipping-taxable","12":"purchasable","13":"product-type-simple"},"_links":{"self":[{"href":"https:\/\/mercadohogar.ca\/es\/wp-json\/wp\/v2\/product\/4621","targetHints":{"allow":["GET"]}}],"collection":[{"href":"https:\/\/mercadohogar.ca\/es\/wp-json\/wp\/v2\/product"}],"about":[{"href":"https:\/\/mercadohogar.ca\/es\/wp-json\/wp\/v2\/types\/product"}],"version-history":[{"count":1,"href":"https:\/\/mercadohogar.ca\/es\/wp-json\/wp\/v2\/product\/4621\/revisions"}],"predecessor-version":[{"id":4908,"href":"https:\/\/mercadohogar.ca\/es\/wp-json\/wp\/v2\/product\/4621\/revisions\/4908"}],"wp:featuredmedia":[{"embeddable":true,"href":"https:\/\/mercadohogar.ca\/es\/wp-json\/wp\/v2\/media\/2398"}],"wp:attachment":[{"href":"https:\/\/mercadohogar.ca\/es\/wp-json\/wp\/v2\/media?parent=4621"}],"wp:term":[{"taxonomy":"product_brand","embeddable":true,"href":"https:\/\/mercadohogar.ca\/es\/wp-json\/wp\/v2\/product_brand?post=4621"},{"taxonomy":"product_cat","embeddable":true,"href":"https:\/\/mercadohogar.ca\/es\/wp-json\/wp\/v2\/product_cat?post=4621"},{"taxonomy":"product_tag","embeddable":true,"href":"https:\/\/mercadohogar.ca\/es\/wp-json\/wp\/v2\/product_tag?post=4621"}],"curies":[{"name":"wp","href":"https:\/\/api.w.org\/{rel}","templated":true}]}}