{"id":4624,"date":"2026-01-12T15:32:12","date_gmt":"2026-01-12T15:32:12","guid":{"rendered":"https:\/\/mercadohogar.ca\/?post_type=product&#038;p=4624"},"modified":"2026-01-17T23:13:25","modified_gmt":"2026-01-17T23:13:25","slug":"sarten-electrica","status":"publish","type":"product","link":"https:\/\/mercadohogar.ca\/es\/product\/sarten-electrica\/","title":{"rendered":"Sart\u00e9n el\u00e9ctrica"},"content":{"rendered":"<p>La sart\u00e9n el\u00e9ctrica Heritage The Rock es tu aliada para una cocina saludable. Prepara deliciosas comidas caseras en cuesti\u00f3n de minutos. Su base extra gruesa permite una distribuci\u00f3n uniforme del calor para cocinar tus platos favoritos r\u00e1pidamente y con menos energ\u00eda. La sart\u00e9n tambi\u00e9n es ideal para el desayuno: puedes cocinar huevos, tortitas, beicon y patatas. \u00a1Las posibilidades son infinitas! La sart\u00e9n el\u00e9ctrica est\u00e1 dise\u00f1ada para ir de la cocina a la mesa gracias a sus asas de tacto fr\u00edo y a su regulador de temperatura extra\u00edble. Impresiona a tu familia y amigos y sirve tus recetas favoritas directamente en la sart\u00e9n el\u00e9ctrica. El tratamiento patentado de la superficie Rock.Tec ofrece una superficie de cocci\u00f3n antiadherente tres veces mejor que la de los utensilios de cocina antiadherentes tradicionales, para que puedas disfrutar de tu comida sin tener que preocuparte por la limpieza.     <\/p>\n","protected":false},"excerpt":{"rendered":"<p>La sart\u00e9n el\u00e9ctrica Heritage The Rock es tu aliada para una cocina saludable. Prepara deliciosas comidas caseras en cuesti\u00f3n de minutos. Su base extra gruesa permite una distribuci\u00f3n uniforme del&hellip;<\/p>\n","protected":false},"featured_media":2539,"template":"","meta":[],"product_brand":[],"product_cat":[988],"product_tag":[],"class_list":{"0":"post-4624","1":"product","2":"type-product","3":"status-publish","4":"has-post-thumbnail","6":"product_cat-electrodomesticos","7":"product_shipping_class-aerovaradero-general","9":"first","10":"instock","11":"shipping-taxable","12":"purchasable","13":"product-type-simple"},"_links":{"self":[{"href":"https:\/\/mercadohogar.ca\/es\/wp-json\/wp\/v2\/product\/4624","targetHints":{"allow":["GET"]}}],"collection":[{"href":"https:\/\/mercadohogar.ca\/es\/wp-json\/wp\/v2\/product"}],"about":[{"href":"https:\/\/mercadohogar.ca\/es\/wp-json\/wp\/v2\/types\/product"}],"version-history":[{"count":1,"href":"https:\/\/mercadohogar.ca\/es\/wp-json\/wp\/v2\/product\/4624\/revisions"}],"predecessor-version":[{"id":4892,"href":"https:\/\/mercadohogar.ca\/es\/wp-json\/wp\/v2\/product\/4624\/revisions\/4892"}],"wp:featuredmedia":[{"embeddable":true,"href":"https:\/\/mercadohogar.ca\/es\/wp-json\/wp\/v2\/media\/2539"}],"wp:attachment":[{"href":"https:\/\/mercadohogar.ca\/es\/wp-json\/wp\/v2\/media?parent=4624"}],"wp:term":[{"taxonomy":"product_brand","embeddable":true,"href":"https:\/\/mercadohogar.ca\/es\/wp-json\/wp\/v2\/product_brand?post=4624"},{"taxonomy":"product_cat","embeddable":true,"href":"https:\/\/mercadohogar.ca\/es\/wp-json\/wp\/v2\/product_cat?post=4624"},{"taxonomy":"product_tag","embeddable":true,"href":"https:\/\/mercadohogar.ca\/es\/wp-json\/wp\/v2\/product_tag?post=4624"}],"curies":[{"name":"wp","href":"https:\/\/api.w.org\/{rel}","templated":true}]}}