{"id":4625,"date":"2026-01-12T15:30:57","date_gmt":"2026-01-12T15:30:57","guid":{"rendered":"https:\/\/mercadohogar.ca\/?post_type=product&#038;p=4625"},"modified":"2026-01-17T23:14:56","modified_gmt":"2026-01-17T23:14:56","slug":"smartwatch-para-hombre-y-mujer","status":"publish","type":"product","link":"https:\/\/mercadohogar.ca\/es\/product\/smartwatch-para-hombre-y-mujer\/","title":{"rendered":"Smartwatch para hombre y mujer"},"content":{"rendered":"<p>Pantalla t\u00e1ctil de 1,95 pulgadas y esfera de reloj personalizada: Los smartwatches para hombre y mujer est\u00e1n equipados con una pantalla t\u00e1ctil de alta definici\u00f3n de 1,95 pulgadas de nueva generaci\u00f3n, lo que mejora enormemente la calidad del color y la velocidad de respuesta t\u00e1ctil, lo que le permite navegar f\u00e1cilmente por sus diversas funciones. Hay m\u00e1s de 200 esferas de reloj para que elijas en la aplicaci\u00f3n \u00abGloryfit\u00bb, e incluso puedes personalizar el fondo de pantalla de la esfera del reloj con tus fotos favoritas. <\/p>\n<p>Mantente conectado y recibe mensajes: El smartwatch utiliza el avanzado chip Bluetooth 5.4, que proporciona conexiones r\u00e1pidas y estables a tu tel\u00e9fono. Con su micr\u00f3fono incorporado y su altavoz Hi-Fi, puedes hacer y recibir llamadas claras directamente desde el reloj. Tambi\u00e9n admite notificaciones de aplicaciones populares como Facebook, WhatsApp, Instagram y Twitter. Todas las notificaciones se muestran en tu mu\u00f1eca y van acompa\u00f1adas de alertas de vibraci\u00f3n, lo que garantiza que nunca te pierdas llamadas o mensajes importantes.   <\/p>\n<p>M\u00e1s de 110 modos deportivos e IP68: El rastreador de actividad f\u00edsica ofrece m\u00e1s de 110 modos deportivos, que cubren actividades como correr, ciclismo, nataci\u00f3n, fitness y otras actividades para satisfacer las preferencias de los diferentes usuarios. Las pulseras de seguimiento de actividad cumplen con los requisitos de impermeabilidad para las actividades diarias de la mayor\u00eda de los entusiastas del deporte, como lavarse las manos o hacer ejercicio bajo la lluvia, satisfaciendo las necesidades diarias (nota: no lo use en el agua, como en la sauna, o sumergido en agua durante mucho tiempo, lo que afectar\u00e1 la vida \u00fatil a prueba de agua). <\/p>\n<p>Monitoriza tu salud las 24 horas del d\u00eda, los 7 d\u00edas de la semana: El reloj T80 para hombre y mujer utiliza chips de detecci\u00f3n avanzados y sensores fotoel\u00e9ctricos para una monitorizaci\u00f3n precisa. El smartwatch puede monitorizar la frecuencia card\u00edaca en tiempo real las 24 horas del d\u00eda. Presta siempre atenci\u00f3n a tu salud f\u00edsica. El smartwatch para hombre monitoriza autom\u00e1ticamente tu estado de sue\u00f1o (sue\u00f1o profundo, sue\u00f1o ligero, despertar) y proporciona un an\u00e1lisis exhaustivo de la calidad del sue\u00f1o para ayudarte a comprender mejor los cambios en el sue\u00f1o.   <\/p>\n<p>Bater\u00eda de larga duraci\u00f3n y asistente vers\u00e1til: Equipado con una bater\u00eda de gran capacidad, este rastreador de actividad puede durar hasta 5-7 d\u00edas con una sola carga, tiene un tiempo de espera de hasta 30 d\u00edas y se puede cargar completamente en solo 2 horas. Este smartwatch incluye funciones m\u00e1s pr\u00e1cticas, como monitor de sue\u00f1o, notificaciones de llamadas, SMS y mensajes de aplicaciones, control de m\u00fasica y c\u00e1mara, ajuste de brillo, visualizaci\u00f3n del tiempo, recordatorio de sedentarismo. <\/p>\n","protected":false},"excerpt":{"rendered":"<p>Pantalla t\u00e1ctil de 1,95 pulgadas y esfera de reloj personalizada: Los smartwatches para hombre y mujer est\u00e1n equipados con una pantalla t\u00e1ctil de alta definici\u00f3n de 1,95 pulgadas de nueva&hellip;<\/p>\n","protected":false},"featured_media":2940,"template":"","meta":[],"product_brand":[],"product_cat":[992],"product_tag":[],"class_list":{"0":"post-4625","1":"product","2":"type-product","3":"status-publish","4":"has-post-thumbnail","6":"product_cat-mejoras-en-el-hogar","7":"product_shipping_class-aerovaradero-general","9":"first","10":"instock","11":"shipping-taxable","12":"purchasable","13":"product-type-simple"},"_links":{"self":[{"href":"https:\/\/mercadohogar.ca\/es\/wp-json\/wp\/v2\/product\/4625","targetHints":{"allow":["GET"]}}],"collection":[{"href":"https:\/\/mercadohogar.ca\/es\/wp-json\/wp\/v2\/product"}],"about":[{"href":"https:\/\/mercadohogar.ca\/es\/wp-json\/wp\/v2\/types\/product"}],"version-history":[{"count":1,"href":"https:\/\/mercadohogar.ca\/es\/wp-json\/wp\/v2\/product\/4625\/revisions"}],"predecessor-version":[{"id":4789,"href":"https:\/\/mercadohogar.ca\/es\/wp-json\/wp\/v2\/product\/4625\/revisions\/4789"}],"wp:featuredmedia":[{"embeddable":true,"href":"https:\/\/mercadohogar.ca\/es\/wp-json\/wp\/v2\/media\/2940"}],"wp:attachment":[{"href":"https:\/\/mercadohogar.ca\/es\/wp-json\/wp\/v2\/media?parent=4625"}],"wp:term":[{"taxonomy":"product_brand","embeddable":true,"href":"https:\/\/mercadohogar.ca\/es\/wp-json\/wp\/v2\/product_brand?post=4625"},{"taxonomy":"product_cat","embeddable":true,"href":"https:\/\/mercadohogar.ca\/es\/wp-json\/wp\/v2\/product_cat?post=4625"},{"taxonomy":"product_tag","embeddable":true,"href":"https:\/\/mercadohogar.ca\/es\/wp-json\/wp\/v2\/product_tag?post=4625"}],"curies":[{"name":"wp","href":"https:\/\/api.w.org\/{rel}","templated":true}]}}