{"id":4626,"date":"2026-01-12T15:32:04","date_gmt":"2026-01-12T15:32:04","guid":{"rendered":"https:\/\/mercadohogar.ca\/?post_type=product&#038;p=4626"},"modified":"2026-01-17T23:13:36","modified_gmt":"2026-01-17T23:13:36","slug":"kit-de-senuelos-de-pesca-con-caja-de-aparejos","status":"publish","type":"product","link":"https:\/\/mercadohogar.ca\/es\/producto\/kit-de-senuelos-de-pesca-con-caja-de-aparejos\/","title":{"rendered":"Kit de se\u00f1uelos de pesca con caja de aparejos"},"content":{"rendered":"<p>Incre\u00edble kit de se\u00f1uelos de pesca de 110 piezas GOTOUR que incluye 1 crankbait, 1 popper, 1 rana, 1 minnow, 1 VIB, 3 cucharillas, 2 spinners, 32 cebos blandos, 68 accesorios de pesca y 1 caja de aparejos personalizada. Los vers\u00e1tiles kits de aparejos de pesca tienen todas las herramientas que necesitas para capturar una variedad de peces en cualquier estaci\u00f3n y de cualquier manera. <\/p>\n<div>Juego de se\u00f1uelos de pesca premium La mayor\u00eda de los accesorios de pesca est\u00e1n hechos de acero inoxidable, que no se deforma f\u00e1cilmente y es anticorrosivo en el mar, y puedes usar este kit durante mucho tiempo y muchas veces. Los anzuelos de pesca vienen en diferentes tama\u00f1os para adaptarse a diferentes peces. <\/div>\n<div>F\u00e1cil de transportar El tama\u00f1o del kit de se\u00f1uelos de pesca GOTOUR es de 16 x 8,9 x 4,3 cm, y todos los cebos de pesca vienen en una caja compacta que es f\u00e1cil de transportar, puedes guardarla f\u00e1cilmente en el bolsillo de tu chaleco de pesca o en tu mochila de pesca. Te permite disfrutar de la diversi\u00f3n de la pesca y facilita los viajes con tu equipo de pesca. <\/div>\n<div>Caja de aparejos duradera El kit de aparejos de pesca tiene tiras anticolisi\u00f3n y un cierre de doble bloqueo seguro para proteger tu caja. El bot\u00f3n de apertura de un solo toque facilita la gesti\u00f3n de los accesorios en el interior. Los divisores extra\u00edbles permiten una mayor flexibilidad en la asignaci\u00f3n de los tama\u00f1os de los compartimentos. Impermeable con un sello de goma para mantener tu accesorio fuera del agua, y puede flotar en el agua sin preocuparte por perder tu caja.   <\/div>\n","protected":false},"excerpt":{"rendered":"<p>Incre\u00edble kit de se\u00f1uelos de pesca de 110 piezas GOTOUR que incluye 1 crankbait, 1 popper, 1 rana, 1 minnow, 1 VIB, 3 cucharillas, 2 spinners, 32 cebos blandos, 68&hellip;<\/p>\n","protected":false},"featured_media":2557,"template":"","meta":[],"product_brand":[],"product_cat":[991],"product_tag":[],"class_list":{"0":"post-4626","1":"product","2":"type-product","3":"status-publish","4":"has-post-thumbnail","6":"product_cat-pasatiempo","7":"product_shipping_class-aerovaradero-general","9":"first","10":"instock","11":"shipping-taxable","12":"purchasable","13":"product-type-simple"},"_links":{"self":[{"href":"https:\/\/mercadohogar.ca\/es\/wp-json\/wp\/v2\/product\/4626","targetHints":{"allow":["GET"]}}],"collection":[{"href":"https:\/\/mercadohogar.ca\/es\/wp-json\/wp\/v2\/product"}],"about":[{"href":"https:\/\/mercadohogar.ca\/es\/wp-json\/wp\/v2\/types\/product"}],"version-history":[{"count":1,"href":"https:\/\/mercadohogar.ca\/es\/wp-json\/wp\/v2\/product\/4626\/revisions"}],"predecessor-version":[{"id":4880,"href":"https:\/\/mercadohogar.ca\/es\/wp-json\/wp\/v2\/product\/4626\/revisions\/4880"}],"wp:featuredmedia":[{"embeddable":true,"href":"https:\/\/mercadohogar.ca\/es\/wp-json\/wp\/v2\/media\/2557"}],"wp:attachment":[{"href":"https:\/\/mercadohogar.ca\/es\/wp-json\/wp\/v2\/media?parent=4626"}],"wp:term":[{"taxonomy":"product_brand","embeddable":true,"href":"https:\/\/mercadohogar.ca\/es\/wp-json\/wp\/v2\/product_brand?post=4626"},{"taxonomy":"product_cat","embeddable":true,"href":"https:\/\/mercadohogar.ca\/es\/wp-json\/wp\/v2\/product_cat?post=4626"},{"taxonomy":"product_tag","embeddable":true,"href":"https:\/\/mercadohogar.ca\/es\/wp-json\/wp\/v2\/product_tag?post=4626"}],"curies":[{"name":"wp","href":"https:\/\/api.w.org\/{rel}","templated":true}]}}