{"id":4627,"date":"2026-01-12T15:32:00","date_gmt":"2026-01-12T15:32:00","guid":{"rendered":"https:\/\/mercadohogar.ca\/?post_type=product&#038;p=4627"},"modified":"2026-01-17T23:13:42","modified_gmt":"2026-01-17T23:13:42","slug":"combo-de-cana-de-pescar","status":"publish","type":"product","link":"https:\/\/mercadohogar.ca\/es\/product\/combo-de-cana-de-pescar\/","title":{"rendered":"Combo de ca\u00f1a de pescar"},"content":{"rendered":"<p>Combos de ca\u00f1a y carrete de pescar con bolsa de transporte y accesorios necesarios para la pesca, incluye: una ca\u00f1a de pescar telesc\u00f3pica de fibra de carbono + un carrete de pesca + una bolsa de transporte + tres se\u00f1uelos de pesca + hilo de pescar + algunos accesorios necesarios<\/p>\n<div>LA CA\u00d1A: La fibra de carbono de alta densidad mezclada con fibra de vidrio hace que la ca\u00f1a de pescar sea dura y duradera. El anillo gu\u00eda duro y ligero hecho de cer\u00e1mica SIC y la disipaci\u00f3n de calor es mejor. Su bajo coeficiente de fricci\u00f3n lo hace duradero, y su adhesivo de resina epoxi avanzado internacional hace que el anillo gu\u00eda sea m\u00e1s s\u00f3lido. <\/div>\n<div>EL CARRETE: Este carrete tiene 13 + 1 rodamientos de bolas suaves resistentes a la corrosi\u00f3n, engranajes de precisi\u00f3n y una potente relaci\u00f3n de engranajes de 5.5:1. Le da un rendimiento ultra suave. Manivela de aluminio mecanizada CNC intercambiable para la mano derecha o izquierda y viene con una bobina de aluminio exquisita adicional. El asombroso dise\u00f1o de panal de aluminio de grado aeroespacial le brinda resistencia y peso ligero. La perilla de EVA lo hace antideslizante y m\u00e1s c\u00f3modo cuando se pesca durante mucho tiempo. <\/div>\n<div>Ligero y port\u00e1til, cabe f\u00e1cilmente en el maletero del coche, en el barco o en la mochila. El combo de ca\u00f1a y carrete giratorio Sougayilang le permite viajar a su lugar de pesca favorito y disfrutar de la pesca cuando y donde quiera. <\/div>\n","protected":false},"excerpt":{"rendered":"<p>Combos de ca\u00f1a y carrete de pescar con bolsa de transporte y accesorios necesarios para la pesca, incluye: una ca\u00f1a de pescar telesc\u00f3pica de fibra de carbono + un carrete&hellip;<\/p>\n","protected":false},"featured_media":2559,"template":"","meta":[],"product_brand":[],"product_cat":[991],"product_tag":[],"class_list":{"0":"post-4627","1":"product","2":"type-product","3":"status-publish","4":"has-post-thumbnail","6":"product_cat-pasatiempo","7":"product_shipping_class-aerovaradero-general","9":"first","10":"instock","11":"shipping-taxable","12":"purchasable","13":"product-type-simple"},"_links":{"self":[{"href":"https:\/\/mercadohogar.ca\/es\/wp-json\/wp\/v2\/product\/4627","targetHints":{"allow":["GET"]}}],"collection":[{"href":"https:\/\/mercadohogar.ca\/es\/wp-json\/wp\/v2\/product"}],"about":[{"href":"https:\/\/mercadohogar.ca\/es\/wp-json\/wp\/v2\/types\/product"}],"version-history":[{"count":1,"href":"https:\/\/mercadohogar.ca\/es\/wp-json\/wp\/v2\/product\/4627\/revisions"}],"predecessor-version":[{"id":4876,"href":"https:\/\/mercadohogar.ca\/es\/wp-json\/wp\/v2\/product\/4627\/revisions\/4876"}],"wp:featuredmedia":[{"embeddable":true,"href":"https:\/\/mercadohogar.ca\/es\/wp-json\/wp\/v2\/media\/2559"}],"wp:attachment":[{"href":"https:\/\/mercadohogar.ca\/es\/wp-json\/wp\/v2\/media?parent=4627"}],"wp:term":[{"taxonomy":"product_brand","embeddable":true,"href":"https:\/\/mercadohogar.ca\/es\/wp-json\/wp\/v2\/product_brand?post=4627"},{"taxonomy":"product_cat","embeddable":true,"href":"https:\/\/mercadohogar.ca\/es\/wp-json\/wp\/v2\/product_cat?post=4627"},{"taxonomy":"product_tag","embeddable":true,"href":"https:\/\/mercadohogar.ca\/es\/wp-json\/wp\/v2\/product_tag?post=4627"}],"curies":[{"name":"wp","href":"https:\/\/api.w.org\/{rel}","templated":true}]}}