{"id":4628,"date":"2026-01-12T15:30:52","date_gmt":"2026-01-12T15:30:52","guid":{"rendered":"https:\/\/mercadohogar.ca\/?post_type=product&#038;p=4628"},"modified":"2026-01-17T22:07:37","modified_gmt":"2026-01-17T22:07:37","slug":"soundace-s6-altavoz-de-ducha-impermeable-ipx7-5-w-graves-mejorados-y-bluetooth","status":"publish","type":"product","link":"https:\/\/mercadohogar.ca\/es\/product\/soundace-s6-altavoz-de-ducha-impermeable-ipx7-5-w-graves-mejorados-y-bluetooth\/","title":{"rendered":"Soundace S6 Altavoz de ducha impermeable IPX7, 5 W, graves mejorados y Bluetooth"},"content":{"rendered":"<p>[Compa\u00f1ero musical impermeable]: No importa d\u00f3nde te lleve la diversi\u00f3n, Soundace S6 es un altavoz Bluetooth para exteriores preparado para todo. La protecci\u00f3n impermeable IPX7 supers segura resiste sin esfuerzo salpicaduras, lluvia e incluso la inmersi\u00f3n completa (durante 30 minutos) en agua. <\/p>\n<div>[Dale color a tu tiempo musical]: Estos altavoces Bluetooth con luz ofrecen 3 temas de cambio de color diferentes, con solo tocar el bot\u00f3n de luz. En un lugar con poca luz, ayuda a crear un ambiente relajante y a rejuvenecer tu cuerpo, mente y esp\u00edritu. <\/div>\n<div>[Tiempo de reproducci\u00f3n prolongado y graves intensos]: Bater\u00eda recargable de iones de litio de 2000 mAh integrada. Se recarga en 3-4 horas con el cable micro USB incluido. Disfruta de tu m\u00fasica en est\u00e9reo de 5 W con cuerpo completo gracias a los dos controladores de alto rendimiento y a los graves mejorados \u00fanicos. <\/div>\n<div>[Conectividad Bluetooth 5.0 estable]: Equipado con la tecnolog\u00eda avanzada, compatible con todos los dispositivos Bluetooth. Adem\u00e1s, el tel\u00e9fono puede mostrar la energ\u00eda restante del altavoz. El altavoz se vuelve a conectar autom\u00e1ticamente al \u00faltimo dispositivo utilizado. Conecta tus dispositivos en solo 5 segundos. El altavoz de ducha se apagar\u00e1 cuando Bluetooth se desconecte durante 10 minutos, lo que ayuda a ahorrar energ\u00eda cuando la unidad se deja encendida accidentalmente.   <\/div>\n","protected":false},"excerpt":{"rendered":"<p>[Compa\u00f1ero musical impermeable]: No importa d\u00f3nde te lleve la diversi\u00f3n, Soundace S6 es un altavoz Bluetooth para exteriores preparado para todo. La protecci\u00f3n impermeable IPX7 supers segura resiste sin esfuerzo&hellip;<\/p>\n","protected":false},"featured_media":2985,"template":"","meta":[],"product_brand":[],"product_cat":[992],"product_tag":[],"class_list":{"0":"post-4628","1":"product","2":"type-product","3":"status-publish","4":"has-post-thumbnail","6":"product_cat-mejoras-en-el-hogar","7":"product_shipping_class-aerovaradero-general","9":"first","10":"instock","11":"shipping-taxable","12":"purchasable","13":"product-type-simple"},"_links":{"self":[{"href":"https:\/\/mercadohogar.ca\/es\/wp-json\/wp\/v2\/product\/4628","targetHints":{"allow":["GET"]}}],"collection":[{"href":"https:\/\/mercadohogar.ca\/es\/wp-json\/wp\/v2\/product"}],"about":[{"href":"https:\/\/mercadohogar.ca\/es\/wp-json\/wp\/v2\/types\/product"}],"version-history":[{"count":1,"href":"https:\/\/mercadohogar.ca\/es\/wp-json\/wp\/v2\/product\/4628\/revisions"}],"predecessor-version":[{"id":4781,"href":"https:\/\/mercadohogar.ca\/es\/wp-json\/wp\/v2\/product\/4628\/revisions\/4781"}],"wp:featuredmedia":[{"embeddable":true,"href":"https:\/\/mercadohogar.ca\/es\/wp-json\/wp\/v2\/media\/2985"}],"wp:attachment":[{"href":"https:\/\/mercadohogar.ca\/es\/wp-json\/wp\/v2\/media?parent=4628"}],"wp:term":[{"taxonomy":"product_brand","embeddable":true,"href":"https:\/\/mercadohogar.ca\/es\/wp-json\/wp\/v2\/product_brand?post=4628"},{"taxonomy":"product_cat","embeddable":true,"href":"https:\/\/mercadohogar.ca\/es\/wp-json\/wp\/v2\/product_cat?post=4628"},{"taxonomy":"product_tag","embeddable":true,"href":"https:\/\/mercadohogar.ca\/es\/wp-json\/wp\/v2\/product_tag?post=4628"}],"curies":[{"name":"wp","href":"https:\/\/api.w.org\/{rel}","templated":true}]}}