{"id":4637,"date":"2026-01-12T15:32:30","date_gmt":"2026-01-12T15:32:30","guid":{"rendered":"https:\/\/mercadohogar.ca\/?post_type=product&#038;p=4637"},"modified":"2026-01-17T23:13:07","modified_gmt":"2026-01-17T23:13:07","slug":"castillo-hinchable-para-ninos-con-soplador","status":"publish","type":"product","link":"https:\/\/mercadohogar.ca\/es\/product\/castillo-hinchable-para-ninos-con-soplador\/","title":{"rendered":"Castillo hinchable para ni\u00f1os con soplador"},"content":{"rendered":"<p>Una sorpresa para los ni\u00f1os: este castillo hinchable es perfecto como regalo de cumplea\u00f1os, regalo de Navidad, etc. Alegrar\u00e1 a los ni\u00f1os a la vez que les anima a desarrollar un f\u00edsico saludable. <\/p>\n<p>Recomendado para: Ni\u00f1os de 3 a 6 a\u00f1os, con capacidad para 3-4 ni\u00f1os al mismo tiempo. Puede soportar hasta 120 kg (recomendaci\u00f3n: cada ni\u00f1o debe pesar menos de 45 kg). <\/p>\n<p>Con 140 x 127 cm de espacio para saltar y 106 x 71 cm de sala de piscina de bolas, este castillo hinchable tambi\u00e9n es ideal para ni\u00f1os peque\u00f1os. Tenemos \u00abpadres primerizos\u00bb en nuestro equipo que lo han comprado para sus hijos peque\u00f1os de 1 a 3 a\u00f1os y les encanta. Solo tienes que estar ah\u00ed con el ni\u00f1o y no dejarlo solo en \u00e9l. Este podr\u00eda ser un lugar peque\u00f1o, suave y seguro para que los ni\u00f1os peque\u00f1os gateen. Cuando los ni\u00f1os crezcan un poco, lo disfrutar\u00e1n m\u00e1s cuando haya peque\u00f1os amigos saltando juntos.    <\/p>\n<p>Superficie de salto extra gruesa: Tejido Oxford 840D duradero + tejido Oxford 420D. Est\u00e1 fabricado con material seguro que cumple con la norma ASTM F963-17. Las costuras tienen doble puntada y se utiliza tejido extra grueso para que la zona de salto sea m\u00e1s resistente y duradera.  <\/p>\n<p>Accesorios incluidos: Esta casa de juegos hinchable viene con un soplador, un parche de reparaci\u00f3n, instrucciones, estacas para el c\u00e9sped y una bolsa de transporte.<\/p>\n<p>Montaje y desmontaje r\u00e1pidos: El inflado tarda menos de 2 minutos. Quitarlo tambi\u00e9n es f\u00e1cil: solo tienes que apagar el soplador, dejar que se desinfle solo y guardarlo en la bolsa de transporte. F\u00e1cil de usar y transportar.  <\/p>\n<p>Patio de juegos en el jard\u00edn: Adecuado para fiestas en interiores y exteriores \u2013 Muchos juegos divertidos \u2013 Varios espacios de juego interconectados.<\/p>\n","protected":false},"excerpt":{"rendered":"<p>Una sorpresa para los ni\u00f1os: este castillo hinchable es perfecto como regalo de cumplea\u00f1os, regalo de Navidad, etc. Alegrar\u00e1 a los ni\u00f1os a la vez que les anima a desarrollar&hellip;<\/p>\n","protected":false},"featured_media":2347,"template":"","meta":[],"product_brand":[],"product_cat":[991],"product_tag":[],"class_list":{"0":"post-4637","1":"product","2":"type-product","3":"status-publish","4":"has-post-thumbnail","6":"product_cat-pasatiempo","7":"product_shipping_class-aerovaradero-general","9":"first","10":"instock","11":"shipping-taxable","12":"purchasable","13":"product-type-simple"},"_links":{"self":[{"href":"https:\/\/mercadohogar.ca\/es\/wp-json\/wp\/v2\/product\/4637","targetHints":{"allow":["GET"]}}],"collection":[{"href":"https:\/\/mercadohogar.ca\/es\/wp-json\/wp\/v2\/product"}],"about":[{"href":"https:\/\/mercadohogar.ca\/es\/wp-json\/wp\/v2\/types\/product"}],"version-history":[{"count":1,"href":"https:\/\/mercadohogar.ca\/es\/wp-json\/wp\/v2\/product\/4637\/revisions"}],"predecessor-version":[{"id":4918,"href":"https:\/\/mercadohogar.ca\/es\/wp-json\/wp\/v2\/product\/4637\/revisions\/4918"}],"wp:featuredmedia":[{"embeddable":true,"href":"https:\/\/mercadohogar.ca\/es\/wp-json\/wp\/v2\/media\/2347"}],"wp:attachment":[{"href":"https:\/\/mercadohogar.ca\/es\/wp-json\/wp\/v2\/media?parent=4637"}],"wp:term":[{"taxonomy":"product_brand","embeddable":true,"href":"https:\/\/mercadohogar.ca\/es\/wp-json\/wp\/v2\/product_brand?post=4637"},{"taxonomy":"product_cat","embeddable":true,"href":"https:\/\/mercadohogar.ca\/es\/wp-json\/wp\/v2\/product_cat?post=4637"},{"taxonomy":"product_tag","embeddable":true,"href":"https:\/\/mercadohogar.ca\/es\/wp-json\/wp\/v2\/product_tag?post=4637"}],"curies":[{"name":"wp","href":"https:\/\/api.w.org\/{rel}","templated":true}]}}