{"id":4643,"date":"2026-01-12T15:31:54","date_gmt":"2026-01-12T15:31:54","guid":{"rendered":"https:\/\/mercadohogar.ca\/?post_type=product&#038;p=4643"},"modified":"2026-01-17T23:13:53","modified_gmt":"2026-01-17T23:13:53","slug":"hisense-40-smart-1080p","status":"publish","type":"product","link":"https:\/\/mercadohogar.ca\/es\/product\/hisense-40-smart-1080p\/","title":{"rendered":"Hisense 40&#8243; Smart 1080p"},"content":{"rendered":"<ul>\n<li>Resoluci\u00f3n FHD: Disfrute de im\u00e1genes n\u00edtidas y uniformes gracias a las pantallas FHD. Un espectro de colores vibrantes y amplios \u00e1ngulos de visi\u00f3n hacen que la visualizaci\u00f3n diaria sea un placer constante. <\/li>\n<li><span class=\"a-list-item\">Alto contraste: Disfrute del alto contraste de Hisense, donde los negros profundos y los blancos luminosos convergen, y las siluetas y los reflejos emergen con claridad. Cada escena se captura con la intensidad deseada. <\/span><\/li>\n<li><span class=\"a-list-item\">Potenciador natural del color: \u00bfAlguna vez ha notado lo apagada que se ve la naturaleza en la televisi\u00f3n? Con el potenciador natural del color, vea el c\u00e9sped m\u00e1s verde y las flores silvestres en su floraci\u00f3n m\u00e1s vibrante. Experimente la naturaleza en la pantalla como en la vida real.  <\/span><\/li>\n<li><span class=\"a-list-item\">Reducci\u00f3n de ruido: \u00bfCansado de que los v\u00eddeos granulados interrumpan su entretenimiento? La reducci\u00f3n de ruido de Hisense escanea y filtra cada fotograma, aportando una claridad excepcional tanto a las escenas de acci\u00f3n de alta velocidad como a las escenas con poca luz. Disfrute de cada detalle.  <\/span><\/li>\n<li><span class=\"a-list-item\">Potenciador de profundidad: \u00bfIncluso las escenas vibrantes le parecen planas? El potenciador de profundidad de Hisense cambia las reglas del juego. Desde bulliciosos mercados hasta paisajes serenos, crea capas realistas y detalles sorprendentes. Sum\u00e9rjase en una narrativa m\u00e1s rica.   <\/span><\/li>\n<\/ul>\n","protected":false},"excerpt":{"rendered":"<p>Resoluci\u00f3n FHD: Disfrute de im\u00e1genes n\u00edtidas y uniformes gracias a las pantallas FHD. Un espectro de colores vibrantes y amplios \u00e1ngulos de visi\u00f3n hacen que la visualizaci\u00f3n diaria sea un&hellip;<\/p>\n","protected":false},"featured_media":2600,"template":"","meta":[],"product_brand":[],"product_cat":[988],"product_tag":[],"class_list":{"0":"post-4643","1":"product","2":"type-product","3":"status-publish","4":"has-post-thumbnail","6":"product_cat-electrodomesticos","7":"product_shipping_class-aerovaradero-general","9":"first","10":"instock","11":"shipping-taxable","12":"purchasable","13":"product-type-simple"},"_links":{"self":[{"href":"https:\/\/mercadohogar.ca\/es\/wp-json\/wp\/v2\/product\/4643","targetHints":{"allow":["GET"]}}],"collection":[{"href":"https:\/\/mercadohogar.ca\/es\/wp-json\/wp\/v2\/product"}],"about":[{"href":"https:\/\/mercadohogar.ca\/es\/wp-json\/wp\/v2\/types\/product"}],"version-history":[{"count":1,"href":"https:\/\/mercadohogar.ca\/es\/wp-json\/wp\/v2\/product\/4643\/revisions"}],"predecessor-version":[{"id":4866,"href":"https:\/\/mercadohogar.ca\/es\/wp-json\/wp\/v2\/product\/4643\/revisions\/4866"}],"wp:featuredmedia":[{"embeddable":true,"href":"https:\/\/mercadohogar.ca\/es\/wp-json\/wp\/v2\/media\/2600"}],"wp:attachment":[{"href":"https:\/\/mercadohogar.ca\/es\/wp-json\/wp\/v2\/media?parent=4643"}],"wp:term":[{"taxonomy":"product_brand","embeddable":true,"href":"https:\/\/mercadohogar.ca\/es\/wp-json\/wp\/v2\/product_brand?post=4643"},{"taxonomy":"product_cat","embeddable":true,"href":"https:\/\/mercadohogar.ca\/es\/wp-json\/wp\/v2\/product_cat?post=4643"},{"taxonomy":"product_tag","embeddable":true,"href":"https:\/\/mercadohogar.ca\/es\/wp-json\/wp\/v2\/product_tag?post=4643"}],"curies":[{"name":"wp","href":"https:\/\/api.w.org\/{rel}","templated":true}]}}