{"id":4644,"date":"2026-01-12T15:31:50","date_gmt":"2026-01-12T15:31:50","guid":{"rendered":"https:\/\/mercadohogar.ca\/?post_type=product&#038;p=4644"},"modified":"2026-01-17T23:13:58","modified_gmt":"2026-01-17T23:13:58","slug":"hisense-65-qled-4k-uhd-google-tv-con-4k-ai-upscaler","status":"publish","type":"product","link":"https:\/\/mercadohogar.ca\/es\/product\/hisense-65-qled-4k-uhd-google-tv-con-4k-ai-upscaler\/","title":{"rendered":"Hisense 65 QLED 4K UHD Google TV con 4K AI Upscaler"},"content":{"rendered":"<ul>\n<li><span class=\"a-list-item\">Quantum Dot: con m\u00e1s de mil millones de tonos, el televisor Hisense Quantum Dot ULED muestra colores realistas y reproduce una paleta de colores m\u00e1s amplia con una gradaci\u00f3n hermosa, lo que eleva la calidad general de la imagen a un nivel notable con colores aut\u00e9nticos, contrastes brillantes, movimientos n\u00edtidos y detalles definidos.<\/span><\/li>\n<li><span class=\"a-list-item\">Dolby Vision Dolby Atmos: mira y escucha lo que te has estado perdiendo. Con\u00e9ctate m\u00e1s profundamente con los programas y las pel\u00edculas que te gustan cuando los ves en Dolby. Dolby crea una conexi\u00f3n m\u00e1s profunda con las historias y los personajes que te encantan y lleva tu entretenimiento a nuevas alturas cuando transmites tus programas favoritos y las mejores pel\u00edculas.  <\/span><\/li>\n<li><span class=\"a-list-item\">Smooth Motion y frecuencia de actualizaci\u00f3n nativa de 60 Hz: Smooth Motion elimina el \u00abruido\u00bb digital que puede afectar a los objetos en movimiento. La frecuencia de actualizaci\u00f3n nativa de 60 Hz del televisor es la base de su frecuencia de movimiento de 240. Estas tecnolog\u00edas funcionan en conjunto para hacer que las escenas de acci\u00f3n r\u00e1pida garanticen que los objetos en movimiento tengan un m\u00ednimo de desenfoque. Agregue VRR de hasta 60 fps y tendr\u00e1 una excelente opci\u00f3n para el jugador casual en su vida.   <\/span><\/li>\n<li><span class=\"a-list-item\">Luz ambiental adaptativa: al ajustar el contraste y el brillo autom\u00e1ticamente, el televisor convierte su espacio en un cine espectacular que puede disfrutar al m\u00e1ximo en cualquier momento del d\u00eda.<\/span><\/li>\n<li><span class=\"a-list-item\">Funciona con Alexa: este televisor funciona con Alexa a trav\u00e9s de cualquiera de sus dispositivos habilitados para Alexa. Simplemente p\u00eddale a Alexa que encienda o apague el televisor, cambie de canal y mucho m\u00e1s. <\/span><\/li>\n<\/ul>\n","protected":false},"excerpt":{"rendered":"<p>Quantum Dot: con m\u00e1s de mil millones de tonos, el televisor Hisense Quantum Dot ULED muestra colores realistas y reproduce una paleta de colores m\u00e1s amplia con una gradaci\u00f3n hermosa,&hellip;<\/p>\n","protected":false},"featured_media":2603,"template":"","meta":[],"product_brand":[],"product_cat":[988],"product_tag":[],"class_list":{"0":"post-4644","1":"product","2":"type-product","3":"status-publish","4":"has-post-thumbnail","6":"product_cat-electrodomesticos","7":"product_shipping_class-aerovaradero-general","9":"first","10":"instock","11":"shipping-taxable","12":"purchasable","13":"product-type-simple"},"_links":{"self":[{"href":"https:\/\/mercadohogar.ca\/es\/wp-json\/wp\/v2\/product\/4644","targetHints":{"allow":["GET"]}}],"collection":[{"href":"https:\/\/mercadohogar.ca\/es\/wp-json\/wp\/v2\/product"}],"about":[{"href":"https:\/\/mercadohogar.ca\/es\/wp-json\/wp\/v2\/types\/product"}],"version-history":[{"count":1,"href":"https:\/\/mercadohogar.ca\/es\/wp-json\/wp\/v2\/product\/4644\/revisions"}],"predecessor-version":[{"id":4860,"href":"https:\/\/mercadohogar.ca\/es\/wp-json\/wp\/v2\/product\/4644\/revisions\/4860"}],"wp:featuredmedia":[{"embeddable":true,"href":"https:\/\/mercadohogar.ca\/es\/wp-json\/wp\/v2\/media\/2603"}],"wp:attachment":[{"href":"https:\/\/mercadohogar.ca\/es\/wp-json\/wp\/v2\/media?parent=4644"}],"wp:term":[{"taxonomy":"product_brand","embeddable":true,"href":"https:\/\/mercadohogar.ca\/es\/wp-json\/wp\/v2\/product_brand?post=4644"},{"taxonomy":"product_cat","embeddable":true,"href":"https:\/\/mercadohogar.ca\/es\/wp-json\/wp\/v2\/product_cat?post=4644"},{"taxonomy":"product_tag","embeddable":true,"href":"https:\/\/mercadohogar.ca\/es\/wp-json\/wp\/v2\/product_tag?post=4644"}],"curies":[{"name":"wp","href":"https:\/\/api.w.org\/{rel}","templated":true}]}}